{"id":5789,"date":"2023-04-21T13:14:01","date_gmt":"2023-04-21T11:14:01","guid":{"rendered":"https:\/\/marinacoruna.es\/?post_type=product&#038;p=5789"},"modified":"2023-04-21T13:24:36","modified_gmt":"2023-04-21T11:24:36","slug":"admiral-10000","status":"publish","type":"product","link":"https:\/\/marinacoruna.es\/gl\/cabos\/admiral-10000\/","title":{"rendered":"ADMIRAL 10000"},"content":{"rendered":"<p>Admiral 10000 es un cabo con alma de SK78 de baja elasticidad y cubierta equilibrada de poli\u00e9ster\/technora que proporciona un alto agarre y resistencia al calor,<br \/>\nuna gran adherencia y resistencia al calor. Sirve como producto universal para escotas y drizas en yates de alto rendimiento.<br \/>\nyates de alto rendimiento, especialmente cuando los winches son anticuados, por lo que ofrece niveles de agarre &#8220;normales&#8221;.<\/p>\n<p>Traducci\u00f3n realizada con la versi\u00f3n gratuita del traductor www.DeepL.com\/Translator<\/p>\n","protected":false},"excerpt":{"rendered":"<p>CABO POLIVALENTE PARA YATES DE REGATA DE ALTO RENDIMIENTO<br \/>\nCabos de regata probados en Grand-Prix con cubierta de poli\u00e9ster\/technora para la mejor resistencia a la abrasi\u00f3n, f\u00e1ciles de empalmar.<\/p>\n","protected":false},"featured_media":5798,"template":"","meta":{"_et_pb_use_builder":"","_et_pb_old_content":"","_et_gb_content_width":"","pgc_sgb_lightbox_settings":"","_joinchat":[]},"product_cat":[100],"product_tag":[],"class_list":["post-5789","product","type-product","status-publish","has-post-thumbnail","hentry","product_cat-crucero"],"yoast_head":"<!-- This site is optimized with the Yoast SEO plugin v26.2 - https:\/\/yoast.com\/wordpress\/plugins\/seo\/ -->\n<title>ADMIRAL 10000 | Marina Coru\u00f1a<\/title>\n<meta name=\"robots\" content=\"index, follow, max-snippet:-1, max-image-preview:large, max-video-preview:-1\" \/>\n<link rel=\"canonical\" href=\"https:\/\/marinacoruna.es\/gl\/cabos\/admiral-10000\/\" \/>\n<meta property=\"og:locale\" content=\"gl_ES\" \/>\n<meta property=\"og:type\" content=\"article\" \/>\n<meta property=\"og:title\" content=\"ADMIRAL 10000 | Marina Coru\u00f1a\" \/>\n<meta property=\"og:description\" content=\"CABO POLIVALENTE PARA YATES DE REGATA DE ALTO RENDIMIENTO Cabos de regata probados en Grand-Prix con cubierta de poli\u00e9ster\/technora para la mejor resistencia a la abrasi\u00f3n, f\u00e1ciles de empalmar.\" \/>\n<meta property=\"og:url\" content=\"https:\/\/marinacoruna.es\/gl\/cabos\/admiral-10000\/\" \/>\n<meta property=\"og:site_name\" content=\"Marina Coru\u00f1a\" \/>\n<meta property=\"article:publisher\" content=\"https:\/\/www.facebook.com\/marinacoruna\" \/>\n<meta property=\"article:modified_time\" content=\"2023-04-21T11:24:36+00:00\" \/>\n<meta property=\"og:image\" content=\"https:\/\/marinacoruna.es\/wp-content\/uploads\/Admiral-10000-black-blue-450x450px.jpg\" \/>\n\t<meta property=\"og:image:width\" content=\"450\" \/>\n\t<meta property=\"og:image:height\" content=\"450\" \/>\n\t<meta property=\"og:image:type\" content=\"image\/jpeg\" \/>\n<meta name=\"twitter:card\" content=\"summary_large_image\" \/>\n<meta name=\"twitter:site\" content=\"@marinacoruna\" \/>\n<meta name=\"twitter:label1\" content=\"Tempo de lectura\" \/>\n\t<meta name=\"twitter:data1\" content=\"1 minuto\" \/>\n<script type=\"application\/ld+json\" class=\"yoast-schema-graph\">{\"@context\":\"https:\/\/schema.org\",\"@graph\":[{\"@type\":\"WebPage\",\"@id\":\"https:\/\/marinacoruna.es\/gl\/cabos\/admiral-10000\/\",\"url\":\"https:\/\/marinacoruna.es\/gl\/cabos\/admiral-10000\/\",\"name\":\"ADMIRAL 10000 | Marina Coru\u00f1a\",\"isPartOf\":{\"@id\":\"https:\/\/marinacoruna.es\/gl\/#website\"},\"primaryImageOfPage\":{\"@id\":\"https:\/\/marinacoruna.es\/gl\/cabos\/admiral-10000\/#primaryimage\"},\"image\":{\"@id\":\"https:\/\/marinacoruna.es\/gl\/cabos\/admiral-10000\/#primaryimage\"},\"thumbnailUrl\":\"https:\/\/marinacoruna.es\/wp-content\/uploads\/Admiral-10000-black-blue-450x450px.jpg\",\"datePublished\":\"2023-04-21T11:14:01+00:00\",\"dateModified\":\"2023-04-21T11:24:36+00:00\",\"breadcrumb\":{\"@id\":\"https:\/\/marinacoruna.es\/gl\/cabos\/admiral-10000\/#breadcrumb\"},\"inLanguage\":\"gl-ES\",\"potentialAction\":[{\"@type\":\"ReadAction\",\"target\":[\"https:\/\/marinacoruna.es\/gl\/cabos\/admiral-10000\/\"]}]},{\"@type\":\"ImageObject\",\"inLanguage\":\"gl-ES\",\"@id\":\"https:\/\/marinacoruna.es\/gl\/cabos\/admiral-10000\/#primaryimage\",\"url\":\"https:\/\/marinacoruna.es\/wp-content\/uploads\/Admiral-10000-black-blue-450x450px.jpg\",\"contentUrl\":\"https:\/\/marinacoruna.es\/wp-content\/uploads\/Admiral-10000-black-blue-450x450px.jpg\",\"width\":450,\"height\":450},{\"@type\":\"BreadcrumbList\",\"@id\":\"https:\/\/marinacoruna.es\/gl\/cabos\/admiral-10000\/#breadcrumb\",\"itemListElement\":[{\"@type\":\"ListItem\",\"position\":1,\"name\":\"Portada\",\"item\":\"https:\/\/marinacoruna.es\/gl\/\"},{\"@type\":\"ListItem\",\"position\":2,\"name\":\"Cabos\",\"item\":\"https:\/\/marinacoruna.es\/gl\/cabos\/\"},{\"@type\":\"ListItem\",\"position\":3,\"name\":\"ADMIRAL 10000\"}]},{\"@type\":\"WebSite\",\"@id\":\"https:\/\/marinacoruna.es\/gl\/#website\",\"url\":\"https:\/\/marinacoruna.es\/gl\/\",\"name\":\"Marina Coru\u00f1a\",\"description\":\"Puerto deportivo en el Mar Cant\u00e1brico, amarres, varadero y taller en Galicia, Espa\u00f1a\",\"publisher\":{\"@id\":\"https:\/\/marinacoruna.es\/gl\/#organization\"},\"alternateName\":\"Marinacoruna\",\"potentialAction\":[{\"@type\":\"SearchAction\",\"target\":{\"@type\":\"EntryPoint\",\"urlTemplate\":\"https:\/\/marinacoruna.es\/gl\/?s={search_term_string}\"},\"query-input\":{\"@type\":\"PropertyValueSpecification\",\"valueRequired\":true,\"valueName\":\"search_term_string\"}}],\"inLanguage\":\"gl-ES\"},{\"@type\":\"Organization\",\"@id\":\"https:\/\/marinacoruna.es\/gl\/#organization\",\"name\":\"Marina Coru\u00f1a\",\"alternateName\":\"Marinacoruna\",\"url\":\"https:\/\/marinacoruna.es\/gl\/\",\"logo\":{\"@type\":\"ImageObject\",\"inLanguage\":\"gl-ES\",\"@id\":\"https:\/\/marinacoruna.es\/gl\/#\/schema\/logo\/image\/\",\"url\":\"https:\/\/marinacoruna.es\/wp-content\/uploads\/favicon.png\",\"contentUrl\":\"https:\/\/marinacoruna.es\/wp-content\/uploads\/favicon.png\",\"width\":512,\"height\":512,\"caption\":\"Marina Coru\u00f1a\"},\"image\":{\"@id\":\"https:\/\/marinacoruna.es\/gl\/#\/schema\/logo\/image\/\"},\"sameAs\":[\"https:\/\/www.facebook.com\/marinacoruna\",\"https:\/\/x.com\/marinacoruna\",\"https:\/\/www.instagram.com\/marinacoruna\/\"]}]}<\/script>\n<!-- \/ Yoast SEO plugin. -->","yoast_head_json":{"title":"ADMIRAL 10000 | Marina Coru\u00f1a","robots":{"index":"index","follow":"follow","max-snippet":"max-snippet:-1","max-image-preview":"max-image-preview:large","max-video-preview":"max-video-preview:-1"},"canonical":"https:\/\/marinacoruna.es\/gl\/cabos\/admiral-10000\/","og_locale":"gl_ES","og_type":"article","og_title":"ADMIRAL 10000 | Marina Coru\u00f1a","og_description":"CABO POLIVALENTE PARA YATES DE REGATA DE ALTO RENDIMIENTO Cabos de regata probados en Grand-Prix con cubierta de poli\u00e9ster\/technora para la mejor resistencia a la abrasi\u00f3n, f\u00e1ciles de empalmar.","og_url":"https:\/\/marinacoruna.es\/gl\/cabos\/admiral-10000\/","og_site_name":"Marina Coru\u00f1a","article_publisher":"https:\/\/www.facebook.com\/marinacoruna","article_modified_time":"2023-04-21T11:24:36+00:00","og_image":[{"width":450,"height":450,"url":"https:\/\/marinacoruna.es\/wp-content\/uploads\/Admiral-10000-black-blue-450x450px.jpg","type":"image\/jpeg"}],"twitter_card":"summary_large_image","twitter_site":"@marinacoruna","twitter_misc":{"Tempo de lectura":"1 minuto"},"schema":{"@context":"https:\/\/schema.org","@graph":[{"@type":"WebPage","@id":"https:\/\/marinacoruna.es\/gl\/cabos\/admiral-10000\/","url":"https:\/\/marinacoruna.es\/gl\/cabos\/admiral-10000\/","name":"ADMIRAL 10000 | Marina Coru\u00f1a","isPartOf":{"@id":"https:\/\/marinacoruna.es\/gl\/#website"},"primaryImageOfPage":{"@id":"https:\/\/marinacoruna.es\/gl\/cabos\/admiral-10000\/#primaryimage"},"image":{"@id":"https:\/\/marinacoruna.es\/gl\/cabos\/admiral-10000\/#primaryimage"},"thumbnailUrl":"https:\/\/marinacoruna.es\/wp-content\/uploads\/Admiral-10000-black-blue-450x450px.jpg","datePublished":"2023-04-21T11:14:01+00:00","dateModified":"2023-04-21T11:24:36+00:00","breadcrumb":{"@id":"https:\/\/marinacoruna.es\/gl\/cabos\/admiral-10000\/#breadcrumb"},"inLanguage":"gl-ES","potentialAction":[{"@type":"ReadAction","target":["https:\/\/marinacoruna.es\/gl\/cabos\/admiral-10000\/"]}]},{"@type":"ImageObject","inLanguage":"gl-ES","@id":"https:\/\/marinacoruna.es\/gl\/cabos\/admiral-10000\/#primaryimage","url":"https:\/\/marinacoruna.es\/wp-content\/uploads\/Admiral-10000-black-blue-450x450px.jpg","contentUrl":"https:\/\/marinacoruna.es\/wp-content\/uploads\/Admiral-10000-black-blue-450x450px.jpg","width":450,"height":450},{"@type":"BreadcrumbList","@id":"https:\/\/marinacoruna.es\/gl\/cabos\/admiral-10000\/#breadcrumb","itemListElement":[{"@type":"ListItem","position":1,"name":"Portada","item":"https:\/\/marinacoruna.es\/gl\/"},{"@type":"ListItem","position":2,"name":"Cabos","item":"https:\/\/marinacoruna.es\/gl\/cabos\/"},{"@type":"ListItem","position":3,"name":"ADMIRAL 10000"}]},{"@type":"WebSite","@id":"https:\/\/marinacoruna.es\/gl\/#website","url":"https:\/\/marinacoruna.es\/gl\/","name":"Marina Coru\u00f1a","description":"Puerto deportivo en el Mar Cant\u00e1brico, amarres, varadero y taller en Galicia, Espa\u00f1a","publisher":{"@id":"https:\/\/marinacoruna.es\/gl\/#organization"},"alternateName":"Marinacoruna","potentialAction":[{"@type":"SearchAction","target":{"@type":"EntryPoint","urlTemplate":"https:\/\/marinacoruna.es\/gl\/?s={search_term_string}"},"query-input":{"@type":"PropertyValueSpecification","valueRequired":true,"valueName":"search_term_string"}}],"inLanguage":"gl-ES"},{"@type":"Organization","@id":"https:\/\/marinacoruna.es\/gl\/#organization","name":"Marina Coru\u00f1a","alternateName":"Marinacoruna","url":"https:\/\/marinacoruna.es\/gl\/","logo":{"@type":"ImageObject","inLanguage":"gl-ES","@id":"https:\/\/marinacoruna.es\/gl\/#\/schema\/logo\/image\/","url":"https:\/\/marinacoruna.es\/wp-content\/uploads\/favicon.png","contentUrl":"https:\/\/marinacoruna.es\/wp-content\/uploads\/favicon.png","width":512,"height":512,"caption":"Marina Coru\u00f1a"},"image":{"@id":"https:\/\/marinacoruna.es\/gl\/#\/schema\/logo\/image\/"},"sameAs":["https:\/\/www.facebook.com\/marinacoruna","https:\/\/x.com\/marinacoruna","https:\/\/www.instagram.com\/marinacoruna\/"]}]}},"_links":{"self":[{"href":"https:\/\/marinacoruna.es\/gl\/wp-json\/wp\/v2\/product\/5789","targetHints":{"allow":["GET"]}}],"collection":[{"href":"https:\/\/marinacoruna.es\/gl\/wp-json\/wp\/v2\/product"}],"about":[{"href":"https:\/\/marinacoruna.es\/gl\/wp-json\/wp\/v2\/types\/product"}],"wp:featuredmedia":[{"embeddable":true,"href":"https:\/\/marinacoruna.es\/gl\/wp-json\/wp\/v2\/media\/5798"}],"wp:attachment":[{"href":"https:\/\/marinacoruna.es\/gl\/wp-json\/wp\/v2\/media?parent=5789"}],"wp:term":[{"taxonomy":"product_cat","embeddable":true,"href":"https:\/\/marinacoruna.es\/gl\/wp-json\/wp\/v2\/product_cat?post=5789"},{"taxonomy":"product_tag","embeddable":true,"href":"https:\/\/marinacoruna.es\/gl\/wp-json\/wp\/v2\/product_tag?post=5789"}],"curies":[{"name":"wp","href":"https:\/\/api.w.org\/{rel}","templated":true}]}}