{"id":5766,"date":"2023-04-20T12:33:54","date_gmt":"2023-04-20T10:33:54","guid":{"rendered":"https:\/\/marinacoruna.es\/?post_type=product&#038;p=5766"},"modified":"2023-04-21T14:46:59","modified_gmt":"2023-04-21T12:46:59","slug":"globe-5000-mk3","status":"publish","type":"product","link":"https:\/\/marinacoruna.es\/gl\/cabos\/globe-5000-mk3\/","title":{"rendered":"Globe 5000 MK3"},"content":{"rendered":"<p>El Globe 5000 MK3 es un cabo con unas caracter\u00edsticas pr\u00e1cticamente equiparables a un cabo para regatas de altura. Destaca por su elevada resistencia al roce y su gran carga de trabajo. Es f\u00e1cil de trenzar y su alma puede desenfundarse. Los colores proporcionan al Globe 5000 MK3 un dise\u00f1o moderno y facilitan su identificaci\u00f3n.<\/p>\n<p>La funda del Globe 5000 MK3 est\u00e1 fabricado en poli\u00e9ster de 24\u00a0cordones y el alma en Dyneema\u00ae, que garantiza un m\u00ednimo estiramiento y una m\u00e1xima resistencia..<\/p>\n","protected":false},"excerpt":{"rendered":"<h5><strong>M\u00e1ximo rendimiento como driza y como escota<\/strong><\/h5>\n<p>El Globe 5000 MK3 es la versi\u00f3n m\u00e1s actualizada y mejorada de la linea Globe. La funda de 24 cordones est\u00e1 fabricada en poli\u00e9ster de la m\u00e1xima calidad y el alma en Dyneema\u00ae con tratamiento SYIS que permite desenfundar el cabo.<\/p>\n","protected":false},"featured_media":5806,"template":"","meta":{"_et_pb_use_builder":"","_et_pb_old_content":"","_et_gb_content_width":"","pgc_sgb_lightbox_settings":"","_joinchat":[]},"product_cat":[100,99],"product_tag":[],"class_list":["post-5766","product","type-product","status-publish","has-post-thumbnail","hentry","product_cat-crucero","product_cat-regata"],"yoast_head":"<!-- This site is optimized with the Yoast SEO plugin v26.2 - https:\/\/yoast.com\/wordpress\/plugins\/seo\/ -->\n<title>Globe 5000 MK3 | Marina Coru\u00f1a<\/title>\n<meta name=\"robots\" content=\"index, follow, max-snippet:-1, max-image-preview:large, max-video-preview:-1\" \/>\n<link rel=\"canonical\" href=\"https:\/\/marinacoruna.es\/gl\/cabos\/globe-5000-mk3\/\" \/>\n<meta property=\"og:locale\" content=\"gl_ES\" \/>\n<meta property=\"og:type\" content=\"article\" \/>\n<meta property=\"og:title\" content=\"Globe 5000 MK3 | Marina Coru\u00f1a\" \/>\n<meta property=\"og:description\" content=\"M\u00e1ximo rendimiento como driza y como escota El Globe 5000 MK3 es la versi\u00f3n m\u00e1s actualizada y mejorada de la linea Globe. La funda de 24 cordones est\u00e1 fabricada en poli\u00e9ster de la m\u00e1xima calidad y el alma en Dyneema\u00ae con tratamiento SYIS que permite desenfundar el cabo.\" \/>\n<meta property=\"og:url\" content=\"https:\/\/marinacoruna.es\/gl\/cabos\/globe-5000-mk3\/\" \/>\n<meta property=\"og:site_name\" content=\"Marina Coru\u00f1a\" \/>\n<meta property=\"article:publisher\" content=\"https:\/\/www.facebook.com\/marinacoruna\" \/>\n<meta property=\"article:modified_time\" content=\"2023-04-21T12:46:59+00:00\" \/>\n<meta property=\"og:image\" content=\"https:\/\/marinacoruna.es\/wp-content\/uploads\/globe-5000-mk3-2.jpg\" \/>\n\t<meta property=\"og:image:width\" content=\"458\" \/>\n\t<meta property=\"og:image:height\" content=\"458\" \/>\n\t<meta property=\"og:image:type\" content=\"image\/jpeg\" \/>\n<meta name=\"twitter:card\" content=\"summary_large_image\" \/>\n<meta name=\"twitter:site\" content=\"@marinacoruna\" \/>\n<meta name=\"twitter:label1\" content=\"Tempo de lectura\" \/>\n\t<meta name=\"twitter:data1\" content=\"1 minuto\" \/>\n<script type=\"application\/ld+json\" class=\"yoast-schema-graph\">{\"@context\":\"https:\/\/schema.org\",\"@graph\":[{\"@type\":\"WebPage\",\"@id\":\"https:\/\/marinacoruna.es\/gl\/cabos\/globe-5000-mk3\/\",\"url\":\"https:\/\/marinacoruna.es\/gl\/cabos\/globe-5000-mk3\/\",\"name\":\"Globe 5000 MK3 | Marina Coru\u00f1a\",\"isPartOf\":{\"@id\":\"https:\/\/marinacoruna.es\/gl\/#website\"},\"primaryImageOfPage\":{\"@id\":\"https:\/\/marinacoruna.es\/gl\/cabos\/globe-5000-mk3\/#primaryimage\"},\"image\":{\"@id\":\"https:\/\/marinacoruna.es\/gl\/cabos\/globe-5000-mk3\/#primaryimage\"},\"thumbnailUrl\":\"https:\/\/marinacoruna.es\/wp-content\/uploads\/globe-5000-mk3-2.jpg\",\"datePublished\":\"2023-04-20T10:33:54+00:00\",\"dateModified\":\"2023-04-21T12:46:59+00:00\",\"breadcrumb\":{\"@id\":\"https:\/\/marinacoruna.es\/gl\/cabos\/globe-5000-mk3\/#breadcrumb\"},\"inLanguage\":\"gl-ES\",\"potentialAction\":[{\"@type\":\"ReadAction\",\"target\":[\"https:\/\/marinacoruna.es\/gl\/cabos\/globe-5000-mk3\/\"]}]},{\"@type\":\"ImageObject\",\"inLanguage\":\"gl-ES\",\"@id\":\"https:\/\/marinacoruna.es\/gl\/cabos\/globe-5000-mk3\/#primaryimage\",\"url\":\"https:\/\/marinacoruna.es\/wp-content\/uploads\/globe-5000-mk3-2.jpg\",\"contentUrl\":\"https:\/\/marinacoruna.es\/wp-content\/uploads\/globe-5000-mk3-2.jpg\",\"width\":458,\"height\":458},{\"@type\":\"BreadcrumbList\",\"@id\":\"https:\/\/marinacoruna.es\/gl\/cabos\/globe-5000-mk3\/#breadcrumb\",\"itemListElement\":[{\"@type\":\"ListItem\",\"position\":1,\"name\":\"Portada\",\"item\":\"https:\/\/marinacoruna.es\/gl\/\"},{\"@type\":\"ListItem\",\"position\":2,\"name\":\"Cabos\",\"item\":\"https:\/\/marinacoruna.es\/gl\/cabos\/\"},{\"@type\":\"ListItem\",\"position\":3,\"name\":\"Globe 5000 MK3\"}]},{\"@type\":\"WebSite\",\"@id\":\"https:\/\/marinacoruna.es\/gl\/#website\",\"url\":\"https:\/\/marinacoruna.es\/gl\/\",\"name\":\"Marina Coru\u00f1a\",\"description\":\"Puerto deportivo en el Mar Cant\u00e1brico, amarres, varadero y taller en Galicia, Espa\u00f1a\",\"publisher\":{\"@id\":\"https:\/\/marinacoruna.es\/gl\/#organization\"},\"alternateName\":\"Marinacoruna\",\"potentialAction\":[{\"@type\":\"SearchAction\",\"target\":{\"@type\":\"EntryPoint\",\"urlTemplate\":\"https:\/\/marinacoruna.es\/gl\/?s={search_term_string}\"},\"query-input\":{\"@type\":\"PropertyValueSpecification\",\"valueRequired\":true,\"valueName\":\"search_term_string\"}}],\"inLanguage\":\"gl-ES\"},{\"@type\":\"Organization\",\"@id\":\"https:\/\/marinacoruna.es\/gl\/#organization\",\"name\":\"Marina Coru\u00f1a\",\"alternateName\":\"Marinacoruna\",\"url\":\"https:\/\/marinacoruna.es\/gl\/\",\"logo\":{\"@type\":\"ImageObject\",\"inLanguage\":\"gl-ES\",\"@id\":\"https:\/\/marinacoruna.es\/gl\/#\/schema\/logo\/image\/\",\"url\":\"https:\/\/marinacoruna.es\/wp-content\/uploads\/favicon.png\",\"contentUrl\":\"https:\/\/marinacoruna.es\/wp-content\/uploads\/favicon.png\",\"width\":512,\"height\":512,\"caption\":\"Marina Coru\u00f1a\"},\"image\":{\"@id\":\"https:\/\/marinacoruna.es\/gl\/#\/schema\/logo\/image\/\"},\"sameAs\":[\"https:\/\/www.facebook.com\/marinacoruna\",\"https:\/\/x.com\/marinacoruna\",\"https:\/\/www.instagram.com\/marinacoruna\/\"]}]}<\/script>\n<!-- \/ Yoast SEO plugin. -->","yoast_head_json":{"title":"Globe 5000 MK3 | Marina Coru\u00f1a","robots":{"index":"index","follow":"follow","max-snippet":"max-snippet:-1","max-image-preview":"max-image-preview:large","max-video-preview":"max-video-preview:-1"},"canonical":"https:\/\/marinacoruna.es\/gl\/cabos\/globe-5000-mk3\/","og_locale":"gl_ES","og_type":"article","og_title":"Globe 5000 MK3 | Marina Coru\u00f1a","og_description":"M\u00e1ximo rendimiento como driza y como escota El Globe 5000 MK3 es la versi\u00f3n m\u00e1s actualizada y mejorada de la linea Globe. La funda de 24 cordones est\u00e1 fabricada en poli\u00e9ster de la m\u00e1xima calidad y el alma en Dyneema\u00ae con tratamiento SYIS que permite desenfundar el cabo.","og_url":"https:\/\/marinacoruna.es\/gl\/cabos\/globe-5000-mk3\/","og_site_name":"Marina Coru\u00f1a","article_publisher":"https:\/\/www.facebook.com\/marinacoruna","article_modified_time":"2023-04-21T12:46:59+00:00","og_image":[{"width":458,"height":458,"url":"https:\/\/marinacoruna.es\/wp-content\/uploads\/globe-5000-mk3-2.jpg","type":"image\/jpeg"}],"twitter_card":"summary_large_image","twitter_site":"@marinacoruna","twitter_misc":{"Tempo de lectura":"1 minuto"},"schema":{"@context":"https:\/\/schema.org","@graph":[{"@type":"WebPage","@id":"https:\/\/marinacoruna.es\/gl\/cabos\/globe-5000-mk3\/","url":"https:\/\/marinacoruna.es\/gl\/cabos\/globe-5000-mk3\/","name":"Globe 5000 MK3 | Marina Coru\u00f1a","isPartOf":{"@id":"https:\/\/marinacoruna.es\/gl\/#website"},"primaryImageOfPage":{"@id":"https:\/\/marinacoruna.es\/gl\/cabos\/globe-5000-mk3\/#primaryimage"},"image":{"@id":"https:\/\/marinacoruna.es\/gl\/cabos\/globe-5000-mk3\/#primaryimage"},"thumbnailUrl":"https:\/\/marinacoruna.es\/wp-content\/uploads\/globe-5000-mk3-2.jpg","datePublished":"2023-04-20T10:33:54+00:00","dateModified":"2023-04-21T12:46:59+00:00","breadcrumb":{"@id":"https:\/\/marinacoruna.es\/gl\/cabos\/globe-5000-mk3\/#breadcrumb"},"inLanguage":"gl-ES","potentialAction":[{"@type":"ReadAction","target":["https:\/\/marinacoruna.es\/gl\/cabos\/globe-5000-mk3\/"]}]},{"@type":"ImageObject","inLanguage":"gl-ES","@id":"https:\/\/marinacoruna.es\/gl\/cabos\/globe-5000-mk3\/#primaryimage","url":"https:\/\/marinacoruna.es\/wp-content\/uploads\/globe-5000-mk3-2.jpg","contentUrl":"https:\/\/marinacoruna.es\/wp-content\/uploads\/globe-5000-mk3-2.jpg","width":458,"height":458},{"@type":"BreadcrumbList","@id":"https:\/\/marinacoruna.es\/gl\/cabos\/globe-5000-mk3\/#breadcrumb","itemListElement":[{"@type":"ListItem","position":1,"name":"Portada","item":"https:\/\/marinacoruna.es\/gl\/"},{"@type":"ListItem","position":2,"name":"Cabos","item":"https:\/\/marinacoruna.es\/gl\/cabos\/"},{"@type":"ListItem","position":3,"name":"Globe 5000 MK3"}]},{"@type":"WebSite","@id":"https:\/\/marinacoruna.es\/gl\/#website","url":"https:\/\/marinacoruna.es\/gl\/","name":"Marina Coru\u00f1a","description":"Puerto deportivo en el Mar Cant\u00e1brico, amarres, varadero y taller en Galicia, Espa\u00f1a","publisher":{"@id":"https:\/\/marinacoruna.es\/gl\/#organization"},"alternateName":"Marinacoruna","potentialAction":[{"@type":"SearchAction","target":{"@type":"EntryPoint","urlTemplate":"https:\/\/marinacoruna.es\/gl\/?s={search_term_string}"},"query-input":{"@type":"PropertyValueSpecification","valueRequired":true,"valueName":"search_term_string"}}],"inLanguage":"gl-ES"},{"@type":"Organization","@id":"https:\/\/marinacoruna.es\/gl\/#organization","name":"Marina Coru\u00f1a","alternateName":"Marinacoruna","url":"https:\/\/marinacoruna.es\/gl\/","logo":{"@type":"ImageObject","inLanguage":"gl-ES","@id":"https:\/\/marinacoruna.es\/gl\/#\/schema\/logo\/image\/","url":"https:\/\/marinacoruna.es\/wp-content\/uploads\/favicon.png","contentUrl":"https:\/\/marinacoruna.es\/wp-content\/uploads\/favicon.png","width":512,"height":512,"caption":"Marina Coru\u00f1a"},"image":{"@id":"https:\/\/marinacoruna.es\/gl\/#\/schema\/logo\/image\/"},"sameAs":["https:\/\/www.facebook.com\/marinacoruna","https:\/\/x.com\/marinacoruna","https:\/\/www.instagram.com\/marinacoruna\/"]}]}},"_links":{"self":[{"href":"https:\/\/marinacoruna.es\/gl\/wp-json\/wp\/v2\/product\/5766","targetHints":{"allow":["GET"]}}],"collection":[{"href":"https:\/\/marinacoruna.es\/gl\/wp-json\/wp\/v2\/product"}],"about":[{"href":"https:\/\/marinacoruna.es\/gl\/wp-json\/wp\/v2\/types\/product"}],"wp:featuredmedia":[{"embeddable":true,"href":"https:\/\/marinacoruna.es\/gl\/wp-json\/wp\/v2\/media\/5806"}],"wp:attachment":[{"href":"https:\/\/marinacoruna.es\/gl\/wp-json\/wp\/v2\/media?parent=5766"}],"wp:term":[{"taxonomy":"product_cat","embeddable":true,"href":"https:\/\/marinacoruna.es\/gl\/wp-json\/wp\/v2\/product_cat?post=5766"},{"taxonomy":"product_tag","embeddable":true,"href":"https:\/\/marinacoruna.es\/gl\/wp-json\/wp\/v2\/product_tag?post=5766"}],"curies":[{"name":"wp","href":"https:\/\/api.w.org\/{rel}","templated":true}]}}