{"id":5668,"date":"2023-04-12T18:22:47","date_gmt":"2023-04-12T16:22:47","guid":{"rendered":"https:\/\/marinacoruna.es\/?post_type=product&#038;p=5668"},"modified":"2023-04-12T18:52:00","modified_gmt":"2023-04-12T16:52:00","slug":"dinghy-sheet","status":"publish","type":"product","link":"https:\/\/marinacoruna.es\/gl\/cabos\/dinghy-sheet\/","title":{"rendered":"DINGHY SHEET"},"content":{"rendered":"<p>La escota Dinghy de Robline es la escota sin pliegues de los campeones ol\u00edmpicos.<\/p>\n","protected":false},"excerpt":{"rendered":"<p>ESCOTA POLIVALENTE PARA EMBARCACIONES PEQUE\u00d1AS Y MEDIANAS<\/p>\n","protected":false},"featured_media":5671,"template":"","meta":{"_et_pb_use_builder":"","_et_pb_old_content":"","_et_gb_content_width":"","pgc_sgb_lightbox_settings":"","_joinchat":[]},"product_cat":[101],"product_tag":[],"class_list":["post-5668","product","type-product","status-publish","has-post-thumbnail","hentry","product_cat-velaligera"],"yoast_head":"<!-- This site is optimized with the Yoast SEO plugin v26.2 - https:\/\/yoast.com\/wordpress\/plugins\/seo\/ -->\n<title>DINGHY SHEET | Marina Coru\u00f1a<\/title>\n<meta name=\"robots\" content=\"index, follow, max-snippet:-1, max-image-preview:large, max-video-preview:-1\" \/>\n<link rel=\"canonical\" href=\"https:\/\/marinacoruna.es\/gl\/cabos\/dinghy-sheet\/\" \/>\n<meta property=\"og:locale\" content=\"gl_ES\" \/>\n<meta property=\"og:type\" content=\"article\" \/>\n<meta property=\"og:title\" content=\"DINGHY SHEET | Marina Coru\u00f1a\" \/>\n<meta property=\"og:description\" content=\"ESCOTA POLIVALENTE PARA EMBARCACIONES PEQUE\u00d1AS Y MEDIANAS\" \/>\n<meta property=\"og:url\" content=\"https:\/\/marinacoruna.es\/gl\/cabos\/dinghy-sheet\/\" \/>\n<meta property=\"og:site_name\" content=\"Marina Coru\u00f1a\" \/>\n<meta property=\"article:publisher\" content=\"https:\/\/www.facebook.com\/marinacoruna\" \/>\n<meta property=\"article:modified_time\" content=\"2023-04-12T16:52:00+00:00\" \/>\n<meta property=\"og:image\" content=\"https:\/\/marinacoruna.es\/wp-content\/uploads\/Dinghy-Sheet-450x450px.jpg\" \/>\n\t<meta property=\"og:image:width\" content=\"450\" \/>\n\t<meta property=\"og:image:height\" content=\"450\" \/>\n\t<meta property=\"og:image:type\" content=\"image\/jpeg\" \/>\n<meta name=\"twitter:card\" content=\"summary_large_image\" \/>\n<meta name=\"twitter:site\" content=\"@marinacoruna\" \/>\n<meta name=\"twitter:label1\" content=\"Tempo de lectura\" \/>\n\t<meta name=\"twitter:data1\" content=\"1 minuto\" \/>\n<script type=\"application\/ld+json\" class=\"yoast-schema-graph\">{\"@context\":\"https:\/\/schema.org\",\"@graph\":[{\"@type\":\"WebPage\",\"@id\":\"https:\/\/marinacoruna.es\/gl\/cabos\/dinghy-sheet\/\",\"url\":\"https:\/\/marinacoruna.es\/gl\/cabos\/dinghy-sheet\/\",\"name\":\"DINGHY SHEET | Marina Coru\u00f1a\",\"isPartOf\":{\"@id\":\"https:\/\/marinacoruna.es\/gl\/#website\"},\"primaryImageOfPage\":{\"@id\":\"https:\/\/marinacoruna.es\/gl\/cabos\/dinghy-sheet\/#primaryimage\"},\"image\":{\"@id\":\"https:\/\/marinacoruna.es\/gl\/cabos\/dinghy-sheet\/#primaryimage\"},\"thumbnailUrl\":\"https:\/\/marinacoruna.es\/wp-content\/uploads\/Dinghy-Sheet-450x450px.jpg\",\"datePublished\":\"2023-04-12T16:22:47+00:00\",\"dateModified\":\"2023-04-12T16:52:00+00:00\",\"breadcrumb\":{\"@id\":\"https:\/\/marinacoruna.es\/gl\/cabos\/dinghy-sheet\/#breadcrumb\"},\"inLanguage\":\"gl-ES\",\"potentialAction\":[{\"@type\":\"ReadAction\",\"target\":[\"https:\/\/marinacoruna.es\/gl\/cabos\/dinghy-sheet\/\"]}]},{\"@type\":\"ImageObject\",\"inLanguage\":\"gl-ES\",\"@id\":\"https:\/\/marinacoruna.es\/gl\/cabos\/dinghy-sheet\/#primaryimage\",\"url\":\"https:\/\/marinacoruna.es\/wp-content\/uploads\/Dinghy-Sheet-450x450px.jpg\",\"contentUrl\":\"https:\/\/marinacoruna.es\/wp-content\/uploads\/Dinghy-Sheet-450x450px.jpg\",\"width\":450,\"height\":450},{\"@type\":\"BreadcrumbList\",\"@id\":\"https:\/\/marinacoruna.es\/gl\/cabos\/dinghy-sheet\/#breadcrumb\",\"itemListElement\":[{\"@type\":\"ListItem\",\"position\":1,\"name\":\"Portada\",\"item\":\"https:\/\/marinacoruna.es\/gl\/\"},{\"@type\":\"ListItem\",\"position\":2,\"name\":\"Cabos\",\"item\":\"https:\/\/marinacoruna.es\/gl\/cabos\/\"},{\"@type\":\"ListItem\",\"position\":3,\"name\":\"DINGHY SHEET\"}]},{\"@type\":\"WebSite\",\"@id\":\"https:\/\/marinacoruna.es\/gl\/#website\",\"url\":\"https:\/\/marinacoruna.es\/gl\/\",\"name\":\"Marina Coru\u00f1a\",\"description\":\"Puerto deportivo en el Mar Cant\u00e1brico, amarres, varadero y taller en Galicia, Espa\u00f1a\",\"publisher\":{\"@id\":\"https:\/\/marinacoruna.es\/gl\/#organization\"},\"alternateName\":\"Marinacoruna\",\"potentialAction\":[{\"@type\":\"SearchAction\",\"target\":{\"@type\":\"EntryPoint\",\"urlTemplate\":\"https:\/\/marinacoruna.es\/gl\/?s={search_term_string}\"},\"query-input\":{\"@type\":\"PropertyValueSpecification\",\"valueRequired\":true,\"valueName\":\"search_term_string\"}}],\"inLanguage\":\"gl-ES\"},{\"@type\":\"Organization\",\"@id\":\"https:\/\/marinacoruna.es\/gl\/#organization\",\"name\":\"Marina Coru\u00f1a\",\"alternateName\":\"Marinacoruna\",\"url\":\"https:\/\/marinacoruna.es\/gl\/\",\"logo\":{\"@type\":\"ImageObject\",\"inLanguage\":\"gl-ES\",\"@id\":\"https:\/\/marinacoruna.es\/gl\/#\/schema\/logo\/image\/\",\"url\":\"https:\/\/marinacoruna.es\/wp-content\/uploads\/favicon.png\",\"contentUrl\":\"https:\/\/marinacoruna.es\/wp-content\/uploads\/favicon.png\",\"width\":512,\"height\":512,\"caption\":\"Marina Coru\u00f1a\"},\"image\":{\"@id\":\"https:\/\/marinacoruna.es\/gl\/#\/schema\/logo\/image\/\"},\"sameAs\":[\"https:\/\/www.facebook.com\/marinacoruna\",\"https:\/\/x.com\/marinacoruna\",\"https:\/\/www.instagram.com\/marinacoruna\/\"]}]}<\/script>\n<!-- \/ Yoast SEO plugin. -->","yoast_head_json":{"title":"DINGHY SHEET | Marina Coru\u00f1a","robots":{"index":"index","follow":"follow","max-snippet":"max-snippet:-1","max-image-preview":"max-image-preview:large","max-video-preview":"max-video-preview:-1"},"canonical":"https:\/\/marinacoruna.es\/gl\/cabos\/dinghy-sheet\/","og_locale":"gl_ES","og_type":"article","og_title":"DINGHY SHEET | Marina Coru\u00f1a","og_description":"ESCOTA POLIVALENTE PARA EMBARCACIONES PEQUE\u00d1AS Y MEDIANAS","og_url":"https:\/\/marinacoruna.es\/gl\/cabos\/dinghy-sheet\/","og_site_name":"Marina Coru\u00f1a","article_publisher":"https:\/\/www.facebook.com\/marinacoruna","article_modified_time":"2023-04-12T16:52:00+00:00","og_image":[{"width":450,"height":450,"url":"https:\/\/marinacoruna.es\/wp-content\/uploads\/Dinghy-Sheet-450x450px.jpg","type":"image\/jpeg"}],"twitter_card":"summary_large_image","twitter_site":"@marinacoruna","twitter_misc":{"Tempo de lectura":"1 minuto"},"schema":{"@context":"https:\/\/schema.org","@graph":[{"@type":"WebPage","@id":"https:\/\/marinacoruna.es\/gl\/cabos\/dinghy-sheet\/","url":"https:\/\/marinacoruna.es\/gl\/cabos\/dinghy-sheet\/","name":"DINGHY SHEET | Marina Coru\u00f1a","isPartOf":{"@id":"https:\/\/marinacoruna.es\/gl\/#website"},"primaryImageOfPage":{"@id":"https:\/\/marinacoruna.es\/gl\/cabos\/dinghy-sheet\/#primaryimage"},"image":{"@id":"https:\/\/marinacoruna.es\/gl\/cabos\/dinghy-sheet\/#primaryimage"},"thumbnailUrl":"https:\/\/marinacoruna.es\/wp-content\/uploads\/Dinghy-Sheet-450x450px.jpg","datePublished":"2023-04-12T16:22:47+00:00","dateModified":"2023-04-12T16:52:00+00:00","breadcrumb":{"@id":"https:\/\/marinacoruna.es\/gl\/cabos\/dinghy-sheet\/#breadcrumb"},"inLanguage":"gl-ES","potentialAction":[{"@type":"ReadAction","target":["https:\/\/marinacoruna.es\/gl\/cabos\/dinghy-sheet\/"]}]},{"@type":"ImageObject","inLanguage":"gl-ES","@id":"https:\/\/marinacoruna.es\/gl\/cabos\/dinghy-sheet\/#primaryimage","url":"https:\/\/marinacoruna.es\/wp-content\/uploads\/Dinghy-Sheet-450x450px.jpg","contentUrl":"https:\/\/marinacoruna.es\/wp-content\/uploads\/Dinghy-Sheet-450x450px.jpg","width":450,"height":450},{"@type":"BreadcrumbList","@id":"https:\/\/marinacoruna.es\/gl\/cabos\/dinghy-sheet\/#breadcrumb","itemListElement":[{"@type":"ListItem","position":1,"name":"Portada","item":"https:\/\/marinacoruna.es\/gl\/"},{"@type":"ListItem","position":2,"name":"Cabos","item":"https:\/\/marinacoruna.es\/gl\/cabos\/"},{"@type":"ListItem","position":3,"name":"DINGHY SHEET"}]},{"@type":"WebSite","@id":"https:\/\/marinacoruna.es\/gl\/#website","url":"https:\/\/marinacoruna.es\/gl\/","name":"Marina Coru\u00f1a","description":"Puerto deportivo en el Mar Cant\u00e1brico, amarres, varadero y taller en Galicia, Espa\u00f1a","publisher":{"@id":"https:\/\/marinacoruna.es\/gl\/#organization"},"alternateName":"Marinacoruna","potentialAction":[{"@type":"SearchAction","target":{"@type":"EntryPoint","urlTemplate":"https:\/\/marinacoruna.es\/gl\/?s={search_term_string}"},"query-input":{"@type":"PropertyValueSpecification","valueRequired":true,"valueName":"search_term_string"}}],"inLanguage":"gl-ES"},{"@type":"Organization","@id":"https:\/\/marinacoruna.es\/gl\/#organization","name":"Marina Coru\u00f1a","alternateName":"Marinacoruna","url":"https:\/\/marinacoruna.es\/gl\/","logo":{"@type":"ImageObject","inLanguage":"gl-ES","@id":"https:\/\/marinacoruna.es\/gl\/#\/schema\/logo\/image\/","url":"https:\/\/marinacoruna.es\/wp-content\/uploads\/favicon.png","contentUrl":"https:\/\/marinacoruna.es\/wp-content\/uploads\/favicon.png","width":512,"height":512,"caption":"Marina Coru\u00f1a"},"image":{"@id":"https:\/\/marinacoruna.es\/gl\/#\/schema\/logo\/image\/"},"sameAs":["https:\/\/www.facebook.com\/marinacoruna","https:\/\/x.com\/marinacoruna","https:\/\/www.instagram.com\/marinacoruna\/"]}]}},"_links":{"self":[{"href":"https:\/\/marinacoruna.es\/gl\/wp-json\/wp\/v2\/product\/5668","targetHints":{"allow":["GET"]}}],"collection":[{"href":"https:\/\/marinacoruna.es\/gl\/wp-json\/wp\/v2\/product"}],"about":[{"href":"https:\/\/marinacoruna.es\/gl\/wp-json\/wp\/v2\/types\/product"}],"wp:featuredmedia":[{"embeddable":true,"href":"https:\/\/marinacoruna.es\/gl\/wp-json\/wp\/v2\/media\/5671"}],"wp:attachment":[{"href":"https:\/\/marinacoruna.es\/gl\/wp-json\/wp\/v2\/media?parent=5668"}],"wp:term":[{"taxonomy":"product_cat","embeddable":true,"href":"https:\/\/marinacoruna.es\/gl\/wp-json\/wp\/v2\/product_cat?post=5668"},{"taxonomy":"product_tag","embeddable":true,"href":"https:\/\/marinacoruna.es\/gl\/wp-json\/wp\/v2\/product_tag?post=5668"}],"curies":[{"name":"wp","href":"https:\/\/api.w.org\/{rel}","templated":true}]}}