{"id":4704,"date":"2023-02-07T17:05:33","date_gmt":"2023-02-07T16:05:33","guid":{"rendered":"https:\/\/marinacoruna.es\/?post_type=product&#038;p=4704"},"modified":"2023-04-21T14:40:19","modified_gmt":"2023-04-21T12:40:19","slug":"admiral-3000","status":"publish","type":"product","link":"https:\/\/marinacoruna.es\/gl\/cabos\/admiral-3000\/","title":{"rendered":"Admiral 3000"},"content":{"rendered":"<p>Admiral 3000 combina una cubierta de Taslan \/ Poli\u00e9ster de alto agarre con un n\u00facleo h\u00edbrido Robtec de bajo estiramiento, lo que da como resultado una escota muy razonable con bajo estiramiento. Se puede utilizar como escota de foque, escota de mayor o escota de Spinnacker \/ Genacker, por lo que funciona mejor cuando se necesita poca elasticidad y buenas caracter\u00edsticas de abrasi\u00f3n. Es ideal para yates de alto rendimiento.<\/p>\n","protected":false},"excerpt":{"rendered":"<h4><strong>Escota tacto algod\u00f3n con Dyneema\u00ae SK78<\/strong><\/h4>\n<p>El Admiral 3000 tiene una funda con un dise\u00f1o y construcci\u00f3n moderna que la hace ideal para utilizar como escota en barcos de todos los tama\u00f1os.<\/p>\n","protected":false},"featured_media":5427,"template":"","meta":{"_et_pb_use_builder":"off","_et_pb_old_content":"<h3>Roblibe Ropes Admiral 3000<\/h3>\r\nEl Admiral 3000 es una escota excelente. La funda de poli\u00e9ster tiene una extraordinaria resistencia y agarre incluso en las condiciones m\u00e1s extremas. Concebida especialmente para los winches\u00a0<em>self-tailing<\/em>, esta escota tiene una gran resistencia al roce y muy buen tacto.\r\n\r\nLa funda de 32 cordones del Admiral 3000 combina el poli\u00e9ster con el poliamida que proporcionan a la escota una alta resistencia al roce y un tacto muy bueno. El interior del cabo est\u00e1 trenzado con fibras de Dyneema\u00ae SK78 que permiten soportar elevadas cargas de trabajo con un estiramiento m\u00ednimo.","_et_gb_content_width":"","pgc_sgb_lightbox_settings":"","_joinchat":[]},"product_cat":[99],"product_tag":[],"class_list":["post-4704","product","type-product","status-publish","has-post-thumbnail","hentry","product_cat-regata"],"yoast_head":"<!-- This site is optimized with the Yoast SEO plugin v26.2 - https:\/\/yoast.com\/wordpress\/plugins\/seo\/ -->\n<title>Admiral 3000 | Marina Coru\u00f1a<\/title>\n<meta name=\"robots\" content=\"index, follow, max-snippet:-1, max-image-preview:large, max-video-preview:-1\" \/>\n<link rel=\"canonical\" href=\"https:\/\/marinacoruna.es\/gl\/cabos\/admiral-3000\/\" \/>\n<meta property=\"og:locale\" content=\"gl_ES\" \/>\n<meta property=\"og:type\" content=\"article\" \/>\n<meta property=\"og:title\" content=\"Admiral 3000 | Marina Coru\u00f1a\" \/>\n<meta property=\"og:description\" content=\"Escota tacto algod\u00f3n con Dyneema\u00ae SK78 El Admiral 3000 tiene una funda con un dise\u00f1o y construcci\u00f3n moderna que la hace ideal para utilizar como escota en barcos de todos los tama\u00f1os.\" \/>\n<meta property=\"og:url\" content=\"https:\/\/marinacoruna.es\/gl\/cabos\/admiral-3000\/\" \/>\n<meta property=\"og:site_name\" content=\"Marina Coru\u00f1a\" \/>\n<meta property=\"article:publisher\" content=\"https:\/\/www.facebook.com\/marinacoruna\" \/>\n<meta property=\"article:modified_time\" content=\"2023-04-21T12:40:19+00:00\" \/>\n<meta property=\"og:image\" content=\"https:\/\/marinacoruna.es\/wp-content\/uploads\/Admiral-3000-450x450px.jpg\" \/>\n\t<meta property=\"og:image:width\" content=\"450\" \/>\n\t<meta property=\"og:image:height\" content=\"450\" \/>\n\t<meta property=\"og:image:type\" content=\"image\/jpeg\" \/>\n<meta name=\"twitter:card\" content=\"summary_large_image\" \/>\n<meta name=\"twitter:site\" content=\"@marinacoruna\" \/>\n<script type=\"application\/ld+json\" class=\"yoast-schema-graph\">{\"@context\":\"https:\/\/schema.org\",\"@graph\":[{\"@type\":\"WebPage\",\"@id\":\"https:\/\/marinacoruna.es\/gl\/cabos\/admiral-3000\/\",\"url\":\"https:\/\/marinacoruna.es\/gl\/cabos\/admiral-3000\/\",\"name\":\"Admiral 3000 | Marina Coru\u00f1a\",\"isPartOf\":{\"@id\":\"https:\/\/marinacoruna.es\/gl\/#website\"},\"primaryImageOfPage\":{\"@id\":\"https:\/\/marinacoruna.es\/gl\/cabos\/admiral-3000\/#primaryimage\"},\"image\":{\"@id\":\"https:\/\/marinacoruna.es\/gl\/cabos\/admiral-3000\/#primaryimage\"},\"thumbnailUrl\":\"https:\/\/marinacoruna.es\/wp-content\/uploads\/Admiral-3000-450x450px.jpg\",\"datePublished\":\"2023-02-07T16:05:33+00:00\",\"dateModified\":\"2023-04-21T12:40:19+00:00\",\"breadcrumb\":{\"@id\":\"https:\/\/marinacoruna.es\/gl\/cabos\/admiral-3000\/#breadcrumb\"},\"inLanguage\":\"gl-ES\",\"potentialAction\":[{\"@type\":\"ReadAction\",\"target\":[\"https:\/\/marinacoruna.es\/gl\/cabos\/admiral-3000\/\"]}]},{\"@type\":\"ImageObject\",\"inLanguage\":\"gl-ES\",\"@id\":\"https:\/\/marinacoruna.es\/gl\/cabos\/admiral-3000\/#primaryimage\",\"url\":\"https:\/\/marinacoruna.es\/wp-content\/uploads\/Admiral-3000-450x450px.jpg\",\"contentUrl\":\"https:\/\/marinacoruna.es\/wp-content\/uploads\/Admiral-3000-450x450px.jpg\",\"width\":450,\"height\":450},{\"@type\":\"BreadcrumbList\",\"@id\":\"https:\/\/marinacoruna.es\/gl\/cabos\/admiral-3000\/#breadcrumb\",\"itemListElement\":[{\"@type\":\"ListItem\",\"position\":1,\"name\":\"Portada\",\"item\":\"https:\/\/marinacoruna.es\/gl\/\"},{\"@type\":\"ListItem\",\"position\":2,\"name\":\"Cabos\",\"item\":\"https:\/\/marinacoruna.es\/gl\/cabos\/\"},{\"@type\":\"ListItem\",\"position\":3,\"name\":\"Admiral 3000\"}]},{\"@type\":\"WebSite\",\"@id\":\"https:\/\/marinacoruna.es\/gl\/#website\",\"url\":\"https:\/\/marinacoruna.es\/gl\/\",\"name\":\"Marina Coru\u00f1a\",\"description\":\"Puerto deportivo en el Mar Cant\u00e1brico, amarres, varadero y taller en Galicia, Espa\u00f1a\",\"publisher\":{\"@id\":\"https:\/\/marinacoruna.es\/gl\/#organization\"},\"alternateName\":\"Marinacoruna\",\"potentialAction\":[{\"@type\":\"SearchAction\",\"target\":{\"@type\":\"EntryPoint\",\"urlTemplate\":\"https:\/\/marinacoruna.es\/gl\/?s={search_term_string}\"},\"query-input\":{\"@type\":\"PropertyValueSpecification\",\"valueRequired\":true,\"valueName\":\"search_term_string\"}}],\"inLanguage\":\"gl-ES\"},{\"@type\":\"Organization\",\"@id\":\"https:\/\/marinacoruna.es\/gl\/#organization\",\"name\":\"Marina Coru\u00f1a\",\"alternateName\":\"Marinacoruna\",\"url\":\"https:\/\/marinacoruna.es\/gl\/\",\"logo\":{\"@type\":\"ImageObject\",\"inLanguage\":\"gl-ES\",\"@id\":\"https:\/\/marinacoruna.es\/gl\/#\/schema\/logo\/image\/\",\"url\":\"https:\/\/marinacoruna.es\/wp-content\/uploads\/favicon.png\",\"contentUrl\":\"https:\/\/marinacoruna.es\/wp-content\/uploads\/favicon.png\",\"width\":512,\"height\":512,\"caption\":\"Marina Coru\u00f1a\"},\"image\":{\"@id\":\"https:\/\/marinacoruna.es\/gl\/#\/schema\/logo\/image\/\"},\"sameAs\":[\"https:\/\/www.facebook.com\/marinacoruna\",\"https:\/\/x.com\/marinacoruna\",\"https:\/\/www.instagram.com\/marinacoruna\/\"]}]}<\/script>\n<!-- \/ Yoast SEO plugin. -->","yoast_head_json":{"title":"Admiral 3000 | Marina Coru\u00f1a","robots":{"index":"index","follow":"follow","max-snippet":"max-snippet:-1","max-image-preview":"max-image-preview:large","max-video-preview":"max-video-preview:-1"},"canonical":"https:\/\/marinacoruna.es\/gl\/cabos\/admiral-3000\/","og_locale":"gl_ES","og_type":"article","og_title":"Admiral 3000 | Marina Coru\u00f1a","og_description":"Escota tacto algod\u00f3n con Dyneema\u00ae SK78 El Admiral 3000 tiene una funda con un dise\u00f1o y construcci\u00f3n moderna que la hace ideal para utilizar como escota en barcos de todos los tama\u00f1os.","og_url":"https:\/\/marinacoruna.es\/gl\/cabos\/admiral-3000\/","og_site_name":"Marina Coru\u00f1a","article_publisher":"https:\/\/www.facebook.com\/marinacoruna","article_modified_time":"2023-04-21T12:40:19+00:00","og_image":[{"width":450,"height":450,"url":"https:\/\/marinacoruna.es\/wp-content\/uploads\/Admiral-3000-450x450px.jpg","type":"image\/jpeg"}],"twitter_card":"summary_large_image","twitter_site":"@marinacoruna","schema":{"@context":"https:\/\/schema.org","@graph":[{"@type":"WebPage","@id":"https:\/\/marinacoruna.es\/gl\/cabos\/admiral-3000\/","url":"https:\/\/marinacoruna.es\/gl\/cabos\/admiral-3000\/","name":"Admiral 3000 | Marina Coru\u00f1a","isPartOf":{"@id":"https:\/\/marinacoruna.es\/gl\/#website"},"primaryImageOfPage":{"@id":"https:\/\/marinacoruna.es\/gl\/cabos\/admiral-3000\/#primaryimage"},"image":{"@id":"https:\/\/marinacoruna.es\/gl\/cabos\/admiral-3000\/#primaryimage"},"thumbnailUrl":"https:\/\/marinacoruna.es\/wp-content\/uploads\/Admiral-3000-450x450px.jpg","datePublished":"2023-02-07T16:05:33+00:00","dateModified":"2023-04-21T12:40:19+00:00","breadcrumb":{"@id":"https:\/\/marinacoruna.es\/gl\/cabos\/admiral-3000\/#breadcrumb"},"inLanguage":"gl-ES","potentialAction":[{"@type":"ReadAction","target":["https:\/\/marinacoruna.es\/gl\/cabos\/admiral-3000\/"]}]},{"@type":"ImageObject","inLanguage":"gl-ES","@id":"https:\/\/marinacoruna.es\/gl\/cabos\/admiral-3000\/#primaryimage","url":"https:\/\/marinacoruna.es\/wp-content\/uploads\/Admiral-3000-450x450px.jpg","contentUrl":"https:\/\/marinacoruna.es\/wp-content\/uploads\/Admiral-3000-450x450px.jpg","width":450,"height":450},{"@type":"BreadcrumbList","@id":"https:\/\/marinacoruna.es\/gl\/cabos\/admiral-3000\/#breadcrumb","itemListElement":[{"@type":"ListItem","position":1,"name":"Portada","item":"https:\/\/marinacoruna.es\/gl\/"},{"@type":"ListItem","position":2,"name":"Cabos","item":"https:\/\/marinacoruna.es\/gl\/cabos\/"},{"@type":"ListItem","position":3,"name":"Admiral 3000"}]},{"@type":"WebSite","@id":"https:\/\/marinacoruna.es\/gl\/#website","url":"https:\/\/marinacoruna.es\/gl\/","name":"Marina Coru\u00f1a","description":"Puerto deportivo en el Mar Cant\u00e1brico, amarres, varadero y taller en Galicia, Espa\u00f1a","publisher":{"@id":"https:\/\/marinacoruna.es\/gl\/#organization"},"alternateName":"Marinacoruna","potentialAction":[{"@type":"SearchAction","target":{"@type":"EntryPoint","urlTemplate":"https:\/\/marinacoruna.es\/gl\/?s={search_term_string}"},"query-input":{"@type":"PropertyValueSpecification","valueRequired":true,"valueName":"search_term_string"}}],"inLanguage":"gl-ES"},{"@type":"Organization","@id":"https:\/\/marinacoruna.es\/gl\/#organization","name":"Marina Coru\u00f1a","alternateName":"Marinacoruna","url":"https:\/\/marinacoruna.es\/gl\/","logo":{"@type":"ImageObject","inLanguage":"gl-ES","@id":"https:\/\/marinacoruna.es\/gl\/#\/schema\/logo\/image\/","url":"https:\/\/marinacoruna.es\/wp-content\/uploads\/favicon.png","contentUrl":"https:\/\/marinacoruna.es\/wp-content\/uploads\/favicon.png","width":512,"height":512,"caption":"Marina Coru\u00f1a"},"image":{"@id":"https:\/\/marinacoruna.es\/gl\/#\/schema\/logo\/image\/"},"sameAs":["https:\/\/www.facebook.com\/marinacoruna","https:\/\/x.com\/marinacoruna","https:\/\/www.instagram.com\/marinacoruna\/"]}]}},"_links":{"self":[{"href":"https:\/\/marinacoruna.es\/gl\/wp-json\/wp\/v2\/product\/4704","targetHints":{"allow":["GET"]}}],"collection":[{"href":"https:\/\/marinacoruna.es\/gl\/wp-json\/wp\/v2\/product"}],"about":[{"href":"https:\/\/marinacoruna.es\/gl\/wp-json\/wp\/v2\/types\/product"}],"wp:featuredmedia":[{"embeddable":true,"href":"https:\/\/marinacoruna.es\/gl\/wp-json\/wp\/v2\/media\/5427"}],"wp:attachment":[{"href":"https:\/\/marinacoruna.es\/gl\/wp-json\/wp\/v2\/media?parent=4704"}],"wp:term":[{"taxonomy":"product_cat","embeddable":true,"href":"https:\/\/marinacoruna.es\/gl\/wp-json\/wp\/v2\/product_cat?post=4704"},{"taxonomy":"product_tag","embeddable":true,"href":"https:\/\/marinacoruna.es\/gl\/wp-json\/wp\/v2\/product_tag?post=4704"}],"curies":[{"name":"wp","href":"https:\/\/api.w.org\/{rel}","templated":true}]}}