{"id":6186,"date":"2021-02-28T16:01:05","date_gmt":"2021-02-28T15:01:05","guid":{"rendered":"https:\/\/marinacoruna.es\/politica-de-privacidade\/"},"modified":"2023-06-16T19:10:32","modified_gmt":"2023-06-16T17:10:32","slug":"politica-de-privacidade","status":"publish","type":"page","link":"https:\/\/marinacoruna.es\/gl\/politica-de-privacidade\/","title":{"rendered":"pol\u00edtica de privacidade"},"content":{"rendered":"[et_pb_section fb_built=&#8221;1&#8243; _builder_version=&#8221;4.16&#8243; global_colors_info=&#8221;{}&#8221;][et_pb_row _builder_version=&#8221;4.16&#8243; background_size=&#8221;initial&#8221; background_position=&#8221;top_left&#8221; background_repeat=&#8221;repeat&#8221; global_colors_info=&#8221;{}&#8221;][et_pb_column type=&#8221;4_4&#8243; _builder_version=&#8221;4.16&#8243; custom_padding=&#8221;|||&#8221; global_colors_info=&#8221;{}&#8221; custom_padding__hover=&#8221;|||&#8221;][et_pb_text _builder_version=&#8221;4.16&#8243; _module_preset=&#8221;default&#8221; header_font_size=&#8221;46px&#8221; hover_enabled=&#8221;0&#8243; global_colors_info=&#8221;{}&#8221; sticky_enabled=&#8221;0&#8243;]<h1>Pol\u00edtica de privacidade<\/h1>[\/et_pb_text][et_pb_text _builder_version=&#8221;4.17.4&#8243; background_size=&#8221;initial&#8221; background_position=&#8221;top_left&#8221; background_repeat=&#8221;repeat&#8221; hover_enabled=&#8221;0&#8243; global_colors_info=&#8221;{}&#8221; sticky_enabled=&#8221;0&#8243;]<blockquote>\r\n<p>A presente Pol\u00edtica de Privacidade \u00e9 aplicable ao Sitio web, e describe a maneira en que FIGRUPO MARI\u00d1AS S.L. (en diante <strong>FIMARINAS<\/strong>) solicita e trata os seus datos persoais, as\u00ed como a forma na que se utiliza e protexe dita informaci\u00f3n, ademais dos dereitos que vostede ostenta en relaci\u00f3n coa mesma.<\/p>\r\n<\/blockquote>\r\n<p><strong>1. RECOLLIDA E TRATAMENTO DE DATOS DE CAR\u00c1CTER PERSOAL<\/strong><\/p>\r\n<p>Solicitaremos os seus datos persoais a trav\u00e9s da informaci\u00f3n que vostede nos facilita directamente ao contactar connosco mediante os formularios de contacto e introduci\u00f3n de datos para a prestaci\u00f3n dos nosos servizos.<\/p>\r\n<p>Recollemos as seguintes categor\u00edas de datos:<\/p>\r\n<ul>\r\n<li>Datos identificativos; nome e apelidos<\/li>\r\n<li>Datos de contacto: n\u00famero de tel\u00e9fono, correo electr\u00f3nico, direcci\u00f3n postal.<\/li>\r\n<li>En caso de clientes persoas xur\u00eddica: nome e apelidos, correo electr\u00f3nico, direcci\u00f3n e tel\u00e9fono de empregados, representantes ou persoas de contacto.<\/li>\r\n<\/ul>\r\n<p>Non recollemos ning\u00fan tipo de datos de car\u00e1cter persoal se unicamente est\u00e1s a navegar no Sitio web, salvo no suposto descrito a nosa \u201cPol\u00edtica de cookies\u201d.<\/p>\r\n<p><strong>2. FINALIDADES<\/strong><\/p>\r\n<p>Utilizamos e tratamos os datos persoais solicitados coa finalidade de xestionar e atender adecuadamente a s\u00faa consulta ou suxerencia, as\u00ed como para xestionar os contactos e comunicaci\u00f3ns para o env\u00edo de informaci\u00f3n relacionada coas actividades e servizos da empresa que poidan ser do seu interese. En calquera momento vostede poder\u00e1 opo\u00f1erse \u00e1 \u00a0\u00e1 recepci\u00f3n destas comunicaci\u00f3ns polos mecanismos indicados nesta Pol\u00edtica e nas propias comunicaci\u00f3ns comerciais que reciba.<\/p>\r\n<p>Ao enviar os datos desde os formularios de rexistro correspondentes est\u00e1 a dar consentimento \u00e1s finalidades de tratamento indicadas neste par\u00e1grafo.<\/p>\r\n<p><strong>3. DEREITOS DOS TITULARES DOS DATOS<\/strong><\/p>\r\n<p>Vostede ten dereito como titular dos datos persoais a exercitar @gratuitamente os seguintes dereitos en base \u00e1 normativa vixente de protecci\u00f3n de datos:<\/p>\r\n<ul>\r\n<li>Dereito a solicitar o acceso aos seus datos persoais.<\/li>\r\n<li>Dereito a solicitar a s\u00faa rectificaci\u00f3n ou supresi\u00f3n.<\/li>\r\n<li>Dereito a solicitar a limitaci\u00f3n do seu tratamento.<\/li>\r\n<li>Dereitos a opo\u00f1erse ao seu tratamento.<\/li>\r\n<li>Dereito \u00e1 portabilidad dos datos.<\/li>\r\n<\/ul>\r\n<p>Vostede poder\u00e1 exercitar os seus dereitos a trav\u00e9s dos seguintes medios indicando refer\u00e9nciaa \u201cprotecci\u00f3n de datos\u201d<\/p>\r\n<ul>\r\n<li>Env\u00edo por correo postal \u00e1 seguinte direcci\u00f3n: C\/ Enrique Mari\u00f1as Romero, n\u00ba 36, 1\u00aa planta, 15009,\u00a0 A Coru\u00f1a.<\/li>\r\n<li>Comunicaci\u00f3n por medio de chamada telef\u00f3nica ao n\u00famero: :(+34)981910803<\/li>\r\n<li>Env\u00edo de correo electr\u00f3nico \u00e1 seguinte direcci\u00f3n: marinacoruna@marinacoruna.es<\/li>\r\n<\/ul>\r\n<p>No caso de que non se resolva de maneira satisfactoria o exercicio dos seus dereitos pode presentar unha reclamaci\u00f3n #ante a Axencia Espa\u00f1ola de Protecci\u00f3n de datos.<\/p>\r\n<p><strong>4. CONSERVACI\u00d3N DOS DATOS PERSOAIS<\/strong><\/p>\r\n<p>Conservaremos os datos persoais por vostede facilitados mentres mante\u00f1amos unha relaci\u00f3n con vostede e durante un per\u00edodo de cinco anos a partir dese momento. Transcorrido devandito per\u00edodo, unicamente conservaremos os seus datos se estamos obrigados a iso en cumprimento da lei ou no caso de que existan reclamaci\u00f3ns pendentes que razoablemente requiran a conservaci\u00f3n dos mesmos.<\/p>\r\n<p><strong>5. LEXITIMACI\u00d3N PARA O TRATAMENTO DE DATOS<\/strong><\/p>\r\n<p>A base legal para o tratamento dos datos ser\u00e1 o consentimento outorgado por vostede como titular dos mesmos. A informaci\u00f3n que vostede nos facilite deber\u00e1 ser veraz garantindo a autenticidade dos datos proporcionados, pola contra ser\u00e1 responsable do dano que poida ocasionar a <strong>FIMARINAS<\/strong> ou a terceiros por non facilitar datos aut\u00e9nticos.<\/p>\r\n<p><strong>6. PROTECCI\u00d3N DOS DATOS PERSOAIS<\/strong><\/p>\r\n<p><strong>FIMARINAS<\/strong> implementa medidas t\u00e9cnicas e organizativas para garantir un nivel de seguridade adecuado ao risco para os datos persoais tratados. Ditas medidas te\u00f1en por obxecto garantir a integridade continua e a confidencialidade dos datos persoais. Avaliamos as medidas periodicamente a fin de garantir a seguridade do tratamento.<\/p>\r\n<p><strong>7. COMUNICACI\u00d3NS DE DATOS<\/strong><\/p>\r\n<p><strong>FIMARINAS<\/strong> informa e gar\u00e1ntelle expresamente que os datos persoais non ser\u00e1n cedidos en ning\u00fan caso a terceiras compa\u00f1\u00edas e sempre que f\u00f3ra a realizarse alg\u00fan tipo de cesi\u00f3n de datos persoais, de forma previa, solicitar\u00edase consentimento expreso, informado e inequ\u00edvoco ao titular dos datos.<\/p>\r\n<p><strong>8. MODIFICACI\u00d3NS DA POL\u00cdTICA DE PRIVACIDADE<\/strong><\/p>\r\n<p><strong>FIMARINAS<\/strong> res\u00e9rvase o dereito para modificar esta Pol\u00edtica de Privacidade #de acordo con a lexislaci\u00f3n aplicable en cada momento. Por iso, recomend\u00e1moslle que revise periodicamente esta Pol\u00edtica de Privacidade para estar informado de como se tratan e protexen os datos persoais que nos facilita.<\/p>\r\n<p><\/p>[\/et_pb_text][\/et_pb_column][\/et_pb_row][\/et_pb_section]<!-- \/wp:post-content -->","protected":false},"excerpt":{"rendered":"<p>Pol\u00edtica de privacidade A presente Pol\u00edtica de Privacidade \u00e9 aplicable ao Sitio web, e describe a maneira en que FIGRUPO MARI\u00d1AS S.L. (en diante FIMARINAS) solicita e trata os seus datos persoais, as\u00ed como a forma na que se utiliza e protexe dita informaci\u00f3n, ademais dos dereitos que vostede ostenta en relaci\u00f3n coa mesma. 1. [&hellip;]<\/p>\n","protected":false},"author":8,"featured_media":0,"parent":0,"menu_order":0,"comment_status":"closed","ping_status":"open","template":"","meta":{"_et_pb_use_builder":"on","_et_pb_old_content":"","_et_gb_content_width":"","pgc_sgb_lightbox_settings":"","_joinchat":[],"footnotes":""},"class_list":["post-6186","page","type-page","status-publish","hentry"],"yoast_head":"<!-- This site is optimized with the Yoast SEO plugin v26.2 - https:\/\/yoast.com\/wordpress\/plugins\/seo\/ -->\n<title>pol\u00edtica de privacidade | Marina Coru\u00f1a<\/title>\n<meta name=\"robots\" content=\"index, follow, max-snippet:-1, max-image-preview:large, max-video-preview:-1\" \/>\n<link rel=\"canonical\" href=\"https:\/\/marinacoruna.es\/gl\/politica-de-privacidade\/\" \/>\n<meta property=\"og:locale\" content=\"gl_ES\" \/>\n<meta property=\"og:type\" content=\"article\" \/>\n<meta property=\"og:title\" content=\"pol\u00edtica de privacidade | Marina Coru\u00f1a\" \/>\n<meta property=\"og:description\" content=\"Pol\u00edtica de privacidade A presente Pol\u00edtica de Privacidade \u00e9 aplicable ao Sitio web, e describe a maneira en que FIGRUPO MARI\u00d1AS S.L. (en diante FIMARINAS) solicita e trata os seus datos persoais, as\u00ed como a forma na que se utiliza e protexe dita informaci\u00f3n, ademais dos dereitos que vostede ostenta en relaci\u00f3n coa mesma. 1. [&hellip;]\" \/>\n<meta property=\"og:url\" content=\"https:\/\/marinacoruna.es\/gl\/politica-de-privacidade\/\" \/>\n<meta property=\"og:site_name\" content=\"Marina Coru\u00f1a\" \/>\n<meta property=\"article:publisher\" content=\"https:\/\/www.facebook.com\/marinacoruna\" \/>\n<meta property=\"article:modified_time\" content=\"2023-06-16T17:10:32+00:00\" \/>\n<meta property=\"og:image\" content=\"https:\/\/marinacoruna.es\/wp-content\/uploads\/logoMcoruna.png\" \/>\n\t<meta property=\"og:image:width\" content=\"218\" \/>\n\t<meta property=\"og:image:height\" content=\"58\" \/>\n\t<meta property=\"og:image:type\" content=\"image\/png\" \/>\n<meta name=\"twitter:card\" content=\"summary_large_image\" \/>\n<meta name=\"twitter:site\" content=\"@marinacoruna\" \/>\n<meta name=\"twitter:label1\" content=\"Tempo de lectura\" \/>\n\t<meta name=\"twitter:data1\" content=\"4 minutos\" \/>\n<script type=\"application\/ld+json\" class=\"yoast-schema-graph\">{\"@context\":\"https:\/\/schema.org\",\"@graph\":[{\"@type\":\"WebPage\",\"@id\":\"https:\/\/marinacoruna.es\/gl\/politica-de-privacidade\/\",\"url\":\"https:\/\/marinacoruna.es\/gl\/politica-de-privacidade\/\",\"name\":\"pol\u00edtica de privacidade | Marina Coru\u00f1a\",\"isPartOf\":{\"@id\":\"https:\/\/marinacoruna.es\/gl\/#website\"},\"datePublished\":\"2021-02-28T15:01:05+00:00\",\"dateModified\":\"2023-06-16T17:10:32+00:00\",\"breadcrumb\":{\"@id\":\"https:\/\/marinacoruna.es\/gl\/politica-de-privacidade\/#breadcrumb\"},\"inLanguage\":\"gl-ES\",\"potentialAction\":[{\"@type\":\"ReadAction\",\"target\":[\"https:\/\/marinacoruna.es\/gl\/politica-de-privacidade\/\"]}]},{\"@type\":\"BreadcrumbList\",\"@id\":\"https:\/\/marinacoruna.es\/gl\/politica-de-privacidade\/#breadcrumb\",\"itemListElement\":[{\"@type\":\"ListItem\",\"position\":1,\"name\":\"Portada\",\"item\":\"https:\/\/marinacoruna.es\/gl\/\"},{\"@type\":\"ListItem\",\"position\":2,\"name\":\"pol\u00edtica de privacidade\"}]},{\"@type\":\"WebSite\",\"@id\":\"https:\/\/marinacoruna.es\/gl\/#website\",\"url\":\"https:\/\/marinacoruna.es\/gl\/\",\"name\":\"Marina Coru\u00f1a\",\"description\":\"Puerto deportivo en el Mar Cant\u00e1brico, amarres, varadero y taller en Galicia, Espa\u00f1a\",\"publisher\":{\"@id\":\"https:\/\/marinacoruna.es\/gl\/#organization\"},\"alternateName\":\"Marinacoruna\",\"potentialAction\":[{\"@type\":\"SearchAction\",\"target\":{\"@type\":\"EntryPoint\",\"urlTemplate\":\"https:\/\/marinacoruna.es\/gl\/?s={search_term_string}\"},\"query-input\":{\"@type\":\"PropertyValueSpecification\",\"valueRequired\":true,\"valueName\":\"search_term_string\"}}],\"inLanguage\":\"gl-ES\"},{\"@type\":\"Organization\",\"@id\":\"https:\/\/marinacoruna.es\/gl\/#organization\",\"name\":\"Marina Coru\u00f1a\",\"alternateName\":\"Marinacoruna\",\"url\":\"https:\/\/marinacoruna.es\/gl\/\",\"logo\":{\"@type\":\"ImageObject\",\"inLanguage\":\"gl-ES\",\"@id\":\"https:\/\/marinacoruna.es\/gl\/#\/schema\/logo\/image\/\",\"url\":\"https:\/\/marinacoruna.es\/wp-content\/uploads\/favicon.png\",\"contentUrl\":\"https:\/\/marinacoruna.es\/wp-content\/uploads\/favicon.png\",\"width\":512,\"height\":512,\"caption\":\"Marina Coru\u00f1a\"},\"image\":{\"@id\":\"https:\/\/marinacoruna.es\/gl\/#\/schema\/logo\/image\/\"},\"sameAs\":[\"https:\/\/www.facebook.com\/marinacoruna\",\"https:\/\/x.com\/marinacoruna\",\"https:\/\/www.instagram.com\/marinacoruna\/\"]}]}<\/script>\n<!-- \/ Yoast SEO plugin. -->","yoast_head_json":{"title":"pol\u00edtica de privacidade | Marina Coru\u00f1a","robots":{"index":"index","follow":"follow","max-snippet":"max-snippet:-1","max-image-preview":"max-image-preview:large","max-video-preview":"max-video-preview:-1"},"canonical":"https:\/\/marinacoruna.es\/gl\/politica-de-privacidade\/","og_locale":"gl_ES","og_type":"article","og_title":"pol\u00edtica de privacidade | Marina Coru\u00f1a","og_description":"Pol\u00edtica de privacidade A presente Pol\u00edtica de Privacidade \u00e9 aplicable ao Sitio web, e describe a maneira en que FIGRUPO MARI\u00d1AS S.L. (en diante FIMARINAS) solicita e trata os seus datos persoais, as\u00ed como a forma na que se utiliza e protexe dita informaci\u00f3n, ademais dos dereitos que vostede ostenta en relaci\u00f3n coa mesma. 1. [&hellip;]","og_url":"https:\/\/marinacoruna.es\/gl\/politica-de-privacidade\/","og_site_name":"Marina Coru\u00f1a","article_publisher":"https:\/\/www.facebook.com\/marinacoruna","article_modified_time":"2023-06-16T17:10:32+00:00","og_image":[{"width":218,"height":58,"url":"https:\/\/marinacoruna.es\/wp-content\/uploads\/logoMcoruna.png","type":"image\/png"}],"twitter_card":"summary_large_image","twitter_site":"@marinacoruna","twitter_misc":{"Tempo de lectura":"4 minutos"},"schema":{"@context":"https:\/\/schema.org","@graph":[{"@type":"WebPage","@id":"https:\/\/marinacoruna.es\/gl\/politica-de-privacidade\/","url":"https:\/\/marinacoruna.es\/gl\/politica-de-privacidade\/","name":"pol\u00edtica de privacidade | Marina Coru\u00f1a","isPartOf":{"@id":"https:\/\/marinacoruna.es\/gl\/#website"},"datePublished":"2021-02-28T15:01:05+00:00","dateModified":"2023-06-16T17:10:32+00:00","breadcrumb":{"@id":"https:\/\/marinacoruna.es\/gl\/politica-de-privacidade\/#breadcrumb"},"inLanguage":"gl-ES","potentialAction":[{"@type":"ReadAction","target":["https:\/\/marinacoruna.es\/gl\/politica-de-privacidade\/"]}]},{"@type":"BreadcrumbList","@id":"https:\/\/marinacoruna.es\/gl\/politica-de-privacidade\/#breadcrumb","itemListElement":[{"@type":"ListItem","position":1,"name":"Portada","item":"https:\/\/marinacoruna.es\/gl\/"},{"@type":"ListItem","position":2,"name":"pol\u00edtica de privacidade"}]},{"@type":"WebSite","@id":"https:\/\/marinacoruna.es\/gl\/#website","url":"https:\/\/marinacoruna.es\/gl\/","name":"Marina Coru\u00f1a","description":"Puerto deportivo en el Mar Cant\u00e1brico, amarres, varadero y taller en Galicia, Espa\u00f1a","publisher":{"@id":"https:\/\/marinacoruna.es\/gl\/#organization"},"alternateName":"Marinacoruna","potentialAction":[{"@type":"SearchAction","target":{"@type":"EntryPoint","urlTemplate":"https:\/\/marinacoruna.es\/gl\/?s={search_term_string}"},"query-input":{"@type":"PropertyValueSpecification","valueRequired":true,"valueName":"search_term_string"}}],"inLanguage":"gl-ES"},{"@type":"Organization","@id":"https:\/\/marinacoruna.es\/gl\/#organization","name":"Marina Coru\u00f1a","alternateName":"Marinacoruna","url":"https:\/\/marinacoruna.es\/gl\/","logo":{"@type":"ImageObject","inLanguage":"gl-ES","@id":"https:\/\/marinacoruna.es\/gl\/#\/schema\/logo\/image\/","url":"https:\/\/marinacoruna.es\/wp-content\/uploads\/favicon.png","contentUrl":"https:\/\/marinacoruna.es\/wp-content\/uploads\/favicon.png","width":512,"height":512,"caption":"Marina Coru\u00f1a"},"image":{"@id":"https:\/\/marinacoruna.es\/gl\/#\/schema\/logo\/image\/"},"sameAs":["https:\/\/www.facebook.com\/marinacoruna","https:\/\/x.com\/marinacoruna","https:\/\/www.instagram.com\/marinacoruna\/"]}]}},"_links":{"self":[{"href":"https:\/\/marinacoruna.es\/gl\/wp-json\/wp\/v2\/pages\/6186","targetHints":{"allow":["GET"]}}],"collection":[{"href":"https:\/\/marinacoruna.es\/gl\/wp-json\/wp\/v2\/pages"}],"about":[{"href":"https:\/\/marinacoruna.es\/gl\/wp-json\/wp\/v2\/types\/page"}],"author":[{"embeddable":true,"href":"https:\/\/marinacoruna.es\/gl\/wp-json\/wp\/v2\/users\/8"}],"replies":[{"embeddable":true,"href":"https:\/\/marinacoruna.es\/gl\/wp-json\/wp\/v2\/comments?post=6186"}],"version-history":[{"count":2,"href":"https:\/\/marinacoruna.es\/gl\/wp-json\/wp\/v2\/pages\/6186\/revisions"}],"predecessor-version":[{"id":6188,"href":"https:\/\/marinacoruna.es\/gl\/wp-json\/wp\/v2\/pages\/6186\/revisions\/6188"}],"wp:attachment":[{"href":"https:\/\/marinacoruna.es\/gl\/wp-json\/wp\/v2\/media?parent=6186"}],"curies":[{"name":"wp","href":"https:\/\/api.w.org\/{rel}","templated":true}]}}