{"id":6174,"date":"2021-11-22T18:50:36","date_gmt":"2021-11-22T17:50:36","guid":{"rendered":"https:\/\/marinacoruna.es\/equipo-de-regatas\/"},"modified":"2025-02-24T11:10:14","modified_gmt":"2025-02-24T10:10:14","slug":"equipo-de-regatas","status":"publish","type":"page","link":"https:\/\/marinacoruna.es\/gl\/equipo-de-regatas\/","title":{"rendered":"Equipo de regatas"},"content":{"rendered":"<p>[et_pb_section fb_built=&#8221;1&#8243; _builder_version=&#8221;4.16&#8243; _module_preset=&#8221;default&#8221; background_image=&#8221;https:\/\/marinacoruna.es\/wp-content\/uploads\/fondoEscuela01.jpg&#8221; background_position=&#8221;bottom_center&#8221; min_height=&#8221;500px&#8221; custom_padding=&#8221;60px||60px||true|false&#8221; bottom_divider_style=&#8221;wave2&#8243; bottom_divider_color=&#8221;#FFFFFF&#8221; global_colors_info=&#8221;{}&#8221;][et_pb_row column_structure=&#8221;1_2,1_2&#8243; _builder_version=&#8221;4.22.0&#8243; _module_preset=&#8221;default&#8221; background_enable_color=&#8221;off&#8221; custom_padding=&#8221;||||false|false&#8221; hover_enabled=&#8221;0&#8243; global_colors_info=&#8221;{}&#8221; module_class=&#8221;contenedor-columnasbanner&#8221; sticky_enabled=&#8221;0&#8243; locked=&#8221;off&#8221;][et_pb_column type=&#8221;1_2&#8243; _builder_version=&#8221;4.16&#8243; _module_preset=&#8221;default&#8221; global_colors_info=&#8221;{}&#8221;][et_pb_text _builder_version=&#8221;4.22.0&#8243; _module_preset=&#8221;default&#8221; header_text_color=&#8221;#ffcc00&#8243; header_font_size=&#8221;56px&#8221; header_line_height=&#8221;1.2em&#8221; hover_enabled=&#8221;0&#8243; header_font_size_tablet=&#8221;&#8221; header_font_size_phone=&#8221;42px&#8221; header_font_size_last_edited=&#8221;on|phone&#8221; global_colors_info=&#8221;{}&#8221; sticky_enabled=&#8221;0&#8243;]<\/p>\n<section style=\"display: flex; flex-direction: row; justify-content: space-between; align-items: center; flex-wrap: wrap;\">\n<div style=\"padding-right: 2rem;\">\n<h1 class=\"h1-escueladevela\" style=\"font-size: 56px; color: #ffcc00 !important; line-height: 1.2em; font-family: 'Playfair Display', Georgia, \"Times New Roman\", serif; padding-bottom: 0; font-weight: 500; text-align: left;\">\n     Equipo de Regatas<br \/>\n    <\/h1>\n<\/p><\/div>\n<\/section>\n<p>[\/et_pb_text][et_pb_image src=&#8221;https:\/\/marinacoruna.es\/wp-content\/uploads\/logoRegatas.png&#8221; title_text=&#8221;logoRegatas&#8221; module_class=&#8221;imagen-equipoderegatas&#8221; _builder_version=&#8221;4.22.0&#8243; _module_preset=&#8221;default&#8221; width=&#8221;180px&#8221; custom_margin=&#8221;0px||||false|false&#8221; custom_margin_tablet=&#8221;0px||||false|false&#8221; custom_margin_phone=&#8221;0px||||false|false&#8221; custom_margin_last_edited=&#8221;on|desktop&#8221; custom_padding=&#8221;0px||||false|false&#8221; global_colors_info=&#8221;{}&#8221;][\/et_pb_image][\/et_pb_column][et_pb_column type=&#8221;1_2&#8243; _builder_version=&#8221;4.22.0&#8243; _module_preset=&#8221;default&#8221; global_colors_info=&#8221;{}&#8221;][et_pb_text _builder_version=&#8221;4.22.0&#8243; _module_preset=&#8221;default&#8221; header_text_color=&#8221;#ffcc00&#8243; header_font_size=&#8221;56px&#8221; header_line_height=&#8221;1.2em&#8221; text_orientation=&#8221;right&#8221; hover_enabled=&#8221;0&#8243; header_font_size_tablet=&#8221;&#8221; header_font_size_phone=&#8221;42px&#8221; header_font_size_last_edited=&#8221;on|phone&#8221; global_colors_info=&#8221;{}&#8221; sticky_enabled=&#8221;0&#8243;]<\/p>\n<section class=\"section-banner-columnaderecha\" style=\"display: flex; flex-direction: row; align-items: center; flex-wrap: wrap;\">\n<div class=\"contenedor-texto-y-logo\" style=\"display: flex; flex-direction: column; align-items: flex-end;\">\n<p style=\"text-align: center; color: #fff; margin-top:20px;\">\n      Coa colaboraci\u00f3n de:\n    <\/p>\n<p>    <a rel=\"noopener nofollow\" target=\"_blank\" href=\"https:\/\/www.dacoruna.gal\/portada\"><img decoding=\"async\" style=\"width: auto; height: 90px; margin-bottom: 30px;\" src=\"https:\/\/marinacoruna.es\/wp-content\/uploads\/marina-coruna-logo-deputacion-coruna-blanco-1.png\" alt=\"Deputaci\u00f3n da Coru\u00f1a\"><\/a>\n  <\/div>\n<\/section>\n<style>\n  @media (max-width: 911px) {\n    .contenedor-texto-y-logo {\n      align-items: flex-start !important;\n    }\n  }<\/p>\n<p>  @media (max-width: 760px) {\n    .h1-escueladevela{\n      font-size: 43px !important;\n    }\n  }<\/p>\n<p>  @media (max-width: 534px) {\n    .escueladevela-banner {\n      padding-top: 50px !important;\n    }\n  }<\/p>\n<p>  @media (max-width: 419px) {\n        .escueladevela-banner {\n      padding-top: 20px !important;\n    }\n  }\n<\/style>\n<p>[\/et_pb_text][\/et_pb_column][\/et_pb_row][\/et_pb_section][et_pb_section fb_built=&#8221;1&#8243; module_id=&#8221;escola&#8221; _builder_version=&#8221;4.21.0&#8243; _module_preset=&#8221;default&#8221; top_divider_style=&#8221;none&#8221; top_divider_color=&#8221;#f4f4f4&#8243; top_divider_height=&#8221;50px&#8221; bottom_divider_style=&#8221;none&#8221; bottom_divider_color=&#8221;#f4f4f4&#8243; bottom_divider_height=&#8221;50px&#8221; border_color_top=&#8221;#cccccc&#8221; global_colors_info=&#8221;{}&#8221;][et_pb_row column_structure=&#8221;1_2,1_2&#8243; _builder_version=&#8221;4.16&#8243; _module_preset=&#8221;default&#8221; background_enable_color=&#8221;off&#8221; custom_margin=&#8221;||50px||false|false&#8221; custom_padding=&#8221;50px||50px||true|false&#8221; border_color_all=&#8221;#23abbb&#8221; global_colors_info=&#8221;{}&#8221;][et_pb_column type=&#8221;1_2&#8243; _builder_version=&#8221;4.16&#8243; _module_preset=&#8221;default&#8221; global_colors_info=&#8221;{}&#8221;][et_pb_image src=&#8221;https:\/\/marinacoruna.es\/wp-content\/uploads\/equipoRegatas01.jpg&#8221; title_text=&#8221;Equipo Regatas Marina Coru\u00f1a&#8221; align=&#8221;center&#8221; _builder_version=&#8221;4.16&#8243; _module_preset=&#8221;default&#8221; global_colors_info=&#8221;{}&#8221;][\/et_pb_image][\/et_pb_column][et_pb_column type=&#8221;1_2&#8243; _builder_version=&#8221;4.16&#8243; _module_preset=&#8221;default&#8221; global_colors_info=&#8221;{}&#8221;][et_pb_text _builder_version=&#8221;4.16&#8243; _module_preset=&#8221;default&#8221; text_font_size=&#8221;18px&#8221; max_width=&#8221;900px&#8221; module_alignment=&#8221;center&#8221; animation_style=&#8221;zoom&#8221; global_colors_info=&#8221;{}&#8221;]<\/p>\n<blockquote>\n<p><strong>Competindo cos mellores profesionais.<\/strong><\/p>\n<\/blockquote>\n<p>Marina Coru\u00f1a conta cun equipo de regatas de competici\u00f3n en diferentes categor\u00edas de vela lixeira, guiada por <strong>Chuny Bermudez de Castro<\/strong>. Tr\u00e1tase dunha excelente forma de iniciarse e perfeccionar as t\u00e9cnicas da competici\u00f3n de vela.<\/p>\n<p>Dirixida por<strong> Jose Ramon Pardo Galdo &#8216;Pichis&#8217;<\/strong>, regatista reco\u00f1ecido a nivel rexional, estatal e mundial en clases Optimist, L\u00e1ser e Snipe e adestrada por <strong>Roberto Vidal Torrente<\/strong>, con m\u00e1is de 15 anos adestrando a regatistas de diversas categor\u00edas de nivel rexional e nacional.<\/p>\n<p>[\/et_pb_text][\/et_pb_column][\/et_pb_row][\/et_pb_section][et_pb_section fb_built=&#8221;1&#8243; _builder_version=&#8221;4.16&#8243; _module_preset=&#8221;default&#8221; background_color=&#8221;#f4f4f4&#8243; border_width_all=&#8221;1px&#8221; border_color_all=&#8221;#cccccc&#8221; global_colors_info=&#8221;{}&#8221;][et_pb_row _builder_version=&#8221;4.16&#8243; _module_preset=&#8221;default&#8221; background_enable_color=&#8221;off&#8221; max_width=&#8221;800px&#8221; custom_margin=&#8221;||||false|false&#8221; custom_padding=&#8221;||||false|false&#8221; border_color_all=&#8221;#23abbb&#8221; global_colors_info=&#8221;{}&#8221;][et_pb_column type=&#8221;4_4&#8243; _builder_version=&#8221;4.16&#8243; _module_preset=&#8221;default&#8221; global_colors_info=&#8221;{}&#8221;][et_pb_team_member name=&#8221;Roberto Berm\u00fadez de Castro &#8216;Chuny'&#8221; position=&#8221;Inxenieiro Industrial&#8221; image_url=&#8221;https:\/\/marinacoruna.es\/wp-content\/uploads\/chuny.jpg&#8221; linkedin_url=&#8221;https:\/\/es.linkedin.com\/in\/roberto-berm%C3%BAdez-de-castro-mu%C3%B1oz-4ba4a5122&#8243; admin_label=&#8221;chuny&#8221; _builder_version=&#8221;4.16&#8243; _module_preset=&#8221;default&#8221; background_color=&#8221;#FFFFFF&#8221; custom_padding=&#8221;30px|30px|30px|30px|true|true&#8221; border_radii=&#8221;on|5px|5px|5px|5px&#8221; border_width_all=&#8221;1px&#8221; border_color_all=&#8221;#cccccc&#8221; global_colors_info=&#8221;{}&#8221;]<\/p>\n<p>Director FIgrupo Marinas (Marina Coru\u00f1a, Marina Coru\u00f1a Varadero, Marina Viveiro).<br \/>Presidente do Club N\u00e1utico Marina Coru\u00f1a.<br \/>Regatista ol\u00edmpico, Volta Mundialista, Copa Am\u00e9rica.<\/p>\n<p>[\/et_pb_team_member][et_pb_team_member name=&#8221;Jos\u00e9 Ram\u00f3n Pardo Galdo &#8216;Pichis'&#8221; position=&#8221;Avogado&#8221; image_url=&#8221;https:\/\/marinacoruna.es\/wp-content\/uploads\/pichis.jpg&#8221; facebook_url=&#8221;https:\/\/es-la.facebook.com\/pichis.pardogaldo&#8221; linkedin_url=&#8221;https:\/\/es.linkedin.com\/in\/jose-ramon-pardo-galdo-b3361b1a2&#8243; admin_label=&#8221;pichis&#8221; _builder_version=&#8221;4.16&#8243; _module_preset=&#8221;default&#8221; background_color=&#8221;#FFFFFF&#8221; custom_padding=&#8221;30px|30px|30px|30px|true|true&#8221; border_radii=&#8221;on|5px|5px|5px|5px&#8221; border_width_all=&#8221;1px&#8221; border_color_all=&#8221;#cccccc&#8221; global_colors_info=&#8221;{}&#8221;]<\/p>\n<p>Director equipo de Regatas Marina Coru\u00f1a.<br \/>Regatista en clases Optimist, L\u00e1ser e Snipe, obtendo grandes resultados a nivel rexional, estatal e internacional.<br \/>20 anos de experiencia adestrando a equipos de regatas, sendo varias veces seleccionador galego de clase Optimist e L\u00e1ser.<\/p>\n<p>[\/et_pb_team_member][\/et_pb_column][\/et_pb_row][\/et_pb_section][et_pb_section fb_built=&#8221;1&#8243; _builder_version=&#8221;4.16&#8243; _module_preset=&#8221;default&#8221; custom_padding=&#8221;||100px||false|false&#8221; bottom_divider_style=&#8221;wave2&#8243; bottom_divider_color=&#8221;#222222&#8243; bottom_divider_height=&#8221;50px&#8221; global_colors_info=&#8221;{}&#8221;][et_pb_row column_structure=&#8221;1_2,1_2&#8243; make_equal=&#8221;on&#8221; _builder_version=&#8221;4.16&#8243; _module_preset=&#8221;default&#8221; global_colors_info=&#8221;{}&#8221;][et_pb_column type=&#8221;1_2&#8243; _builder_version=&#8221;4.16&#8243; _module_preset=&#8221;default&#8221; global_colors_info=&#8221;{}&#8221;][et_pb_cta title=&#8221;TARIFAS &#8221; button_url=&#8221;\/wp-content\/uploads\/tarifas\/TarifasEquipoRegatas.pdf&#8221; url_new_window=&#8221;on&#8221; button_text=&#8221;VER TARIFAS&#8221; admin_label=&#8221;tarifas&#8221; _builder_version=&#8221;4.16&#8243; _module_preset=&#8221;default&#8221; header_font=&#8221;Work Sans||||||||&#8221; header_text_color=&#8221;#ffcc00&#8243; background_color=&#8221;#23abbb&#8221; custom_button=&#8221;on&#8221; button_text_size=&#8221;18px&#8221; button_text_color=&#8221;#000000&#8243; button_bg_color=&#8221;#ffcc00&#8243; button_border_width=&#8221;2px&#8221; button_border_color=&#8221;#ffcc00&#8243; animation_style=&#8221;slide&#8221; animation_direction=&#8221;left&#8221; global_colors_info=&#8221;{}&#8221;]<\/p>\n<p>Dispo\u00f1emos de tarifas axustadas.<\/p>\n<p>[\/et_pb_cta][\/et_pb_column][et_pb_column type=&#8221;1_2&#8243; _builder_version=&#8221;4.16&#8243; _module_preset=&#8221;default&#8221; background_enable_color=&#8221;off&#8221; custom_padding=&#8221;||||false|false&#8221; global_colors_info=&#8221;{}&#8221;][et_pb_cta title=&#8221;INSCRIPCI\u00d3NS E INFORMACI\u00d3N&#8221; button_url=&#8221;\/gl\/#contacto&#8221; url_new_window=&#8221;on&#8221; button_text=&#8221;CONTACTAR&#8221; module_class=&#8221;cajaverde&#8221; _builder_version=&#8221;4.21.0&#8243; _module_preset=&#8221;default&#8221; header_font=&#8221;Work Sans||||||||&#8221; header_text_color=&#8221;#ffcc00&#8243; background_color=&#8221;#23abbb&#8221; custom_button=&#8221;on&#8221; button_text_size=&#8221;18px&#8221; button_text_color=&#8221;#000000&#8243; button_bg_color=&#8221;#ffcc00&#8243; button_border_width=&#8221;2px&#8221; button_border_color=&#8221;#ffcc00&#8243; animation_style=&#8221;slide&#8221; animation_direction=&#8221;right&#8221; global_colors_info=&#8221;{}&#8221;]<\/p>\n<p>Horario de ver\u00e1n. Luns-Martes-M\u00e9rcores de 16:00 a 20:00<\/p>\n<p>Ch\u00e1manos ao tel\u00e9fono 881 920 482 de 9:00 a 14:00 e de 15:00 a 18:00 ou contacta desde o noso formulario.<\/p>\n<p>[\/et_pb_cta][\/et_pb_column][\/et_pb_row][\/et_pb_section]<\/p>\n","protected":false},"excerpt":{"rendered":"<p>Equipo de Regatas Coa colaboraci\u00f3n de: Competindo cos mellores profesionais. Marina Coru\u00f1a conta cun equipo de regatas de competici\u00f3n en diferentes categor\u00edas de vela lixeira, guiada por Chuny Bermudez de Castro. Tr\u00e1tase dunha excelente forma de iniciarse e perfeccionar as t\u00e9cnicas da competici\u00f3n de vela. Dirixida por Jose Ramon Pardo Galdo &#8216;Pichis&#8217;, regatista reco\u00f1ecido a [&hellip;]<\/p>\n","protected":false},"author":8,"featured_media":0,"parent":0,"menu_order":0,"comment_status":"closed","ping_status":"closed","template":"","meta":{"_et_pb_use_builder":"on","_et_pb_old_content":"","_et_gb_content_width":"","pgc_sgb_lightbox_settings":"","_joinchat":[],"footnotes":""},"class_list":["post-6174","page","type-page","status-publish","hentry"],"yoast_head":"<!-- This site is optimized with the Yoast SEO plugin v26.2 - https:\/\/yoast.com\/wordpress\/plugins\/seo\/ -->\n<title>Equipo de regatas | Marina Coru\u00f1a<\/title>\n<meta name=\"robots\" content=\"index, follow, max-snippet:-1, max-image-preview:large, max-video-preview:-1\" \/>\n<link rel=\"canonical\" href=\"https:\/\/marinacoruna.es\/gl\/equipo-de-regatas\/\" \/>\n<meta property=\"og:locale\" content=\"gl_ES\" \/>\n<meta property=\"og:type\" content=\"article\" \/>\n<meta property=\"og:title\" content=\"Equipo de regatas | Marina Coru\u00f1a\" \/>\n<meta property=\"og:description\" content=\"Equipo de Regatas Coa colaboraci\u00f3n de: Competindo cos mellores profesionais. Marina Coru\u00f1a conta cun equipo de regatas de competici\u00f3n en diferentes categor\u00edas de vela lixeira, guiada por Chuny Bermudez de Castro. Tr\u00e1tase dunha excelente forma de iniciarse e perfeccionar as t\u00e9cnicas da competici\u00f3n de vela. Dirixida por Jose Ramon Pardo Galdo &#039;Pichis&#039;, regatista reco\u00f1ecido a [&hellip;]\" \/>\n<meta property=\"og:url\" content=\"https:\/\/marinacoruna.es\/gl\/equipo-de-regatas\/\" \/>\n<meta property=\"og:site_name\" content=\"Marina Coru\u00f1a\" \/>\n<meta property=\"article:publisher\" content=\"https:\/\/www.facebook.com\/marinacoruna\" \/>\n<meta property=\"article:modified_time\" content=\"2025-02-24T10:10:14+00:00\" \/>\n<meta property=\"og:image\" content=\"https:\/\/marinacoruna.es\/wp-content\/uploads\/marina-coruna-logo-deputacion-coruna-blanco-1.png\" \/>\n<meta name=\"twitter:card\" content=\"summary_large_image\" \/>\n<meta name=\"twitter:site\" content=\"@marinacoruna\" \/>\n<meta name=\"twitter:label1\" content=\"Tempo de lectura\" \/>\n\t<meta name=\"twitter:data1\" content=\"2 minutos\" \/>\n<script type=\"application\/ld+json\" class=\"yoast-schema-graph\">{\"@context\":\"https:\/\/schema.org\",\"@graph\":[{\"@type\":\"WebPage\",\"@id\":\"https:\/\/marinacoruna.es\/gl\/equipo-de-regatas\/\",\"url\":\"https:\/\/marinacoruna.es\/gl\/equipo-de-regatas\/\",\"name\":\"Equipo de regatas | Marina Coru\u00f1a\",\"isPartOf\":{\"@id\":\"https:\/\/marinacoruna.es\/gl\/#website\"},\"primaryImageOfPage\":{\"@id\":\"https:\/\/marinacoruna.es\/gl\/equipo-de-regatas\/#primaryimage\"},\"image\":{\"@id\":\"https:\/\/marinacoruna.es\/gl\/equipo-de-regatas\/#primaryimage\"},\"thumbnailUrl\":\"https:\/\/marinacoruna.es\/wp-content\/uploads\/marina-coruna-logo-deputacion-coruna-blanco-1.png\",\"datePublished\":\"2021-11-22T17:50:36+00:00\",\"dateModified\":\"2025-02-24T10:10:14+00:00\",\"breadcrumb\":{\"@id\":\"https:\/\/marinacoruna.es\/gl\/equipo-de-regatas\/#breadcrumb\"},\"inLanguage\":\"gl-ES\",\"potentialAction\":[{\"@type\":\"ReadAction\",\"target\":[\"https:\/\/marinacoruna.es\/gl\/equipo-de-regatas\/\"]}]},{\"@type\":\"ImageObject\",\"inLanguage\":\"gl-ES\",\"@id\":\"https:\/\/marinacoruna.es\/gl\/equipo-de-regatas\/#primaryimage\",\"url\":\"https:\/\/marinacoruna.es\/wp-content\/uploads\/marina-coruna-logo-deputacion-coruna-blanco-1.png\",\"contentUrl\":\"https:\/\/marinacoruna.es\/wp-content\/uploads\/marina-coruna-logo-deputacion-coruna-blanco-1.png\"},{\"@type\":\"BreadcrumbList\",\"@id\":\"https:\/\/marinacoruna.es\/gl\/equipo-de-regatas\/#breadcrumb\",\"itemListElement\":[{\"@type\":\"ListItem\",\"position\":1,\"name\":\"Portada\",\"item\":\"https:\/\/marinacoruna.es\/gl\/\"},{\"@type\":\"ListItem\",\"position\":2,\"name\":\"Equipo de regatas\"}]},{\"@type\":\"WebSite\",\"@id\":\"https:\/\/marinacoruna.es\/gl\/#website\",\"url\":\"https:\/\/marinacoruna.es\/gl\/\",\"name\":\"Marina Coru\u00f1a\",\"description\":\"Puerto deportivo en el Mar Cant\u00e1brico, amarres, varadero y taller en Galicia, Espa\u00f1a\",\"publisher\":{\"@id\":\"https:\/\/marinacoruna.es\/gl\/#organization\"},\"alternateName\":\"Marinacoruna\",\"potentialAction\":[{\"@type\":\"SearchAction\",\"target\":{\"@type\":\"EntryPoint\",\"urlTemplate\":\"https:\/\/marinacoruna.es\/gl\/?s={search_term_string}\"},\"query-input\":{\"@type\":\"PropertyValueSpecification\",\"valueRequired\":true,\"valueName\":\"search_term_string\"}}],\"inLanguage\":\"gl-ES\"},{\"@type\":\"Organization\",\"@id\":\"https:\/\/marinacoruna.es\/gl\/#organization\",\"name\":\"Marina Coru\u00f1a\",\"alternateName\":\"Marinacoruna\",\"url\":\"https:\/\/marinacoruna.es\/gl\/\",\"logo\":{\"@type\":\"ImageObject\",\"inLanguage\":\"gl-ES\",\"@id\":\"https:\/\/marinacoruna.es\/gl\/#\/schema\/logo\/image\/\",\"url\":\"https:\/\/marinacoruna.es\/wp-content\/uploads\/favicon.png\",\"contentUrl\":\"https:\/\/marinacoruna.es\/wp-content\/uploads\/favicon.png\",\"width\":512,\"height\":512,\"caption\":\"Marina Coru\u00f1a\"},\"image\":{\"@id\":\"https:\/\/marinacoruna.es\/gl\/#\/schema\/logo\/image\/\"},\"sameAs\":[\"https:\/\/www.facebook.com\/marinacoruna\",\"https:\/\/x.com\/marinacoruna\",\"https:\/\/www.instagram.com\/marinacoruna\/\"]}]}<\/script>\n<!-- \/ Yoast SEO plugin. -->","yoast_head_json":{"title":"Equipo de regatas | Marina Coru\u00f1a","robots":{"index":"index","follow":"follow","max-snippet":"max-snippet:-1","max-image-preview":"max-image-preview:large","max-video-preview":"max-video-preview:-1"},"canonical":"https:\/\/marinacoruna.es\/gl\/equipo-de-regatas\/","og_locale":"gl_ES","og_type":"article","og_title":"Equipo de regatas | Marina Coru\u00f1a","og_description":"Equipo de Regatas Coa colaboraci\u00f3n de: Competindo cos mellores profesionais. Marina Coru\u00f1a conta cun equipo de regatas de competici\u00f3n en diferentes categor\u00edas de vela lixeira, guiada por Chuny Bermudez de Castro. Tr\u00e1tase dunha excelente forma de iniciarse e perfeccionar as t\u00e9cnicas da competici\u00f3n de vela. Dirixida por Jose Ramon Pardo Galdo 'Pichis', regatista reco\u00f1ecido a [&hellip;]","og_url":"https:\/\/marinacoruna.es\/gl\/equipo-de-regatas\/","og_site_name":"Marina Coru\u00f1a","article_publisher":"https:\/\/www.facebook.com\/marinacoruna","article_modified_time":"2025-02-24T10:10:14+00:00","og_image":[{"url":"https:\/\/marinacoruna.es\/wp-content\/uploads\/marina-coruna-logo-deputacion-coruna-blanco-1.png","type":"","width":"","height":""}],"twitter_card":"summary_large_image","twitter_site":"@marinacoruna","twitter_misc":{"Tempo de lectura":"2 minutos"},"schema":{"@context":"https:\/\/schema.org","@graph":[{"@type":"WebPage","@id":"https:\/\/marinacoruna.es\/gl\/equipo-de-regatas\/","url":"https:\/\/marinacoruna.es\/gl\/equipo-de-regatas\/","name":"Equipo de regatas | Marina Coru\u00f1a","isPartOf":{"@id":"https:\/\/marinacoruna.es\/gl\/#website"},"primaryImageOfPage":{"@id":"https:\/\/marinacoruna.es\/gl\/equipo-de-regatas\/#primaryimage"},"image":{"@id":"https:\/\/marinacoruna.es\/gl\/equipo-de-regatas\/#primaryimage"},"thumbnailUrl":"https:\/\/marinacoruna.es\/wp-content\/uploads\/marina-coruna-logo-deputacion-coruna-blanco-1.png","datePublished":"2021-11-22T17:50:36+00:00","dateModified":"2025-02-24T10:10:14+00:00","breadcrumb":{"@id":"https:\/\/marinacoruna.es\/gl\/equipo-de-regatas\/#breadcrumb"},"inLanguage":"gl-ES","potentialAction":[{"@type":"ReadAction","target":["https:\/\/marinacoruna.es\/gl\/equipo-de-regatas\/"]}]},{"@type":"ImageObject","inLanguage":"gl-ES","@id":"https:\/\/marinacoruna.es\/gl\/equipo-de-regatas\/#primaryimage","url":"https:\/\/marinacoruna.es\/wp-content\/uploads\/marina-coruna-logo-deputacion-coruna-blanco-1.png","contentUrl":"https:\/\/marinacoruna.es\/wp-content\/uploads\/marina-coruna-logo-deputacion-coruna-blanco-1.png"},{"@type":"BreadcrumbList","@id":"https:\/\/marinacoruna.es\/gl\/equipo-de-regatas\/#breadcrumb","itemListElement":[{"@type":"ListItem","position":1,"name":"Portada","item":"https:\/\/marinacoruna.es\/gl\/"},{"@type":"ListItem","position":2,"name":"Equipo de regatas"}]},{"@type":"WebSite","@id":"https:\/\/marinacoruna.es\/gl\/#website","url":"https:\/\/marinacoruna.es\/gl\/","name":"Marina Coru\u00f1a","description":"Puerto deportivo en el Mar Cant\u00e1brico, amarres, varadero y taller en Galicia, Espa\u00f1a","publisher":{"@id":"https:\/\/marinacoruna.es\/gl\/#organization"},"alternateName":"Marinacoruna","potentialAction":[{"@type":"SearchAction","target":{"@type":"EntryPoint","urlTemplate":"https:\/\/marinacoruna.es\/gl\/?s={search_term_string}"},"query-input":{"@type":"PropertyValueSpecification","valueRequired":true,"valueName":"search_term_string"}}],"inLanguage":"gl-ES"},{"@type":"Organization","@id":"https:\/\/marinacoruna.es\/gl\/#organization","name":"Marina Coru\u00f1a","alternateName":"Marinacoruna","url":"https:\/\/marinacoruna.es\/gl\/","logo":{"@type":"ImageObject","inLanguage":"gl-ES","@id":"https:\/\/marinacoruna.es\/gl\/#\/schema\/logo\/image\/","url":"https:\/\/marinacoruna.es\/wp-content\/uploads\/favicon.png","contentUrl":"https:\/\/marinacoruna.es\/wp-content\/uploads\/favicon.png","width":512,"height":512,"caption":"Marina Coru\u00f1a"},"image":{"@id":"https:\/\/marinacoruna.es\/gl\/#\/schema\/logo\/image\/"},"sameAs":["https:\/\/www.facebook.com\/marinacoruna","https:\/\/x.com\/marinacoruna","https:\/\/www.instagram.com\/marinacoruna\/"]}]}},"_links":{"self":[{"href":"https:\/\/marinacoruna.es\/gl\/wp-json\/wp\/v2\/pages\/6174","targetHints":{"allow":["GET"]}}],"collection":[{"href":"https:\/\/marinacoruna.es\/gl\/wp-json\/wp\/v2\/pages"}],"about":[{"href":"https:\/\/marinacoruna.es\/gl\/wp-json\/wp\/v2\/types\/page"}],"author":[{"embeddable":true,"href":"https:\/\/marinacoruna.es\/gl\/wp-json\/wp\/v2\/users\/8"}],"replies":[{"embeddable":true,"href":"https:\/\/marinacoruna.es\/gl\/wp-json\/wp\/v2\/comments?post=6174"}],"version-history":[{"count":5,"href":"https:\/\/marinacoruna.es\/gl\/wp-json\/wp\/v2\/pages\/6174\/revisions"}],"predecessor-version":[{"id":6807,"href":"https:\/\/marinacoruna.es\/gl\/wp-json\/wp\/v2\/pages\/6174\/revisions\/6807"}],"wp:attachment":[{"href":"https:\/\/marinacoruna.es\/gl\/wp-json\/wp\/v2\/media?parent=6174"}],"curies":[{"name":"wp","href":"https:\/\/api.w.org\/{rel}","templated":true}]}}