{"id":6173,"date":"2023-02-09T18:02:30","date_gmt":"2023-02-09T17:02:30","guid":{"rendered":"https:\/\/marinacoruna.es\/cabos\/"},"modified":"2023-02-09T18:02:30","modified_gmt":"2023-02-09T17:02:30","slug":"cabos","status":"publish","type":"page","link":"https:\/\/marinacoruna.es\/gl\/cabos\/","title":{"rendered":"Cabos"},"content":{"rendered":"<p>[et_pb_section fb_built=&#8221;1&#8243; _builder_version=&#8221;4.20.2&#8243; _module_preset=&#8221;default&#8221; background_image=&#8221;https:\/\/marinacoruna.es\/wp-content\/uploads\/fondoCabos.jpg&#8221; min_height=&#8221;400px&#8221; global_module=&#8221;5554&#8243; saved_tabs=&#8221;all&#8221; global_colors_info=&#8221;{}&#8221;][et_pb_row _builder_version=&#8221;4.20.2&#8243; _module_preset=&#8221;default&#8221; global_colors_info=&#8221;{}&#8221;][et_pb_column type=&#8221;4_4&#8243; _builder_version=&#8221;4.20.2&#8243; _module_preset=&#8221;default&#8221; global_colors_info=&#8221;{}&#8221;][et_pb_text module_class=&#8221;titulocabos&#8221; _builder_version=&#8221;4.20.2&#8243; _module_preset=&#8221;default&#8221; header_text_color=&#8221;#ffcc00&#8243; header_font_size=&#8221;45px&#8221; header_line_height=&#8221;1.3em&#8221; background_color=&#8221;rgba(0,48,71,0.6)&#8221; custom_margin=&#8221;100px||||false|false&#8221; custom_padding=&#8221;25px|50px|25px|50px|true|true&#8221; header_font_size_tablet=&#8221;45px&#8221; header_font_size_phone=&#8221;31px&#8221; header_font_size_last_edited=&#8221;on|desktop&#8221; custom_css_main_element=&#8221;display:inline-block;&#8221; global_colors_info=&#8221;{}&#8221;]<\/p>\n<h1>Venta de Cabos<br \/>en Marina Coru\u00f1a Varadero<\/h1>\n<p>[\/et_pb_text][\/et_pb_column][\/et_pb_row][\/et_pb_section][et_pb_section fb_built=&#8221;1&#8243; _builder_version=&#8221;4.20.2&#8243; _module_preset=&#8221;default&#8221; background_color=&#8221;#f4f4f4&#8243; global_colors_info=&#8221;{}&#8221;][et_pb_row column_structure=&#8221;1_4,3_4&#8243; _builder_version=&#8221;4.20.2&#8243; _module_preset=&#8221;default&#8221; global_colors_info=&#8221;{}&#8221;][et_pb_column type=&#8221;1_4&#8243; _builder_version=&#8221;4.20.2&#8243; _module_preset=&#8221;default&#8221; global_colors_info=&#8221;{}&#8221;][et_pb_code _builder_version=&#8221;4.20.2&#8243; _module_preset=&#8221;default&#8221; global_colors_info=&#8221;{}&#8221;]        <form\r\n\t\t\tdata-post-id=\"6173\"\r\n\t\t\tdata-slug=\"wpf_63e532f709c9b\"\r\n\t\t\taction=\"https:\/\/marinacoruna.es\/gl\/cabos\/\"\r\n\t\t\tdata-shop=\"https:\/\/marinacoruna.es\/gl\/cabos\/\"\r\n\t\t\tmethod=\"get\"\r\n\t\t\tclass=\"wpf_form wpf_form_wpf_63e532f709c9b wpf_submit_on_change\"\r\n\t\t\tstyle=\"visibility: hidden;\"\r\n\t\t\tdata-infinitybuffer=\"300\"\r\n\t\t>\r\n            <input type=\"hidden\" name=\"wpf\" value=\"wpf_63e532f709c9b\" \/>\r\n\t\t\t<input type=\"hidden\" name=\"orderby\" value=\"\" \/>\r\n\t\t\t<input type=\"hidden\" name=\"wpf_cols\" value=\"\" \/>\r\n\t\t\t<input type=\"hidden\" name=\"wpf_page\" value=\"1\" \/>\r\n\t\t\t                        <div class=\"wpf_items_wrapper wpf_layout_vertical\">\r\n                                                                                                                <div class=\"wpf_item wpf_item_wpf_cat\">\r\n                                                                    <label class=\"wpf_item_name\" for=\"wpf_wpf_63e532f709c9b_item_wpf_cat\">Categor\u00eda<\/label>\r\n                                                                                                <ul class=\"wpf_hierachy\">\r\n                                                                                        \r\n                    \r\n                            <li class=\"wpf_product_cat_100\">\r\n                                                                    <input   id=\"wpf_wpf_63e532f709c9b_100\" type=\"checkbox\" name=\"wpf_categoria[]\" value=\"crucero\" \/>\r\n                        <label                                 for=\"wpf_wpf_63e532f709c9b_100\">\r\n                            Crucero                                                    <\/label>\r\n                    \r\n                    <span class=\"wpf_item_count\">14<\/span>                                    <\/li>\r\n                                \r\n                            <li class=\"wpf_product_cat_99\">\r\n                                                                    <input   id=\"wpf_wpf_63e532f709c9b_99\" type=\"checkbox\" name=\"wpf_categoria[]\" value=\"regata\" \/>\r\n                        <label                                 for=\"wpf_wpf_63e532f709c9b_99\">\r\n                            Regata                                                    <\/label>\r\n                    \r\n                    <span class=\"wpf_item_count\">6<\/span>                                    <\/li>\r\n                                \r\n                            <li class=\"wpf_product_cat_101\">\r\n                                                                    <input   id=\"wpf_wpf_63e532f709c9b_101\" type=\"checkbox\" name=\"wpf_categoria[]\" value=\"velaligera\" \/>\r\n                        <label                                 for=\"wpf_wpf_63e532f709c9b_101\">\r\n                            Vela ligera                                                    <\/label>\r\n                    \r\n                    <span class=\"wpf_item_count\">5<\/span>                                    <\/li>\r\n                                                                                                            <\/ul>\t\t\t\t\t\t\t\t\t                                                            <\/div>\r\n                                                                                                                                                                                <\/div>\r\n            \r\n\t\t\t<div class=\"wpf-no-products-found\" style=\"display: none;\">\r\n\t\t\t\t<p class=\"woocommerce-info\">No existen productos con tu selecci\u00f3n.<\/p>\r\n\t\t\t<\/div>\r\n        <\/form>\r\n        [\/et_pb_code][\/et_pb_column][et_pb_column type=&#8221;3_4&#8243; _builder_version=&#8221;4.20.2&#8243; _module_preset=&#8221;default&#8221; global_colors_info=&#8221;{}&#8221;][et_pb_shop _builder_version=&#8221;4.20.2&#8243; _module_preset=&#8221;default&#8221; global_colors_info=&#8221;{}&#8221;][\/et_pb_shop][\/et_pb_column][\/et_pb_row][\/et_pb_section]<\/p>\n","protected":false},"excerpt":{"rendered":"<p>Venta de Cabosen Marina Coru\u00f1a Varadero        <form\r\n\t\t\tdata-post-id=\"6173\"\r\n\t\t\tdata-slug=\"wpf_63e532f709c9b\"\r\n\t\t\taction=\"https:\/\/marinacoruna.es\/gl\/cabos\/\"\r\n\t\t\tdata-shop=\"https:\/\/marinacoruna.es\/gl\/cabos\/\"\r\n\t\t\tmethod=\"get\"\r\n\t\t\tclass=\"wpf_form wpf_form_wpf_63e532f709c9b wpf_submit_on_change\"\r\n\t\t\tstyle=\"visibility: hidden;\"\r\n\t\t\tdata-infinitybuffer=\"300\"\r\n\t\t>\r\n            <input type=\"hidden\" name=\"wpf\" value=\"wpf_63e532f709c9b\" \/>\r\n\t\t\t<input type=\"hidden\" name=\"orderby\" value=\"\" \/>\r\n\t\t\t<input type=\"hidden\" name=\"wpf_cols\" value=\"\" \/>\r\n\t\t\t<input type=\"hidden\" name=\"wpf_page\" value=\"1\" \/>\r\n\t\t\t                        <div class=\"wpf_items_wrapper wpf_layout_vertical\">\r\n                                                                                                                <div class=\"wpf_item wpf_item_wpf_cat\">\r\n                                                                    <label class=\"wpf_item_name\" for=\"wpf_wpf_63e532f709c9b_item_wpf_cat\">Categor\u00eda<\/label>\r\n                                                                                                <ul class=\"wpf_hierachy\">\r\n                                                                                        \r\n                    \r\n                            <li class=\"wpf_product_cat_100\">\r\n                                                                    <input   id=\"wpf_wpf_63e532f709c9b_100\" type=\"checkbox\" name=\"wpf_categoria[]\" value=\"crucero\" \/>\r\n                        <label                                 for=\"wpf_wpf_63e532f709c9b_100\">\r\n                            Crucero                                                    <\/label>\r\n                    \r\n                    <span class=\"wpf_item_count\">14<\/span>                                    <\/li>\r\n                                \r\n                            <li class=\"wpf_product_cat_99\">\r\n                                                                    <input   id=\"wpf_wpf_63e532f709c9b_99\" type=\"checkbox\" name=\"wpf_categoria[]\" value=\"regata\" \/>\r\n                        <label                                 for=\"wpf_wpf_63e532f709c9b_99\">\r\n                            Regata                                                    <\/label>\r\n                    \r\n                    <span class=\"wpf_item_count\">6<\/span>                                    <\/li>\r\n                                \r\n                            <li class=\"wpf_product_cat_101\">\r\n                                                                    <input   id=\"wpf_wpf_63e532f709c9b_101\" type=\"checkbox\" name=\"wpf_categoria[]\" value=\"velaligera\" \/>\r\n                        <label                                 for=\"wpf_wpf_63e532f709c9b_101\">\r\n                            Vela ligera                                                    <\/label>\r\n                    \r\n                    <span class=\"wpf_item_count\">5<\/span>                                    <\/li>\r\n                                                                                                            <\/ul>\t\t\t\t\t\t\t\t\t                                                            <\/div>\r\n                                                                                                                                                                                <\/div>\r\n            \r\n\t\t\t<div class=\"wpf-no-products-found\" style=\"display: none;\">\r\n\t\t\t\t<p class=\"woocommerce-info\">No existen productos con tu selecci\u00f3n.<\/p>\r\n\t\t\t<\/div>\r\n        <\/form>\r\n        <\/p>\n","protected":false},"author":8,"featured_media":0,"parent":0,"menu_order":0,"comment_status":"closed","ping_status":"closed","template":"","meta":{"_et_pb_use_builder":"on","_et_pb_old_content":"","_et_gb_content_width":"","pgc_sgb_lightbox_settings":"","_joinchat":[],"footnotes":""},"class_list":["post-6173","page","type-page","status-publish","hentry"],"yoast_head":"<!-- This site is optimized with the Yoast SEO plugin v26.2 - https:\/\/yoast.com\/wordpress\/plugins\/seo\/ -->\n<title>Cabos | Marina Coru\u00f1a<\/title>\n<meta name=\"robots\" content=\"index, follow, max-snippet:-1, max-image-preview:large, max-video-preview:-1\" \/>\n<link rel=\"canonical\" href=\"https:\/\/marinacoruna.es\/gl\/cabos\/\" \/>\n<meta property=\"og:locale\" content=\"gl_ES\" \/>\n<meta property=\"og:type\" content=\"article\" \/>\n<meta property=\"og:title\" content=\"Cabos | Marina Coru\u00f1a\" \/>\n<meta property=\"og:description\" content=\"Venta de Cabosen Marina Coru\u00f1a Varadero\" \/>\n<meta property=\"og:url\" content=\"https:\/\/marinacoruna.es\/gl\/cabos\/\" \/>\n<meta property=\"og:site_name\" content=\"Marina Coru\u00f1a\" \/>\n<meta property=\"article:publisher\" content=\"https:\/\/www.facebook.com\/marinacoruna\" \/>\n<meta property=\"og:image\" content=\"https:\/\/marinacoruna.es\/wp-content\/uploads\/logoMcoruna.png\" \/>\n\t<meta property=\"og:image:width\" content=\"218\" \/>\n\t<meta property=\"og:image:height\" content=\"58\" \/>\n\t<meta property=\"og:image:type\" content=\"image\/png\" \/>\n<meta name=\"twitter:card\" content=\"summary_large_image\" \/>\n<meta name=\"twitter:site\" content=\"@marinacoruna\" \/>\n<meta name=\"twitter:label1\" content=\"Tempo de lectura\" \/>\n\t<meta name=\"twitter:data1\" content=\"1 minuto\" \/>\n<script type=\"application\/ld+json\" class=\"yoast-schema-graph\">{\"@context\":\"https:\/\/schema.org\",\"@graph\":[{\"@type\":\"WebPage\",\"@id\":\"https:\/\/marinacoruna.es\/gl\/cabos\/\",\"url\":\"https:\/\/marinacoruna.es\/gl\/cabos\/\",\"name\":\"Cabos | Marina Coru\u00f1a\",\"isPartOf\":{\"@id\":\"https:\/\/marinacoruna.es\/gl\/#website\"},\"datePublished\":\"2023-02-09T17:02:30+00:00\",\"breadcrumb\":{\"@id\":\"https:\/\/marinacoruna.es\/gl\/cabos\/#breadcrumb\"},\"inLanguage\":\"gl-ES\",\"potentialAction\":[{\"@type\":\"ReadAction\",\"target\":[\"https:\/\/marinacoruna.es\/gl\/cabos\/\"]}]},{\"@type\":\"BreadcrumbList\",\"@id\":\"https:\/\/marinacoruna.es\/gl\/cabos\/#breadcrumb\",\"itemListElement\":[{\"@type\":\"ListItem\",\"position\":1,\"name\":\"Portada\",\"item\":\"https:\/\/marinacoruna.es\/gl\/\"},{\"@type\":\"ListItem\",\"position\":2,\"name\":\"Cabos\"}]},{\"@type\":\"WebSite\",\"@id\":\"https:\/\/marinacoruna.es\/gl\/#website\",\"url\":\"https:\/\/marinacoruna.es\/gl\/\",\"name\":\"Marina Coru\u00f1a\",\"description\":\"Puerto deportivo en el Mar Cant\u00e1brico, amarres, varadero y taller en Galicia, Espa\u00f1a\",\"publisher\":{\"@id\":\"https:\/\/marinacoruna.es\/gl\/#organization\"},\"alternateName\":\"Marinacoruna\",\"potentialAction\":[{\"@type\":\"SearchAction\",\"target\":{\"@type\":\"EntryPoint\",\"urlTemplate\":\"https:\/\/marinacoruna.es\/gl\/?s={search_term_string}\"},\"query-input\":{\"@type\":\"PropertyValueSpecification\",\"valueRequired\":true,\"valueName\":\"search_term_string\"}}],\"inLanguage\":\"gl-ES\"},{\"@type\":\"Organization\",\"@id\":\"https:\/\/marinacoruna.es\/gl\/#organization\",\"name\":\"Marina Coru\u00f1a\",\"alternateName\":\"Marinacoruna\",\"url\":\"https:\/\/marinacoruna.es\/gl\/\",\"logo\":{\"@type\":\"ImageObject\",\"inLanguage\":\"gl-ES\",\"@id\":\"https:\/\/marinacoruna.es\/gl\/#\/schema\/logo\/image\/\",\"url\":\"https:\/\/marinacoruna.es\/wp-content\/uploads\/favicon.png\",\"contentUrl\":\"https:\/\/marinacoruna.es\/wp-content\/uploads\/favicon.png\",\"width\":512,\"height\":512,\"caption\":\"Marina Coru\u00f1a\"},\"image\":{\"@id\":\"https:\/\/marinacoruna.es\/gl\/#\/schema\/logo\/image\/\"},\"sameAs\":[\"https:\/\/www.facebook.com\/marinacoruna\",\"https:\/\/x.com\/marinacoruna\",\"https:\/\/www.instagram.com\/marinacoruna\/\"]}]}<\/script>\n<!-- \/ Yoast SEO plugin. -->","yoast_head_json":{"title":"Cabos | Marina Coru\u00f1a","robots":{"index":"index","follow":"follow","max-snippet":"max-snippet:-1","max-image-preview":"max-image-preview:large","max-video-preview":"max-video-preview:-1"},"canonical":"https:\/\/marinacoruna.es\/gl\/cabos\/","og_locale":"gl_ES","og_type":"article","og_title":"Cabos | Marina Coru\u00f1a","og_description":"Venta de Cabosen Marina Coru\u00f1a Varadero","og_url":"https:\/\/marinacoruna.es\/gl\/cabos\/","og_site_name":"Marina Coru\u00f1a","article_publisher":"https:\/\/www.facebook.com\/marinacoruna","og_image":[{"width":218,"height":58,"url":"https:\/\/marinacoruna.es\/wp-content\/uploads\/logoMcoruna.png","type":"image\/png"}],"twitter_card":"summary_large_image","twitter_site":"@marinacoruna","twitter_misc":{"Tempo de lectura":"1 minuto"},"schema":{"@context":"https:\/\/schema.org","@graph":[{"@type":"WebPage","@id":"https:\/\/marinacoruna.es\/gl\/cabos\/","url":"https:\/\/marinacoruna.es\/gl\/cabos\/","name":"Cabos | Marina Coru\u00f1a","isPartOf":{"@id":"https:\/\/marinacoruna.es\/gl\/#website"},"datePublished":"2023-02-09T17:02:30+00:00","breadcrumb":{"@id":"https:\/\/marinacoruna.es\/gl\/cabos\/#breadcrumb"},"inLanguage":"gl-ES","potentialAction":[{"@type":"ReadAction","target":["https:\/\/marinacoruna.es\/gl\/cabos\/"]}]},{"@type":"BreadcrumbList","@id":"https:\/\/marinacoruna.es\/gl\/cabos\/#breadcrumb","itemListElement":[{"@type":"ListItem","position":1,"name":"Portada","item":"https:\/\/marinacoruna.es\/gl\/"},{"@type":"ListItem","position":2,"name":"Cabos"}]},{"@type":"WebSite","@id":"https:\/\/marinacoruna.es\/gl\/#website","url":"https:\/\/marinacoruna.es\/gl\/","name":"Marina Coru\u00f1a","description":"Puerto deportivo en el Mar Cant\u00e1brico, amarres, varadero y taller en Galicia, Espa\u00f1a","publisher":{"@id":"https:\/\/marinacoruna.es\/gl\/#organization"},"alternateName":"Marinacoruna","potentialAction":[{"@type":"SearchAction","target":{"@type":"EntryPoint","urlTemplate":"https:\/\/marinacoruna.es\/gl\/?s={search_term_string}"},"query-input":{"@type":"PropertyValueSpecification","valueRequired":true,"valueName":"search_term_string"}}],"inLanguage":"gl-ES"},{"@type":"Organization","@id":"https:\/\/marinacoruna.es\/gl\/#organization","name":"Marina Coru\u00f1a","alternateName":"Marinacoruna","url":"https:\/\/marinacoruna.es\/gl\/","logo":{"@type":"ImageObject","inLanguage":"gl-ES","@id":"https:\/\/marinacoruna.es\/gl\/#\/schema\/logo\/image\/","url":"https:\/\/marinacoruna.es\/wp-content\/uploads\/favicon.png","contentUrl":"https:\/\/marinacoruna.es\/wp-content\/uploads\/favicon.png","width":512,"height":512,"caption":"Marina Coru\u00f1a"},"image":{"@id":"https:\/\/marinacoruna.es\/gl\/#\/schema\/logo\/image\/"},"sameAs":["https:\/\/www.facebook.com\/marinacoruna","https:\/\/x.com\/marinacoruna","https:\/\/www.instagram.com\/marinacoruna\/"]}]}},"_links":{"self":[{"href":"https:\/\/marinacoruna.es\/gl\/wp-json\/wp\/v2\/pages\/6173","targetHints":{"allow":["GET"]}}],"collection":[{"href":"https:\/\/marinacoruna.es\/gl\/wp-json\/wp\/v2\/pages"}],"about":[{"href":"https:\/\/marinacoruna.es\/gl\/wp-json\/wp\/v2\/types\/page"}],"author":[{"embeddable":true,"href":"https:\/\/marinacoruna.es\/gl\/wp-json\/wp\/v2\/users\/8"}],"replies":[{"embeddable":true,"href":"https:\/\/marinacoruna.es\/gl\/wp-json\/wp\/v2\/comments?post=6173"}],"version-history":[{"count":0,"href":"https:\/\/marinacoruna.es\/gl\/wp-json\/wp\/v2\/pages\/6173\/revisions"}],"wp:attachment":[{"href":"https:\/\/marinacoruna.es\/gl\/wp-json\/wp\/v2\/media?parent=6173"}],"curies":[{"name":"wp","href":"https:\/\/api.w.org\/{rel}","templated":true}]}}