{"id":6169,"date":"2021-03-15T17:07:50","date_gmt":"2021-03-15T16:07:50","guid":{"rendered":"https:\/\/marinacoruna.es\/aviso-legal\/"},"modified":"2023-06-16T18:28:10","modified_gmt":"2023-06-16T16:28:10","slug":"aviso-legal","status":"publish","type":"page","link":"https:\/\/marinacoruna.es\/gl\/aviso-legal\/","title":{"rendered":"Aviso legal"},"content":{"rendered":"<p>[et_pb_section fb_built=&#8221;1&#8243; _builder_version=&#8221;4.16&#8243; _module_preset=&#8221;default&#8221; global_colors_info=&#8221;{}&#8221;][et_pb_row _builder_version=&#8221;4.16&#8243; _module_preset=&#8221;default&#8221; global_colors_info=&#8221;{}&#8221;][et_pb_column type=&#8221;4_4&#8243; _builder_version=&#8221;4.16&#8243; _module_preset=&#8221;default&#8221; global_colors_info=&#8221;{}&#8221;][et_pb_text _builder_version=&#8221;4.16&#8243; _module_preset=&#8221;default&#8221; global_colors_info=&#8221;{}&#8221;]<\/p>\n<h1>Aviso legal<\/h1>\n<p>[\/et_pb_text][et_pb_text _builder_version=&#8221;4.18.1&#8243; _module_preset=&#8221;default&#8221; hover_enabled=&#8221;0&#8243; global_colors_info=&#8221;{}&#8221; sticky_enabled=&#8221;0&#8243;]<\/p>\n<div class=\"av-special-heading av-special-heading-h1 blockquote modern-quote avia-builder-el-0 el_before_av_two_third avia-builder-el-first \">\n<h1 class=\"av-special-heading-tag \">AVISO LEGAL<\/h1>\n<\/div>\n<div class=\"flex_column av_two_third flex_column_div av-zero-column-padding first avia-builder-el-1 el_after_av_heading avia-builder-el-last \">\n<section class=\"av_textblock_section \">\n<div class=\"avia_textblock \">\n<p>I. La p\u00e1gina web https:\/\/www.marinacoruna.es\/ \u00a0ha sido creada y es mantenida por la empresa FIGRUPO MARINAS\u00a0 S.L.\u00a0\u00a0 (en adelante, FIMARINAS), con CIF n\u00famero B15997794<\/p>\n<p>FIMARINAS es una sociedad constituida de acuerdo a la legislaci\u00f3n espa\u00f1ola, e inscrita en el Registro Mercantil de A Coru\u00f1a, tomo 2971,\u00a0 folio 66, secci\u00f3n 8, \u00a0hoja n\u00famero C- 35.943.<\/p>\n<p>II. Los datos de contacto de FIMARINAS son los siguientes:<\/p>\n<p>Paseo Mar\u00edtimo alcalde Francisco V\u00e1zquez s\/n &#8211; 15001 &#8211; A Coru\u00f1a<br \/>\nTel\u00e9fono: (+34)981910803<br \/>\nEmail:\u00a0<a href=\"mailto:marina@marinacoruna.es\">marina@marinacoruna.es<\/a><\/p>\n<p>III. FIMARINAS, responsable del sitio web, pone a disposici\u00f3n de los usuarios el presente documento con el fin de dar cumplimiento a las obligaciones impuestas por la Ley 34\/202 de Servicios de la sociedad de la informaci\u00f3n y del Comercio electr\u00f3nico, as\u00ed como de informar a los usuarios del sitio web de las condiciones de uso del mismo. Toda persona que acceda a este sitio web asume el papel de usuario, comprometi\u00e9ndose a la observancia y cumplimiento riguroso de lo aqu\u00ed dispuesto, as\u00ed como de cualquier\u00a0 otra disposici\u00f3n legal que fuera de aplicaci\u00f3n.<\/p>\n<p>El responsable del sitio web se reserva el derecho a modificar cualquier tipo de informaci\u00f3n que pudiera aparecer en el mismo sin que exista obligaci\u00f3n de preavisar o poner en conocimiento de los usuarios dichas obligaciones, entendi\u00e9ndose como suficiente la publicaci\u00f3n en el sitio web del prestador.<\/p>\n<p>El prestador se exime de cualquier responsabilidad derivada de la informaci\u00f3n publicada en su sitio web siempre que est\u00e9 manipulada o haya sido introducida por un tercero ajeno al mismo.<\/p>\n<p>IV. Los distintos elementos de la p\u00e1gina web (fotograf\u00edas, art\u00edculos, v\u00eddeos, etc), as\u00ed como la p\u00e1gina web en su conjunto, est\u00e1n protegidos por la normativa espa\u00f1ola e internacional de propiedad industrial e intelectual. En especial, las marcas, logos y el resto de signos distintivos que aparecen en esta web son propiedad de FIMARINAS, o de terceros que nos han autorizado a su uso.<\/p>\n<p>Est\u00e1 prohibida la reproducci\u00f3n total o parcial de los mismos o de cualquier contenido de la Web con fines comerciales, salvo autorizaci\u00f3n expresa y por escrito de FIMARINAS.<\/p>\n<p>V. FIMARINAS no asume ninguna responsabilidad en relaci\u00f3n a los da\u00f1os que puedan producirse en los equipos o dispositivos de los usuarios como consecuencia de la navegaci\u00f3n por su p\u00e1gina web, ni ofrece ninguna garant\u00eda en cuanto a la subsanaci\u00f3n de errores de funcionamiento, o actualizaci\u00f3n de contenidos de la misma.<\/p>\n<p>VI. La navegaci\u00f3n por la web no implica la recogida de datos de car\u00e1cter personal, salvo los que el usuario decida voluntariamente facilitar a trav\u00e9s de los formularios y correos electr\u00f3nicos de contacto. No obstante, utilizamos cookies que podr\u00e1n descargarse en el equipo o en el dispositivo electr\u00f3nico desde el que accede el usuario. Para m\u00e1s informaci\u00f3n, lea nuestra pol\u00edtica de cookies.<\/p>\n<p>VII. Si desea ponerse en contacto con FIMARINAS, responsable del Sitio Web, puede hacerle a trav\u00e9s de los datos de contacto indicados en el apartado II de este aviso.<\/p>\n<\/div>\n<\/section>\n<\/div>\n<p>[\/et_pb_text][\/et_pb_column][\/et_pb_row][\/et_pb_section]<\/p>\n","protected":false},"excerpt":{"rendered":"<p>Aviso legal AVISO LEGAL I. La p\u00e1gina web https:\/\/www.marinacoruna.es\/ \u00a0ha sido creada y es mantenida por la empresa FIGRUPO MARINAS\u00a0 S.L.\u00a0\u00a0 (en adelante, FIMARINAS), con CIF n\u00famero B15997794 FIMARINAS es una sociedad constituida de acuerdo a la legislaci\u00f3n espa\u00f1ola, e inscrita en el Registro Mercantil de A Coru\u00f1a, tomo 2971,\u00a0 folio 66, secci\u00f3n 8, \u00a0hoja [&hellip;]<\/p>\n","protected":false},"author":8,"featured_media":0,"parent":0,"menu_order":0,"comment_status":"closed","ping_status":"closed","template":"","meta":{"_et_pb_use_builder":"on","_et_pb_old_content":"","_et_gb_content_width":"","pgc_sgb_lightbox_settings":"","_joinchat":[],"footnotes":""},"class_list":["post-6169","page","type-page","status-publish","hentry"],"yoast_head":"<!-- This site is optimized with the Yoast SEO plugin v26.2 - https:\/\/yoast.com\/wordpress\/plugins\/seo\/ -->\n<title>Aviso legal | Marina Coru\u00f1a<\/title>\n<meta name=\"robots\" content=\"index, follow, max-snippet:-1, max-image-preview:large, max-video-preview:-1\" \/>\n<link rel=\"canonical\" href=\"https:\/\/marinacoruna.es\/gl\/aviso-legal\/\" \/>\n<meta property=\"og:locale\" content=\"gl_ES\" \/>\n<meta property=\"og:type\" content=\"article\" \/>\n<meta property=\"og:title\" content=\"Aviso legal | Marina Coru\u00f1a\" \/>\n<meta property=\"og:description\" content=\"Aviso legal AVISO LEGAL I. La p\u00e1gina web https:\/\/www.marinacoruna.es\/ \u00a0ha sido creada y es mantenida por la empresa FIGRUPO MARINAS\u00a0 S.L.\u00a0\u00a0 (en adelante, FIMARINAS), con CIF n\u00famero B15997794 FIMARINAS es una sociedad constituida de acuerdo a la legislaci\u00f3n espa\u00f1ola, e inscrita en el Registro Mercantil de A Coru\u00f1a, tomo 2971,\u00a0 folio 66, secci\u00f3n 8, \u00a0hoja [&hellip;]\" \/>\n<meta property=\"og:url\" content=\"https:\/\/marinacoruna.es\/gl\/aviso-legal\/\" \/>\n<meta property=\"og:site_name\" content=\"Marina Coru\u00f1a\" \/>\n<meta property=\"article:publisher\" content=\"https:\/\/www.facebook.com\/marinacoruna\" \/>\n<meta property=\"article:modified_time\" content=\"2023-06-16T16:28:10+00:00\" \/>\n<meta property=\"og:image\" content=\"https:\/\/marinacoruna.es\/wp-content\/uploads\/logoMcoruna.png\" \/>\n\t<meta property=\"og:image:width\" content=\"218\" \/>\n\t<meta property=\"og:image:height\" content=\"58\" \/>\n\t<meta property=\"og:image:type\" content=\"image\/png\" \/>\n<meta name=\"twitter:card\" content=\"summary_large_image\" \/>\n<meta name=\"twitter:site\" content=\"@marinacoruna\" \/>\n<meta name=\"twitter:label1\" content=\"Tempo de lectura\" \/>\n\t<meta name=\"twitter:data1\" content=\"3 minutos\" \/>\n<script type=\"application\/ld+json\" class=\"yoast-schema-graph\">{\"@context\":\"https:\/\/schema.org\",\"@graph\":[{\"@type\":\"WebPage\",\"@id\":\"https:\/\/marinacoruna.es\/gl\/aviso-legal\/\",\"url\":\"https:\/\/marinacoruna.es\/gl\/aviso-legal\/\",\"name\":\"Aviso legal | Marina Coru\u00f1a\",\"isPartOf\":{\"@id\":\"https:\/\/marinacoruna.es\/gl\/#website\"},\"datePublished\":\"2021-03-15T16:07:50+00:00\",\"dateModified\":\"2023-06-16T16:28:10+00:00\",\"breadcrumb\":{\"@id\":\"https:\/\/marinacoruna.es\/gl\/aviso-legal\/#breadcrumb\"},\"inLanguage\":\"gl-ES\",\"potentialAction\":[{\"@type\":\"ReadAction\",\"target\":[\"https:\/\/marinacoruna.es\/gl\/aviso-legal\/\"]}]},{\"@type\":\"BreadcrumbList\",\"@id\":\"https:\/\/marinacoruna.es\/gl\/aviso-legal\/#breadcrumb\",\"itemListElement\":[{\"@type\":\"ListItem\",\"position\":1,\"name\":\"Portada\",\"item\":\"https:\/\/marinacoruna.es\/gl\/\"},{\"@type\":\"ListItem\",\"position\":2,\"name\":\"Aviso legal\"}]},{\"@type\":\"WebSite\",\"@id\":\"https:\/\/marinacoruna.es\/gl\/#website\",\"url\":\"https:\/\/marinacoruna.es\/gl\/\",\"name\":\"Marina Coru\u00f1a\",\"description\":\"Puerto deportivo en el Mar Cant\u00e1brico, amarres, varadero y taller en Galicia, Espa\u00f1a\",\"publisher\":{\"@id\":\"https:\/\/marinacoruna.es\/gl\/#organization\"},\"alternateName\":\"Marinacoruna\",\"potentialAction\":[{\"@type\":\"SearchAction\",\"target\":{\"@type\":\"EntryPoint\",\"urlTemplate\":\"https:\/\/marinacoruna.es\/gl\/?s={search_term_string}\"},\"query-input\":{\"@type\":\"PropertyValueSpecification\",\"valueRequired\":true,\"valueName\":\"search_term_string\"}}],\"inLanguage\":\"gl-ES\"},{\"@type\":\"Organization\",\"@id\":\"https:\/\/marinacoruna.es\/gl\/#organization\",\"name\":\"Marina Coru\u00f1a\",\"alternateName\":\"Marinacoruna\",\"url\":\"https:\/\/marinacoruna.es\/gl\/\",\"logo\":{\"@type\":\"ImageObject\",\"inLanguage\":\"gl-ES\",\"@id\":\"https:\/\/marinacoruna.es\/gl\/#\/schema\/logo\/image\/\",\"url\":\"https:\/\/marinacoruna.es\/wp-content\/uploads\/favicon.png\",\"contentUrl\":\"https:\/\/marinacoruna.es\/wp-content\/uploads\/favicon.png\",\"width\":512,\"height\":512,\"caption\":\"Marina Coru\u00f1a\"},\"image\":{\"@id\":\"https:\/\/marinacoruna.es\/gl\/#\/schema\/logo\/image\/\"},\"sameAs\":[\"https:\/\/www.facebook.com\/marinacoruna\",\"https:\/\/x.com\/marinacoruna\",\"https:\/\/www.instagram.com\/marinacoruna\/\"]}]}<\/script>\n<!-- \/ Yoast SEO plugin. -->","yoast_head_json":{"title":"Aviso legal | Marina Coru\u00f1a","robots":{"index":"index","follow":"follow","max-snippet":"max-snippet:-1","max-image-preview":"max-image-preview:large","max-video-preview":"max-video-preview:-1"},"canonical":"https:\/\/marinacoruna.es\/gl\/aviso-legal\/","og_locale":"gl_ES","og_type":"article","og_title":"Aviso legal | Marina Coru\u00f1a","og_description":"Aviso legal AVISO LEGAL I. La p\u00e1gina web https:\/\/www.marinacoruna.es\/ \u00a0ha sido creada y es mantenida por la empresa FIGRUPO MARINAS\u00a0 S.L.\u00a0\u00a0 (en adelante, FIMARINAS), con CIF n\u00famero B15997794 FIMARINAS es una sociedad constituida de acuerdo a la legislaci\u00f3n espa\u00f1ola, e inscrita en el Registro Mercantil de A Coru\u00f1a, tomo 2971,\u00a0 folio 66, secci\u00f3n 8, \u00a0hoja [&hellip;]","og_url":"https:\/\/marinacoruna.es\/gl\/aviso-legal\/","og_site_name":"Marina Coru\u00f1a","article_publisher":"https:\/\/www.facebook.com\/marinacoruna","article_modified_time":"2023-06-16T16:28:10+00:00","og_image":[{"width":218,"height":58,"url":"https:\/\/marinacoruna.es\/wp-content\/uploads\/logoMcoruna.png","type":"image\/png"}],"twitter_card":"summary_large_image","twitter_site":"@marinacoruna","twitter_misc":{"Tempo de lectura":"3 minutos"},"schema":{"@context":"https:\/\/schema.org","@graph":[{"@type":"WebPage","@id":"https:\/\/marinacoruna.es\/gl\/aviso-legal\/","url":"https:\/\/marinacoruna.es\/gl\/aviso-legal\/","name":"Aviso legal | Marina Coru\u00f1a","isPartOf":{"@id":"https:\/\/marinacoruna.es\/gl\/#website"},"datePublished":"2021-03-15T16:07:50+00:00","dateModified":"2023-06-16T16:28:10+00:00","breadcrumb":{"@id":"https:\/\/marinacoruna.es\/gl\/aviso-legal\/#breadcrumb"},"inLanguage":"gl-ES","potentialAction":[{"@type":"ReadAction","target":["https:\/\/marinacoruna.es\/gl\/aviso-legal\/"]}]},{"@type":"BreadcrumbList","@id":"https:\/\/marinacoruna.es\/gl\/aviso-legal\/#breadcrumb","itemListElement":[{"@type":"ListItem","position":1,"name":"Portada","item":"https:\/\/marinacoruna.es\/gl\/"},{"@type":"ListItem","position":2,"name":"Aviso legal"}]},{"@type":"WebSite","@id":"https:\/\/marinacoruna.es\/gl\/#website","url":"https:\/\/marinacoruna.es\/gl\/","name":"Marina Coru\u00f1a","description":"Puerto deportivo en el Mar Cant\u00e1brico, amarres, varadero y taller en Galicia, Espa\u00f1a","publisher":{"@id":"https:\/\/marinacoruna.es\/gl\/#organization"},"alternateName":"Marinacoruna","potentialAction":[{"@type":"SearchAction","target":{"@type":"EntryPoint","urlTemplate":"https:\/\/marinacoruna.es\/gl\/?s={search_term_string}"},"query-input":{"@type":"PropertyValueSpecification","valueRequired":true,"valueName":"search_term_string"}}],"inLanguage":"gl-ES"},{"@type":"Organization","@id":"https:\/\/marinacoruna.es\/gl\/#organization","name":"Marina Coru\u00f1a","alternateName":"Marinacoruna","url":"https:\/\/marinacoruna.es\/gl\/","logo":{"@type":"ImageObject","inLanguage":"gl-ES","@id":"https:\/\/marinacoruna.es\/gl\/#\/schema\/logo\/image\/","url":"https:\/\/marinacoruna.es\/wp-content\/uploads\/favicon.png","contentUrl":"https:\/\/marinacoruna.es\/wp-content\/uploads\/favicon.png","width":512,"height":512,"caption":"Marina Coru\u00f1a"},"image":{"@id":"https:\/\/marinacoruna.es\/gl\/#\/schema\/logo\/image\/"},"sameAs":["https:\/\/www.facebook.com\/marinacoruna","https:\/\/x.com\/marinacoruna","https:\/\/www.instagram.com\/marinacoruna\/"]}]}},"_links":{"self":[{"href":"https:\/\/marinacoruna.es\/gl\/wp-json\/wp\/v2\/pages\/6169","targetHints":{"allow":["GET"]}}],"collection":[{"href":"https:\/\/marinacoruna.es\/gl\/wp-json\/wp\/v2\/pages"}],"about":[{"href":"https:\/\/marinacoruna.es\/gl\/wp-json\/wp\/v2\/types\/page"}],"author":[{"embeddable":true,"href":"https:\/\/marinacoruna.es\/gl\/wp-json\/wp\/v2\/users\/8"}],"replies":[{"embeddable":true,"href":"https:\/\/marinacoruna.es\/gl\/wp-json\/wp\/v2\/comments?post=6169"}],"version-history":[{"count":2,"href":"https:\/\/marinacoruna.es\/gl\/wp-json\/wp\/v2\/pages\/6169\/revisions"}],"predecessor-version":[{"id":6171,"href":"https:\/\/marinacoruna.es\/gl\/wp-json\/wp\/v2\/pages\/6169\/revisions\/6171"}],"wp:attachment":[{"href":"https:\/\/marinacoruna.es\/gl\/wp-json\/wp\/v2\/media?parent=6169"}],"curies":[{"name":"wp","href":"https:\/\/api.w.org\/{rel}","templated":true}]}}