{"id":5662,"date":"2023-04-12T16:47:26","date_gmt":"2023-04-12T14:47:26","guid":{"rendered":"https:\/\/marinacoruna.es\/?post_type=product&#038;p=5662"},"modified":"2023-04-14T17:50:32","modified_gmt":"2023-04-14T15:50:32","slug":"dinghy-control","status":"publish","type":"product","link":"https:\/\/marinacoruna.es\/fr\/cabos\/dinghy-control\/","title":{"rendered":"DINGHY CONTROL"},"content":{"rendered":"<p>Dinghy Control es una l\u00ednea de control polivalente de alta tecnolog\u00eda disponible en varios colores y di\u00e1metros. Esta l\u00ednea destaca por su n\u00facleo de Dyneema\u00ae SK78 coloreado, que permite mantener el control incluso en caso de sistemas de manejo complejos<\/p>\n","protected":false},"excerpt":{"rendered":"<p>L\u00cdNEA DE CONTROL DYNEEMA<\/p>\n","protected":false},"featured_media":5665,"template":"","meta":{"_et_pb_use_builder":"","_et_pb_old_content":"","_et_gb_content_width":"","pgc_sgb_lightbox_settings":"","_joinchat":[]},"product_cat":[101],"product_tag":[],"class_list":["post-5662","product","type-product","status-publish","has-post-thumbnail","hentry","product_cat-velaligera"],"yoast_head":"<!-- This site is optimized with the Yoast SEO plugin v26.2 - https:\/\/yoast.com\/wordpress\/plugins\/seo\/ -->\n<title>DINGHY CONTROL | Marina Coru\u00f1a<\/title>\n<meta name=\"robots\" content=\"index, follow, max-snippet:-1, max-image-preview:large, max-video-preview:-1\" \/>\n<link rel=\"canonical\" href=\"https:\/\/marinacoruna.es\/fr\/cabos\/dinghy-control\/\" \/>\n<meta property=\"og:locale\" content=\"fr_FR\" \/>\n<meta property=\"og:type\" content=\"article\" \/>\n<meta property=\"og:title\" content=\"DINGHY CONTROL | Marina Coru\u00f1a\" \/>\n<meta property=\"og:description\" content=\"L\u00cdNEA DE CONTROL DYNEEMA\" \/>\n<meta property=\"og:url\" content=\"https:\/\/marinacoruna.es\/fr\/cabos\/dinghy-control\/\" \/>\n<meta property=\"og:site_name\" content=\"Marina Coru\u00f1a\" \/>\n<meta property=\"article:publisher\" content=\"https:\/\/www.facebook.com\/marinacoruna\" \/>\n<meta property=\"article:modified_time\" content=\"2023-04-14T15:50:32+00:00\" \/>\n<meta property=\"og:image\" content=\"https:\/\/marinacoruna.es\/wp-content\/uploads\/Dinghy-Control-450x450px.jpg\" \/>\n\t<meta property=\"og:image:width\" content=\"450\" \/>\n\t<meta property=\"og:image:height\" content=\"450\" \/>\n\t<meta property=\"og:image:type\" content=\"image\/jpeg\" \/>\n<meta name=\"twitter:card\" content=\"summary_large_image\" \/>\n<meta name=\"twitter:site\" content=\"@marinacoruna\" \/>\n<meta name=\"twitter:label1\" content=\"Dur\u00e9e de lecture estim\u00e9e\" \/>\n\t<meta name=\"twitter:data1\" content=\"1 minute\" \/>\n<script type=\"application\/ld+json\" class=\"yoast-schema-graph\">{\"@context\":\"https:\/\/schema.org\",\"@graph\":[{\"@type\":\"WebPage\",\"@id\":\"https:\/\/marinacoruna.es\/fr\/cabos\/dinghy-control\/\",\"url\":\"https:\/\/marinacoruna.es\/fr\/cabos\/dinghy-control\/\",\"name\":\"DINGHY CONTROL | Marina Coru\u00f1a\",\"isPartOf\":{\"@id\":\"https:\/\/marinacoruna.es\/fr\/#website\"},\"primaryImageOfPage\":{\"@id\":\"https:\/\/marinacoruna.es\/fr\/cabos\/dinghy-control\/#primaryimage\"},\"image\":{\"@id\":\"https:\/\/marinacoruna.es\/fr\/cabos\/dinghy-control\/#primaryimage\"},\"thumbnailUrl\":\"https:\/\/marinacoruna.es\/wp-content\/uploads\/Dinghy-Control-450x450px.jpg\",\"datePublished\":\"2023-04-12T14:47:26+00:00\",\"dateModified\":\"2023-04-14T15:50:32+00:00\",\"breadcrumb\":{\"@id\":\"https:\/\/marinacoruna.es\/fr\/cabos\/dinghy-control\/#breadcrumb\"},\"inLanguage\":\"fr-FR\",\"potentialAction\":[{\"@type\":\"ReadAction\",\"target\":[\"https:\/\/marinacoruna.es\/fr\/cabos\/dinghy-control\/\"]}]},{\"@type\":\"ImageObject\",\"inLanguage\":\"fr-FR\",\"@id\":\"https:\/\/marinacoruna.es\/fr\/cabos\/dinghy-control\/#primaryimage\",\"url\":\"https:\/\/marinacoruna.es\/wp-content\/uploads\/Dinghy-Control-450x450px.jpg\",\"contentUrl\":\"https:\/\/marinacoruna.es\/wp-content\/uploads\/Dinghy-Control-450x450px.jpg\",\"width\":450,\"height\":450},{\"@type\":\"BreadcrumbList\",\"@id\":\"https:\/\/marinacoruna.es\/fr\/cabos\/dinghy-control\/#breadcrumb\",\"itemListElement\":[{\"@type\":\"ListItem\",\"position\":1,\"name\":\"Portada\",\"item\":\"https:\/\/marinacoruna.es\/fr\/\"},{\"@type\":\"ListItem\",\"position\":2,\"name\":\"Cabos\",\"item\":\"https:\/\/marinacoruna.es\/fr\/cabos\/\"},{\"@type\":\"ListItem\",\"position\":3,\"name\":\"DINGHY CONTROL\"}]},{\"@type\":\"WebSite\",\"@id\":\"https:\/\/marinacoruna.es\/fr\/#website\",\"url\":\"https:\/\/marinacoruna.es\/fr\/\",\"name\":\"Marina Coru\u00f1a\",\"description\":\"Port de plaisance sur la mer Cantabrique, amarres, cale s\u00e8che, cale de halage et atelier en Galice, Espagne.\",\"publisher\":{\"@id\":\"https:\/\/marinacoruna.es\/fr\/#organization\"},\"alternateName\":\"Marinacoruna\",\"potentialAction\":[{\"@type\":\"SearchAction\",\"target\":{\"@type\":\"EntryPoint\",\"urlTemplate\":\"https:\/\/marinacoruna.es\/fr\/?s={search_term_string}\"},\"query-input\":{\"@type\":\"PropertyValueSpecification\",\"valueRequired\":true,\"valueName\":\"search_term_string\"}}],\"inLanguage\":\"fr-FR\"},{\"@type\":\"Organization\",\"@id\":\"https:\/\/marinacoruna.es\/fr\/#organization\",\"name\":\"Marina Coru\u00f1a\",\"alternateName\":\"Marinacoruna\",\"url\":\"https:\/\/marinacoruna.es\/fr\/\",\"logo\":{\"@type\":\"ImageObject\",\"inLanguage\":\"fr-FR\",\"@id\":\"https:\/\/marinacoruna.es\/fr\/#\/schema\/logo\/image\/\",\"url\":\"https:\/\/marinacoruna.es\/wp-content\/uploads\/favicon.png\",\"contentUrl\":\"https:\/\/marinacoruna.es\/wp-content\/uploads\/favicon.png\",\"width\":512,\"height\":512,\"caption\":\"Marina Coru\u00f1a\"},\"image\":{\"@id\":\"https:\/\/marinacoruna.es\/fr\/#\/schema\/logo\/image\/\"},\"sameAs\":[\"https:\/\/www.facebook.com\/marinacoruna\",\"https:\/\/x.com\/marinacoruna\",\"https:\/\/www.instagram.com\/marinacoruna\/\"]}]}<\/script>\n<!-- \/ Yoast SEO plugin. -->","yoast_head_json":{"title":"DINGHY CONTROL | Marina Coru\u00f1a","robots":{"index":"index","follow":"follow","max-snippet":"max-snippet:-1","max-image-preview":"max-image-preview:large","max-video-preview":"max-video-preview:-1"},"canonical":"https:\/\/marinacoruna.es\/fr\/cabos\/dinghy-control\/","og_locale":"fr_FR","og_type":"article","og_title":"DINGHY CONTROL | Marina Coru\u00f1a","og_description":"L\u00cdNEA DE CONTROL DYNEEMA","og_url":"https:\/\/marinacoruna.es\/fr\/cabos\/dinghy-control\/","og_site_name":"Marina Coru\u00f1a","article_publisher":"https:\/\/www.facebook.com\/marinacoruna","article_modified_time":"2023-04-14T15:50:32+00:00","og_image":[{"width":450,"height":450,"url":"https:\/\/marinacoruna.es\/wp-content\/uploads\/Dinghy-Control-450x450px.jpg","type":"image\/jpeg"}],"twitter_card":"summary_large_image","twitter_site":"@marinacoruna","twitter_misc":{"Dur\u00e9e de lecture estim\u00e9e":"1 minute"},"schema":{"@context":"https:\/\/schema.org","@graph":[{"@type":"WebPage","@id":"https:\/\/marinacoruna.es\/fr\/cabos\/dinghy-control\/","url":"https:\/\/marinacoruna.es\/fr\/cabos\/dinghy-control\/","name":"DINGHY CONTROL | Marina Coru\u00f1a","isPartOf":{"@id":"https:\/\/marinacoruna.es\/fr\/#website"},"primaryImageOfPage":{"@id":"https:\/\/marinacoruna.es\/fr\/cabos\/dinghy-control\/#primaryimage"},"image":{"@id":"https:\/\/marinacoruna.es\/fr\/cabos\/dinghy-control\/#primaryimage"},"thumbnailUrl":"https:\/\/marinacoruna.es\/wp-content\/uploads\/Dinghy-Control-450x450px.jpg","datePublished":"2023-04-12T14:47:26+00:00","dateModified":"2023-04-14T15:50:32+00:00","breadcrumb":{"@id":"https:\/\/marinacoruna.es\/fr\/cabos\/dinghy-control\/#breadcrumb"},"inLanguage":"fr-FR","potentialAction":[{"@type":"ReadAction","target":["https:\/\/marinacoruna.es\/fr\/cabos\/dinghy-control\/"]}]},{"@type":"ImageObject","inLanguage":"fr-FR","@id":"https:\/\/marinacoruna.es\/fr\/cabos\/dinghy-control\/#primaryimage","url":"https:\/\/marinacoruna.es\/wp-content\/uploads\/Dinghy-Control-450x450px.jpg","contentUrl":"https:\/\/marinacoruna.es\/wp-content\/uploads\/Dinghy-Control-450x450px.jpg","width":450,"height":450},{"@type":"BreadcrumbList","@id":"https:\/\/marinacoruna.es\/fr\/cabos\/dinghy-control\/#breadcrumb","itemListElement":[{"@type":"ListItem","position":1,"name":"Portada","item":"https:\/\/marinacoruna.es\/fr\/"},{"@type":"ListItem","position":2,"name":"Cabos","item":"https:\/\/marinacoruna.es\/fr\/cabos\/"},{"@type":"ListItem","position":3,"name":"DINGHY CONTROL"}]},{"@type":"WebSite","@id":"https:\/\/marinacoruna.es\/fr\/#website","url":"https:\/\/marinacoruna.es\/fr\/","name":"Marina Coru\u00f1a","description":"Port de plaisance sur la mer Cantabrique, amarres, cale s\u00e8che, cale de halage et atelier en Galice, Espagne.","publisher":{"@id":"https:\/\/marinacoruna.es\/fr\/#organization"},"alternateName":"Marinacoruna","potentialAction":[{"@type":"SearchAction","target":{"@type":"EntryPoint","urlTemplate":"https:\/\/marinacoruna.es\/fr\/?s={search_term_string}"},"query-input":{"@type":"PropertyValueSpecification","valueRequired":true,"valueName":"search_term_string"}}],"inLanguage":"fr-FR"},{"@type":"Organization","@id":"https:\/\/marinacoruna.es\/fr\/#organization","name":"Marina Coru\u00f1a","alternateName":"Marinacoruna","url":"https:\/\/marinacoruna.es\/fr\/","logo":{"@type":"ImageObject","inLanguage":"fr-FR","@id":"https:\/\/marinacoruna.es\/fr\/#\/schema\/logo\/image\/","url":"https:\/\/marinacoruna.es\/wp-content\/uploads\/favicon.png","contentUrl":"https:\/\/marinacoruna.es\/wp-content\/uploads\/favicon.png","width":512,"height":512,"caption":"Marina Coru\u00f1a"},"image":{"@id":"https:\/\/marinacoruna.es\/fr\/#\/schema\/logo\/image\/"},"sameAs":["https:\/\/www.facebook.com\/marinacoruna","https:\/\/x.com\/marinacoruna","https:\/\/www.instagram.com\/marinacoruna\/"]}]}},"_links":{"self":[{"href":"https:\/\/marinacoruna.es\/fr\/wp-json\/wp\/v2\/product\/5662","targetHints":{"allow":["GET"]}}],"collection":[{"href":"https:\/\/marinacoruna.es\/fr\/wp-json\/wp\/v2\/product"}],"about":[{"href":"https:\/\/marinacoruna.es\/fr\/wp-json\/wp\/v2\/types\/product"}],"wp:featuredmedia":[{"embeddable":true,"href":"https:\/\/marinacoruna.es\/fr\/wp-json\/wp\/v2\/media\/5665"}],"wp:attachment":[{"href":"https:\/\/marinacoruna.es\/fr\/wp-json\/wp\/v2\/media?parent=5662"}],"wp:term":[{"taxonomy":"product_cat","embeddable":true,"href":"https:\/\/marinacoruna.es\/fr\/wp-json\/wp\/v2\/product_cat?post=5662"},{"taxonomy":"product_tag","embeddable":true,"href":"https:\/\/marinacoruna.es\/fr\/wp-json\/wp\/v2\/product_tag?post=5662"}],"curies":[{"name":"wp","href":"https:\/\/api.w.org\/{rel}","templated":true}]}}