{"id":5449,"date":"2023-03-18T18:50:33","date_gmt":"2023-03-18T17:50:33","guid":{"rendered":"https:\/\/marinacoruna.es\/?post_type=product&#038;p=5449"},"modified":"2023-04-10T18:09:48","modified_gmt":"2023-04-10T16:09:48","slug":"sirius-xts","status":"publish","type":"product","link":"https:\/\/marinacoruna.es\/fr\/cabos\/sirius-xts\/","title":{"rendered":"Sirius XTS"},"content":{"rendered":"<p>Sirius XTS se ha desarrollado especialmente para el embrague Spinlock\u00ae XTS de uso com\u00fan y su objetivo es mejorar la fuerza de retenci\u00f3n sin que patine antes de lo deseado. Tambi\u00e9n es adecuada como escota para winches muy agresivos. Sirius XTS presenta una cubierta h\u00edbrida de Technora \/ Dyneema \/ Poli\u00e9ster, algo que cabr\u00eda esperar en un producto de Gran Premio. Sin embargo exactamente esta caracter\u00edstica da a esa cuerda las caracter\u00edsticas \u00fanicas. Los tambores de cabestrante afilados y agresivos no da\u00f1ar\u00e1n la Sirius XTS. El n\u00facleo de fibra h\u00edbrida basado en fibras Robtec minimiza el estiramiento. El Sirius XTS sobresale como driza en yates de crucero relativamente pesados y de alto rendimiento donde las altas cargas en las drizas a menudo hacen que las drizas resbalen en picos de carga (es decir, al golpear una ola).<\/p>\n","protected":false},"excerpt":{"rendered":"<p>LA L\u00cdNEA DE CRUCERO QUE SATISFACE LAS M\u00c1S ALTAS EXIGENCIAS<\/p>\n<p>El Sirius XTS se ha desarrollado especialmente para el embrague Spinlock\u00ae XTS de uso com\u00fan y pretende mejorar la fuerza de retenci\u00f3n sin bloquearse antes de lo deseado. Tambi\u00e9n es adecuado como escota para winches muy agresivos. Adem\u00e1s, el n\u00facleo de fibra h\u00edbrida minimiza el estiramiento.<\/p>\n","protected":false},"featured_media":5450,"template":"","meta":{"_et_pb_use_builder":"","_et_pb_old_content":"","_et_gb_content_width":"","pgc_sgb_lightbox_settings":"","_joinchat":[]},"product_cat":[100],"product_tag":[],"class_list":["post-5449","product","type-product","status-publish","has-post-thumbnail","hentry","product_cat-crucero"],"yoast_head":"<!-- This site is optimized with the Yoast SEO plugin v26.2 - https:\/\/yoast.com\/wordpress\/plugins\/seo\/ -->\n<title>Sirius XTS | Marina Coru\u00f1a<\/title>\n<meta name=\"robots\" content=\"index, follow, max-snippet:-1, max-image-preview:large, max-video-preview:-1\" \/>\n<link rel=\"canonical\" href=\"https:\/\/marinacoruna.es\/fr\/cabos\/sirius-xts\/\" \/>\n<meta property=\"og:locale\" content=\"fr_FR\" \/>\n<meta property=\"og:type\" content=\"article\" \/>\n<meta property=\"og:title\" content=\"Sirius XTS | Marina Coru\u00f1a\" \/>\n<meta property=\"og:description\" content=\"LA L\u00cdNEA DE CRUCERO QUE SATISFACE LAS M\u00c1S ALTAS EXIGENCIAS  El Sirius XTS se ha desarrollado especialmente para el embrague Spinlock\u00ae XTS de uso com\u00fan y pretende mejorar la fuerza de retenci\u00f3n sin bloquearse antes de lo deseado. Tambi\u00e9n es adecuado como escota para winches muy agresivos. Adem\u00e1s, el n\u00facleo de fibra h\u00edbrida minimiza el estiramiento.\" \/>\n<meta property=\"og:url\" content=\"https:\/\/marinacoruna.es\/fr\/cabos\/sirius-xts\/\" \/>\n<meta property=\"og:site_name\" content=\"Marina Coru\u00f1a\" \/>\n<meta property=\"article:publisher\" content=\"https:\/\/www.facebook.com\/marinacoruna\" \/>\n<meta property=\"article:modified_time\" content=\"2023-04-10T16:09:48+00:00\" \/>\n<meta property=\"og:image\" content=\"https:\/\/marinacoruna.es\/wp-content\/uploads\/Sirius-xtc-450x450px.jpg\" \/>\n\t<meta property=\"og:image:width\" content=\"450\" \/>\n\t<meta property=\"og:image:height\" content=\"450\" \/>\n\t<meta property=\"og:image:type\" content=\"image\/jpeg\" \/>\n<meta name=\"twitter:card\" content=\"summary_large_image\" \/>\n<meta name=\"twitter:site\" content=\"@marinacoruna\" \/>\n<meta name=\"twitter:label1\" content=\"Dur\u00e9e de lecture estim\u00e9e\" \/>\n\t<meta name=\"twitter:data1\" content=\"1 minute\" \/>\n<script type=\"application\/ld+json\" class=\"yoast-schema-graph\">{\"@context\":\"https:\/\/schema.org\",\"@graph\":[{\"@type\":\"WebPage\",\"@id\":\"https:\/\/marinacoruna.es\/fr\/cabos\/sirius-xts\/\",\"url\":\"https:\/\/marinacoruna.es\/fr\/cabos\/sirius-xts\/\",\"name\":\"Sirius XTS | Marina Coru\u00f1a\",\"isPartOf\":{\"@id\":\"https:\/\/marinacoruna.es\/fr\/#website\"},\"primaryImageOfPage\":{\"@id\":\"https:\/\/marinacoruna.es\/fr\/cabos\/sirius-xts\/#primaryimage\"},\"image\":{\"@id\":\"https:\/\/marinacoruna.es\/fr\/cabos\/sirius-xts\/#primaryimage\"},\"thumbnailUrl\":\"https:\/\/marinacoruna.es\/wp-content\/uploads\/Sirius-xtc-450x450px.jpg\",\"datePublished\":\"2023-03-18T17:50:33+00:00\",\"dateModified\":\"2023-04-10T16:09:48+00:00\",\"breadcrumb\":{\"@id\":\"https:\/\/marinacoruna.es\/fr\/cabos\/sirius-xts\/#breadcrumb\"},\"inLanguage\":\"fr-FR\",\"potentialAction\":[{\"@type\":\"ReadAction\",\"target\":[\"https:\/\/marinacoruna.es\/fr\/cabos\/sirius-xts\/\"]}]},{\"@type\":\"ImageObject\",\"inLanguage\":\"fr-FR\",\"@id\":\"https:\/\/marinacoruna.es\/fr\/cabos\/sirius-xts\/#primaryimage\",\"url\":\"https:\/\/marinacoruna.es\/wp-content\/uploads\/Sirius-xtc-450x450px.jpg\",\"contentUrl\":\"https:\/\/marinacoruna.es\/wp-content\/uploads\/Sirius-xtc-450x450px.jpg\",\"width\":450,\"height\":450},{\"@type\":\"BreadcrumbList\",\"@id\":\"https:\/\/marinacoruna.es\/fr\/cabos\/sirius-xts\/#breadcrumb\",\"itemListElement\":[{\"@type\":\"ListItem\",\"position\":1,\"name\":\"Portada\",\"item\":\"https:\/\/marinacoruna.es\/fr\/\"},{\"@type\":\"ListItem\",\"position\":2,\"name\":\"Cabos\",\"item\":\"https:\/\/marinacoruna.es\/fr\/cabos\/\"},{\"@type\":\"ListItem\",\"position\":3,\"name\":\"Sirius XTS\"}]},{\"@type\":\"WebSite\",\"@id\":\"https:\/\/marinacoruna.es\/fr\/#website\",\"url\":\"https:\/\/marinacoruna.es\/fr\/\",\"name\":\"Marina Coru\u00f1a\",\"description\":\"Port de plaisance sur la mer Cantabrique, amarres, cale s\u00e8che, cale de halage et atelier en Galice, Espagne.\",\"publisher\":{\"@id\":\"https:\/\/marinacoruna.es\/fr\/#organization\"},\"alternateName\":\"Marinacoruna\",\"potentialAction\":[{\"@type\":\"SearchAction\",\"target\":{\"@type\":\"EntryPoint\",\"urlTemplate\":\"https:\/\/marinacoruna.es\/fr\/?s={search_term_string}\"},\"query-input\":{\"@type\":\"PropertyValueSpecification\",\"valueRequired\":true,\"valueName\":\"search_term_string\"}}],\"inLanguage\":\"fr-FR\"},{\"@type\":\"Organization\",\"@id\":\"https:\/\/marinacoruna.es\/fr\/#organization\",\"name\":\"Marina Coru\u00f1a\",\"alternateName\":\"Marinacoruna\",\"url\":\"https:\/\/marinacoruna.es\/fr\/\",\"logo\":{\"@type\":\"ImageObject\",\"inLanguage\":\"fr-FR\",\"@id\":\"https:\/\/marinacoruna.es\/fr\/#\/schema\/logo\/image\/\",\"url\":\"https:\/\/marinacoruna.es\/wp-content\/uploads\/favicon.png\",\"contentUrl\":\"https:\/\/marinacoruna.es\/wp-content\/uploads\/favicon.png\",\"width\":512,\"height\":512,\"caption\":\"Marina Coru\u00f1a\"},\"image\":{\"@id\":\"https:\/\/marinacoruna.es\/fr\/#\/schema\/logo\/image\/\"},\"sameAs\":[\"https:\/\/www.facebook.com\/marinacoruna\",\"https:\/\/x.com\/marinacoruna\",\"https:\/\/www.instagram.com\/marinacoruna\/\"]}]}<\/script>\n<!-- \/ Yoast SEO plugin. -->","yoast_head_json":{"title":"Sirius XTS | Marina Coru\u00f1a","robots":{"index":"index","follow":"follow","max-snippet":"max-snippet:-1","max-image-preview":"max-image-preview:large","max-video-preview":"max-video-preview:-1"},"canonical":"https:\/\/marinacoruna.es\/fr\/cabos\/sirius-xts\/","og_locale":"fr_FR","og_type":"article","og_title":"Sirius XTS | Marina Coru\u00f1a","og_description":"LA L\u00cdNEA DE CRUCERO QUE SATISFACE LAS M\u00c1S ALTAS EXIGENCIAS  El Sirius XTS se ha desarrollado especialmente para el embrague Spinlock\u00ae XTS de uso com\u00fan y pretende mejorar la fuerza de retenci\u00f3n sin bloquearse antes de lo deseado. Tambi\u00e9n es adecuado como escota para winches muy agresivos. Adem\u00e1s, el n\u00facleo de fibra h\u00edbrida minimiza el estiramiento.","og_url":"https:\/\/marinacoruna.es\/fr\/cabos\/sirius-xts\/","og_site_name":"Marina Coru\u00f1a","article_publisher":"https:\/\/www.facebook.com\/marinacoruna","article_modified_time":"2023-04-10T16:09:48+00:00","og_image":[{"width":450,"height":450,"url":"https:\/\/marinacoruna.es\/wp-content\/uploads\/Sirius-xtc-450x450px.jpg","type":"image\/jpeg"}],"twitter_card":"summary_large_image","twitter_site":"@marinacoruna","twitter_misc":{"Dur\u00e9e de lecture estim\u00e9e":"1 minute"},"schema":{"@context":"https:\/\/schema.org","@graph":[{"@type":"WebPage","@id":"https:\/\/marinacoruna.es\/fr\/cabos\/sirius-xts\/","url":"https:\/\/marinacoruna.es\/fr\/cabos\/sirius-xts\/","name":"Sirius XTS | Marina Coru\u00f1a","isPartOf":{"@id":"https:\/\/marinacoruna.es\/fr\/#website"},"primaryImageOfPage":{"@id":"https:\/\/marinacoruna.es\/fr\/cabos\/sirius-xts\/#primaryimage"},"image":{"@id":"https:\/\/marinacoruna.es\/fr\/cabos\/sirius-xts\/#primaryimage"},"thumbnailUrl":"https:\/\/marinacoruna.es\/wp-content\/uploads\/Sirius-xtc-450x450px.jpg","datePublished":"2023-03-18T17:50:33+00:00","dateModified":"2023-04-10T16:09:48+00:00","breadcrumb":{"@id":"https:\/\/marinacoruna.es\/fr\/cabos\/sirius-xts\/#breadcrumb"},"inLanguage":"fr-FR","potentialAction":[{"@type":"ReadAction","target":["https:\/\/marinacoruna.es\/fr\/cabos\/sirius-xts\/"]}]},{"@type":"ImageObject","inLanguage":"fr-FR","@id":"https:\/\/marinacoruna.es\/fr\/cabos\/sirius-xts\/#primaryimage","url":"https:\/\/marinacoruna.es\/wp-content\/uploads\/Sirius-xtc-450x450px.jpg","contentUrl":"https:\/\/marinacoruna.es\/wp-content\/uploads\/Sirius-xtc-450x450px.jpg","width":450,"height":450},{"@type":"BreadcrumbList","@id":"https:\/\/marinacoruna.es\/fr\/cabos\/sirius-xts\/#breadcrumb","itemListElement":[{"@type":"ListItem","position":1,"name":"Portada","item":"https:\/\/marinacoruna.es\/fr\/"},{"@type":"ListItem","position":2,"name":"Cabos","item":"https:\/\/marinacoruna.es\/fr\/cabos\/"},{"@type":"ListItem","position":3,"name":"Sirius XTS"}]},{"@type":"WebSite","@id":"https:\/\/marinacoruna.es\/fr\/#website","url":"https:\/\/marinacoruna.es\/fr\/","name":"Marina Coru\u00f1a","description":"Port de plaisance sur la mer Cantabrique, amarres, cale s\u00e8che, cale de halage et atelier en Galice, Espagne.","publisher":{"@id":"https:\/\/marinacoruna.es\/fr\/#organization"},"alternateName":"Marinacoruna","potentialAction":[{"@type":"SearchAction","target":{"@type":"EntryPoint","urlTemplate":"https:\/\/marinacoruna.es\/fr\/?s={search_term_string}"},"query-input":{"@type":"PropertyValueSpecification","valueRequired":true,"valueName":"search_term_string"}}],"inLanguage":"fr-FR"},{"@type":"Organization","@id":"https:\/\/marinacoruna.es\/fr\/#organization","name":"Marina Coru\u00f1a","alternateName":"Marinacoruna","url":"https:\/\/marinacoruna.es\/fr\/","logo":{"@type":"ImageObject","inLanguage":"fr-FR","@id":"https:\/\/marinacoruna.es\/fr\/#\/schema\/logo\/image\/","url":"https:\/\/marinacoruna.es\/wp-content\/uploads\/favicon.png","contentUrl":"https:\/\/marinacoruna.es\/wp-content\/uploads\/favicon.png","width":512,"height":512,"caption":"Marina Coru\u00f1a"},"image":{"@id":"https:\/\/marinacoruna.es\/fr\/#\/schema\/logo\/image\/"},"sameAs":["https:\/\/www.facebook.com\/marinacoruna","https:\/\/x.com\/marinacoruna","https:\/\/www.instagram.com\/marinacoruna\/"]}]}},"_links":{"self":[{"href":"https:\/\/marinacoruna.es\/fr\/wp-json\/wp\/v2\/product\/5449","targetHints":{"allow":["GET"]}}],"collection":[{"href":"https:\/\/marinacoruna.es\/fr\/wp-json\/wp\/v2\/product"}],"about":[{"href":"https:\/\/marinacoruna.es\/fr\/wp-json\/wp\/v2\/types\/product"}],"wp:featuredmedia":[{"embeddable":true,"href":"https:\/\/marinacoruna.es\/fr\/wp-json\/wp\/v2\/media\/5450"}],"wp:attachment":[{"href":"https:\/\/marinacoruna.es\/fr\/wp-json\/wp\/v2\/media?parent=5449"}],"wp:term":[{"taxonomy":"product_cat","embeddable":true,"href":"https:\/\/marinacoruna.es\/fr\/wp-json\/wp\/v2\/product_cat?post=5449"},{"taxonomy":"product_tag","embeddable":true,"href":"https:\/\/marinacoruna.es\/fr\/wp-json\/wp\/v2\/product_tag?post=5449"}],"curies":[{"name":"wp","href":"https:\/\/api.w.org\/{rel}","templated":true}]}}