{"id":4242,"date":"2021-11-22T18:50:36","date_gmt":"2021-11-22T17:50:36","guid":{"rendered":"https:\/\/marinacoruna.es\/racing-team\/"},"modified":"2025-02-24T11:10:17","modified_gmt":"2025-02-24T10:10:17","slug":"racing-team","status":"publish","type":"page","link":"https:\/\/marinacoruna.es\/fr\/racing-team\/","title":{"rendered":"\u00c9quipe de r\u00e9gates"},"content":{"rendered":"<p>[et_pb_section fb_built=\u00a0\u00bb1&Prime; _builder_version=\u00a0\u00bb4.16&Prime; _module_preset=\u00a0\u00bbdefault\u00a0\u00bb background_image=\u00a0\u00bbhttps:\/\/marinacoruna.es\/wp-content\/uploads\/fondoEscuela01.jpg\u00a0\u00bb background_position=\u00a0\u00bbbottom_center\u00a0\u00bb min_height=\u00a0\u00bb500px\u00a0\u00bb custom_padding=\u00a0\u00bb60px||60px||true|false\u00a0\u00bb bottom_divider_style=\u00a0\u00bbwave2&Prime; bottom_divider_color=\u00a0\u00bb#FFFFFF\u00a0\u00bb global_colors_info=\u00a0\u00bb{}\u00a0\u00bb][et_pb_row column_structure=\u00a0\u00bb1_2,1_2&Prime; _builder_version=\u00a0\u00bb4.22.0&Prime; _module_preset=\u00a0\u00bbdefault\u00a0\u00bb background_enable_color=\u00a0\u00bboff\u00a0\u00bb custom_padding=\u00a0\u00bb||||false|false\u00a0\u00bb hover_enabled=\u00a0\u00bb0&Prime; global_colors_info=\u00a0\u00bb{}\u00a0\u00bb module_class=\u00a0\u00bbcontenedor-columnasbanner\u00a0\u00bb sticky_enabled=\u00a0\u00bb0&Prime; locked=\u00a0\u00bboff\u00a0\u00bb][et_pb_column type=\u00a0\u00bb1_2&Prime; _builder_version=\u00a0\u00bb4.16&Prime; _module_preset=\u00a0\u00bbdefault\u00a0\u00bb global_colors_info=\u00a0\u00bb{}\u00a0\u00bb][et_pb_text _builder_version=\u00a0\u00bb4.22.0&Prime; _module_preset=\u00a0\u00bbdefault\u00a0\u00bb header_text_color=\u00a0\u00bb#ffcc00&Prime; header_font_size=\u00a0\u00bb56px\u00a0\u00bb header_line_height=\u00a0\u00bb1.2em\u00a0\u00bb hover_enabled=\u00a0\u00bb0&Prime; header_font_size_tablet=\u00a0\u00bb\u00a0\u00bb header_font_size_phone=\u00a0\u00bb42px\u00a0\u00bb header_font_size_last_edited=\u00a0\u00bbon|phone\u00a0\u00bb global_colors_info=\u00a0\u00bb{}\u00a0\u00bb sticky_enabled=\u00a0\u00bb0&Prime;]<\/p>\n<section style=\"display: flex; flex-direction: row; justify-content: space-between; align-items: center; flex-wrap: wrap;\">\n<div style=\"padding-right: 2rem;\">\n<h1 class=\"h1-escueladevela\" style=\"font-size: 56px; color: #ffcc00 !important; line-height: 1.2em; font-family: 'Playfair Display', Georgia, \"Times New Roman\", serif; padding-bottom: 0; font-weight: 500; text-align: left;\">\n     Equipe de R\u00e9gates<br \/>\n    <\/h1>\n<\/p><\/div>\n<\/section>\n<p>[\/et_pb_text][et_pb_image src=\u00a0\u00bbhttps:\/\/marinacoruna.es\/wp-content\/uploads\/logoRegatas.png\u00a0\u00bb title_text=\u00a0\u00bblogoRegatas\u00a0\u00bb module_class=\u00a0\u00bbimagen-equipoderegatas\u00a0\u00bb _builder_version=\u00a0\u00bb4.22.0&Prime; _module_preset=\u00a0\u00bbdefault\u00a0\u00bb width=\u00a0\u00bb180px\u00a0\u00bb custom_margin=\u00a0\u00bb0px||||false|false\u00a0\u00bb custom_margin_tablet=\u00a0\u00bb0px||||false|false\u00a0\u00bb custom_margin_phone=\u00a0\u00bb0px||||false|false\u00a0\u00bb custom_margin_last_edited=\u00a0\u00bbon|desktop\u00a0\u00bb custom_padding=\u00a0\u00bb0px||||false|false\u00a0\u00bb global_colors_info=\u00a0\u00bb{}\u00a0\u00bb][\/et_pb_image][\/et_pb_column][et_pb_column type=\u00a0\u00bb1_2&Prime; _builder_version=\u00a0\u00bb4.22.0&Prime; _module_preset=\u00a0\u00bbdefault\u00a0\u00bb global_colors_info=\u00a0\u00bb{}\u00a0\u00bb][et_pb_text _builder_version=\u00a0\u00bb4.22.0&Prime; _module_preset=\u00a0\u00bbdefault\u00a0\u00bb header_text_color=\u00a0\u00bb#ffcc00&Prime; header_font_size=\u00a0\u00bb56px\u00a0\u00bb header_line_height=\u00a0\u00bb1.2em\u00a0\u00bb text_orientation=\u00a0\u00bbright\u00a0\u00bb hover_enabled=\u00a0\u00bb0&Prime; header_font_size_tablet=\u00a0\u00bb\u00a0\u00bb header_font_size_phone=\u00a0\u00bb42px\u00a0\u00bb header_font_size_last_edited=\u00a0\u00bbon|phone\u00a0\u00bb global_colors_info=\u00a0\u00bb{}\u00a0\u00bb sticky_enabled=\u00a0\u00bb0&Prime;]<\/p>\n<section class=\"section-banner-columnaderecha\" style=\"display: flex; flex-direction: row; align-items: center; flex-wrap: wrap;\">\n<div class=\"contenedor-texto-y-logo\" style=\"display: flex; flex-direction: column; align-items: flex-end;\">\n<p style=\"text-align: center; color: #fff; margin-top:20px;\">\n      En collaboration avec:\n    <\/p>\n<p>    <a rel=\"noopener nofollow\" target=\"_blank\" href=\"https:\/\/www.dacoruna.gal\/portada\"><img decoding=\"async\" style=\"width: auto; height: 90px; margin-bottom: 30px;\" src=\"https:\/\/marinacoruna.es\/wp-content\/uploads\/marina-coruna-logo-deputacion-coruna-blanco-1.png\" alt=\"Deputaci\u00f3n da Coru\u00f1a\"><\/a>\n  <\/div>\n<\/section>\n<style>\n  @media (max-width: 911px) {\n    .contenedor-texto-y-logo {\n      align-items: flex-start !important;\n    }\n  }<\/p>\n<p>  @media (max-width: 760px) {\n    .h1-escueladevela{\n      font-size: 43px !important;\n    }\n  }<\/p>\n<p>  @media (max-width: 534px) {\n    .escueladevela-banner {\n      padding-top: 50px !important;\n    }\n  }<\/p>\n<p>  @media (max-width: 419px) {\n        .escueladevela-banner {\n      padding-top: 20px !important;\n    }\n  }\n<\/style>\n<p>[\/et_pb_text][\/et_pb_column][\/et_pb_row][\/et_pb_section][et_pb_section fb_built=\u00a0\u00bb1&Prime; module_id=\u00a0\u00bbescola\u00a0\u00bb _builder_version=\u00a0\u00bb4.16&Prime; _module_preset=\u00a0\u00bbdefault\u00a0\u00bb top_divider_style=\u00a0\u00bbnone\u00a0\u00bb top_divider_color=\u00a0\u00bb#f4f4f4&Prime; top_divider_height=\u00a0\u00bb50px\u00a0\u00bb bottom_divider_style=\u00a0\u00bbnone\u00a0\u00bb bottom_divider_color=\u00a0\u00bb#f4f4f4&Prime; bottom_divider_height=\u00a0\u00bb50px\u00a0\u00bb border_width_top=\u00a0\u00bb1px\u00a0\u00bb border_color_top=\u00a0\u00bb#cccccc\u00a0\u00bb global_colors_info=\u00a0\u00bb{}\u00a0\u00bb][et_pb_row column_structure=\u00a0\u00bb1_2,1_2&Prime; _builder_version=\u00a0\u00bb4.16&Prime; _module_preset=\u00a0\u00bbdefault\u00a0\u00bb background_enable_color=\u00a0\u00bboff\u00a0\u00bb custom_margin=\u00a0\u00bb||50px||false|false\u00a0\u00bb custom_padding=\u00a0\u00bb50px||50px||true|false\u00a0\u00bb border_color_all=\u00a0\u00bb#23abbb\u00a0\u00bb global_colors_info=\u00a0\u00bb{}\u00a0\u00bb][et_pb_column type=\u00a0\u00bb1_2&Prime; _builder_version=\u00a0\u00bb4.16&Prime; _module_preset=\u00a0\u00bbdefault\u00a0\u00bb global_colors_info=\u00a0\u00bb{}\u00a0\u00bb][et_pb_image src=\u00a0\u00bbhttps:\/\/marinacoruna.es\/wp-content\/uploads\/equipoRegatas01.jpg\u00a0\u00bb title_text=\u00a0\u00bbEquipe de  R\u00e9gates Marina Coru\u00f1a\u00a0\u00bb align=\u00a0\u00bbcenter\u00a0\u00bb _builder_version=\u00a0\u00bb4.16&Prime; _module_preset=\u00a0\u00bbdefault\u00a0\u00bb global_colors_info=\u00a0\u00bb{}\u00a0\u00bb][\/et_pb_image][\/et_pb_column][et_pb_column type=\u00a0\u00bb1_2&Prime; _builder_version=\u00a0\u00bb4.16&Prime; _module_preset=\u00a0\u00bbdefault\u00a0\u00bb global_colors_info=\u00a0\u00bb{}\u00a0\u00bb][et_pb_text _builder_version=\u00a0\u00bb4.16&Prime; _module_preset=\u00a0\u00bbdefault\u00a0\u00bb text_font_size=\u00a0\u00bb18px\u00a0\u00bb max_width=\u00a0\u00bb900px\u00a0\u00bb module_alignment=\u00a0\u00bbcenter\u00a0\u00bb animation_style=\u00a0\u00bbzoom\u00a0\u00bb global_colors_info=\u00a0\u00bb{}\u00a0\u00bb]<\/p>\n<blockquote>\n<p>Concurrence avec les meilleurs professionnels.<\/p>\n<\/blockquote>\n<p>Marina Coru\u00f1a dispose d&rsquo;une \u00e9quipe de r\u00e9gate de comp\u00e9tition dans diff\u00e9rentes cat\u00e9gories de d\u00e9riveurs, guid\u00e9e par Chuny Bermudez de Castro. C&rsquo;est un excellent moyen de s&rsquo;initier et de perfectionner les techniques de la voile de comp\u00e9tition. Dirig\u00e9 par Jose Ramon Pardo Galdo &lsquo;Pichis&rsquo;, un marin reconnu au niveau r\u00e9gional, national et mondial dans les classes Optimist, Laser et Snipe et entra\u00een\u00e9 par Roberto Vidal Torrente, avec plus de 15 ans d&rsquo;entra\u00eenement de marins dans diff\u00e9rentes cat\u00e9gories au niveau r\u00e9gional et national. \u00a0<\/p>\n<p>[\/et_pb_text][\/et_pb_column][\/et_pb_row][\/et_pb_section][et_pb_section fb_built=\u00a0\u00bb1&Prime; _builder_version=\u00a0\u00bb4.16&Prime; _module_preset=\u00a0\u00bbdefault\u00a0\u00bb background_color=\u00a0\u00bb#f4f4f4&Prime; border_width_all=\u00a0\u00bb1px\u00a0\u00bb border_color_all=\u00a0\u00bb#cccccc\u00a0\u00bb global_colors_info=\u00a0\u00bb{}\u00a0\u00bb][et_pb_row _builder_version=\u00a0\u00bb4.16&Prime; _module_preset=\u00a0\u00bbdefault\u00a0\u00bb background_enable_color=\u00a0\u00bboff\u00a0\u00bb max_width=\u00a0\u00bb800px\u00a0\u00bb custom_margin=\u00a0\u00bb||||false|false\u00a0\u00bb custom_padding=\u00a0\u00bb||||false|false\u00a0\u00bb border_color_all=\u00a0\u00bb#23abbb\u00a0\u00bb global_colors_info=\u00a0\u00bb{}\u00a0\u00bb][et_pb_column type=\u00a0\u00bb4_4&Prime; _builder_version=\u00a0\u00bb4.16&Prime; _module_preset=\u00a0\u00bbdefault\u00a0\u00bb global_colors_info=\u00a0\u00bb{}\u00a0\u00bb][et_pb_team_member name=\u00a0\u00bbRoberto Berm\u00fadez de Castro &lsquo;Chuny'\u00a0\u00bb position=\u00a0\u00bbIngeniero Industrial\u00a0\u00bb image_url=\u00a0\u00bbhttps:\/\/marinacoruna.es\/wp-content\/uploads\/chuny.jpg\u00a0\u00bb linkedin_url=\u00a0\u00bbhttps:\/\/es.linkedin.com\/in\/roberto-berm%C3%BAdez-de-castro-mu%C3%B1oz-4ba4a5122&Prime; admin_label=\u00a0\u00bbchuny\u00a0\u00bb _builder_version=\u00a0\u00bb4.16&Prime; _module_preset=\u00a0\u00bbdefault\u00a0\u00bb background_color=\u00a0\u00bb#FFFFFF\u00a0\u00bb custom_padding=\u00a0\u00bb30px|30px|30px|30px|true|true\u00a0\u00bb border_radii=\u00a0\u00bbon|5px|5px|5px|5px\u00a0\u00bb border_width_all=\u00a0\u00bb1px\u00a0\u00bb border_color_all=\u00a0\u00bb#cccccc\u00a0\u00bb global_colors_info=\u00a0\u00bb{}\u00a0\u00bb]<\/p>\n<p>Concurrence avec les meilleurs professionnels. Marina Coru\u00f1a dispose d&rsquo;une \u00e9quipe de r\u00e9gate de comp\u00e9tition dans diff\u00e9rentes cat\u00e9gories de d\u00e9riveurs, guid\u00e9e par Chuny Bermudez de Castro. C&rsquo;est un excellent moyen de s&rsquo;initier et de perfectionner les techniques de la voile de comp\u00e9tition. Dirig\u00e9 par Jose Ramon Pardo Galdo &lsquo;Pichis&rsquo;, un marin reconnu au niveau r\u00e9gional, national et mondial dans les classes Optimist, Laser et Snipe et entra\u00een\u00e9 par Roberto Vidal Torrente, avec plus de 15 ans d&rsquo;entra\u00eenement de marins dans diff\u00e9rentes cat\u00e9gories au niveau r\u00e9gional et national. Traduit avec www.DeepL.com\/Translator (version gratuite)<\/p>\n<p>[\/et_pb_team_member][et_pb_team_member name=\u00a0\u00bbJos\u00e9 Ram\u00f3n Pardo Galdo &lsquo;Pichis'\u00a0\u00bb position=\u00a0\u00bbAbogado\u00a0\u00bb image_url=\u00a0\u00bbhttps:\/\/marinacoruna.es\/wp-content\/uploads\/pichis.jpg\u00a0\u00bb facebook_url=\u00a0\u00bbhttps:\/\/es-la.facebook.com\/pichis.pardogaldo\u00a0\u00bb linkedin_url=\u00a0\u00bbhttps:\/\/es.linkedin.com\/in\/jose-ramon-pardo-galdo-b3361b1a2&Prime; admin_label=\u00a0\u00bbpichis\u00a0\u00bb _builder_version=\u00a0\u00bb4.16&Prime; _module_preset=\u00a0\u00bbdefault\u00a0\u00bb background_color=\u00a0\u00bb#FFFFFF\u00a0\u00bb custom_padding=\u00a0\u00bb30px|30px|30px|30px|true|true\u00a0\u00bb border_radii=\u00a0\u00bbon|5px|5px|5px|5px\u00a0\u00bb border_width_all=\u00a0\u00bb1px\u00a0\u00bb border_color_all=\u00a0\u00bb#cccccc\u00a0\u00bb global_colors_info=\u00a0\u00bb{}\u00a0\u00bb]<\/p>\n<p>Directeur de l&rsquo;\u00e9quipe de r\u00e9gates de la Marina Coru\u00f1a. Navigateur dans les classes Optimist, Laser et Snipe, obtenant de grands r\u00e9sultats au niveau r\u00e9gional, national et international. 20 ans d&rsquo;exp\u00e9rience en tant qu&rsquo;entra\u00eeneur d&rsquo;\u00e9quipes de r\u00e9gates, ayant \u00e9t\u00e9 plusieurs fois entra\u00eeneur des classes Optimist et Laser de Galice.<\/p>\n<p>[\/et_pb_team_member][\/et_pb_column][\/et_pb_row][\/et_pb_section][et_pb_section fb_built=\u00a0\u00bb1&Prime; _builder_version=\u00a0\u00bb4.16&Prime; _module_preset=\u00a0\u00bbdefault\u00a0\u00bb custom_padding=\u00a0\u00bb||100px||false|false\u00a0\u00bb bottom_divider_style=\u00a0\u00bbwave2&Prime; bottom_divider_color=\u00a0\u00bb#222222&Prime; bottom_divider_height=\u00a0\u00bb50px\u00a0\u00bb global_colors_info=\u00a0\u00bb{}\u00a0\u00bb][et_pb_row column_structure=\u00a0\u00bb1_2,1_2&Prime; make_equal=\u00a0\u00bbon\u00a0\u00bb _builder_version=\u00a0\u00bb4.16&Prime; _module_preset=\u00a0\u00bbdefault\u00a0\u00bb global_colors_info=\u00a0\u00bb{}\u00a0\u00bb][et_pb_column type=\u00a0\u00bb1_2&Prime; _builder_version=\u00a0\u00bb4.16&Prime; _module_preset=\u00a0\u00bbdefault\u00a0\u00bb global_colors_info=\u00a0\u00bb{}\u00a0\u00bb][et_pb_cta title=\u00a0\u00bbTARIFS \u00a0\u00bb button_url=\u00a0\u00bb\/wp-content\/uploads\/tarifas\/TarifasEquipoRegatas.pdf\u00a0\u00bb url_new_window=\u00a0\u00bbon\u00a0\u00bb button_text=\u00a0\u00bbVOIR TARIF\u00a0\u00bb admin_label=\u00a0\u00bbtarifas\u00a0\u00bb _builder_version=\u00a0\u00bb4.16&Prime; _module_preset=\u00a0\u00bbdefault\u00a0\u00bb header_font=\u00a0\u00bbWork Sans||||||||\u00a0\u00bb header_text_color=\u00a0\u00bb#ffcc00&Prime; background_color=\u00a0\u00bb#23abbb\u00a0\u00bb custom_button=\u00a0\u00bbon\u00a0\u00bb button_text_size=\u00a0\u00bb18px\u00a0\u00bb button_text_color=\u00a0\u00bb#000000&Prime; button_bg_color=\u00a0\u00bb#ffcc00&Prime; button_border_width=\u00a0\u00bb2px\u00a0\u00bb button_border_color=\u00a0\u00bb#ffcc00&Prime; animation_style=\u00a0\u00bbslide\u00a0\u00bb animation_direction=\u00a0\u00bbleft\u00a0\u00bb global_colors_info=\u00a0\u00bb{}\u00a0\u00bb]<\/p>\n<p>Nous avons ajust\u00e9 les taux.<\/p>\n<p>[\/et_pb_cta][\/et_pb_column][et_pb_column type=\u00a0\u00bb1_2&Prime; _builder_version=\u00a0\u00bb4.16&Prime; _module_preset=\u00a0\u00bbdefault\u00a0\u00bb background_enable_color=\u00a0\u00bboff\u00a0\u00bb custom_padding=\u00a0\u00bb||||false|false\u00a0\u00bb global_colors_info=\u00a0\u00bb{}\u00a0\u00bb][et_pb_cta title=\u00a0\u00bbINSCRIPTION ET INFORMATIONI\u00a0\u00bb button_url=\u00a0\u00bb\/#contacto\u00a0\u00bb url_new_window=\u00a0\u00bbon\u00a0\u00bb button_text=\u00a0\u00bbCONTACT\u00a0\u00bb module_class=\u00a0\u00bbcajaverde\u00a0\u00bb _builder_version=\u00a0\u00bb4.21.0&Prime; _module_preset=\u00a0\u00bbdefault\u00a0\u00bb header_font=\u00a0\u00bbWork Sans||||||||\u00a0\u00bb header_text_color=\u00a0\u00bb#ffcc00&Prime; background_color=\u00a0\u00bb#23abbb\u00a0\u00bb custom_button=\u00a0\u00bbon\u00a0\u00bb button_text_size=\u00a0\u00bb18px\u00a0\u00bb button_text_color=\u00a0\u00bb#000000&Prime; button_bg_color=\u00a0\u00bb#ffcc00&Prime; button_border_width=\u00a0\u00bb2px\u00a0\u00bb button_border_color=\u00a0\u00bb#ffcc00&Prime; animation_style=\u00a0\u00bbslide\u00a0\u00bb animation_direction=\u00a0\u00bbright\u00a0\u00bb global_colors_info=\u00a0\u00bb{}\u00a0\u00bb]<\/p>\n<p>Appelez-nous au <a href=\"tel:+34881920482\">881 920 482<\/a> de 9h00 \u00e0 14h00 et de 15h00 \u00e0 18h00 ou contactez-nous via notre formulaire de contact.<\/p>\n<p>[\/et_pb_cta][\/et_pb_column][\/et_pb_row][\/et_pb_section]<\/p>\n","protected":false},"excerpt":{"rendered":"<p>Equipe de R\u00e9gates En collaboration avec: Concurrence avec les meilleurs professionnels. Marina Coru\u00f1a dispose d&rsquo;une \u00e9quipe de r\u00e9gate de comp\u00e9tition dans diff\u00e9rentes cat\u00e9gories de d\u00e9riveurs, guid\u00e9e par Chuny Bermudez de Castro. C&rsquo;est un excellent moyen de s&rsquo;initier et de perfectionner les techniques de la voile de comp\u00e9tition. Dirig\u00e9 par Jose Ramon Pardo Galdo &lsquo;Pichis&rsquo;, un [&hellip;]<\/p>\n","protected":false},"author":8,"featured_media":0,"parent":0,"menu_order":0,"comment_status":"closed","ping_status":"closed","template":"","meta":{"_et_pb_use_builder":"on","_et_pb_old_content":"","_et_gb_content_width":"","pgc_sgb_lightbox_settings":"","_joinchat":[],"footnotes":""},"class_list":["post-4242","page","type-page","status-publish","hentry"],"yoast_head":"<!-- This site is optimized with the Yoast SEO plugin v26.2 - https:\/\/yoast.com\/wordpress\/plugins\/seo\/ -->\n<title>\u00c9quipe de r\u00e9gates | Marina Coru\u00f1a<\/title>\n<meta name=\"robots\" content=\"index, follow, max-snippet:-1, max-image-preview:large, max-video-preview:-1\" \/>\n<link rel=\"canonical\" href=\"https:\/\/marinacoruna.es\/fr\/racing-team\/\" \/>\n<meta property=\"og:locale\" content=\"fr_FR\" \/>\n<meta property=\"og:type\" content=\"article\" \/>\n<meta property=\"og:title\" content=\"\u00c9quipe de r\u00e9gates | Marina Coru\u00f1a\" \/>\n<meta property=\"og:description\" content=\"Equipe de R\u00e9gates En collaboration avec: Concurrence avec les meilleurs professionnels. Marina Coru\u00f1a dispose d&#039;une \u00e9quipe de r\u00e9gate de comp\u00e9tition dans diff\u00e9rentes cat\u00e9gories de d\u00e9riveurs, guid\u00e9e par Chuny Bermudez de Castro. C&#039;est un excellent moyen de s&#039;initier et de perfectionner les techniques de la voile de comp\u00e9tition. Dirig\u00e9 par Jose Ramon Pardo Galdo &#039;Pichis&#039;, un [&hellip;]\" \/>\n<meta property=\"og:url\" content=\"https:\/\/marinacoruna.es\/fr\/racing-team\/\" \/>\n<meta property=\"og:site_name\" content=\"Marina Coru\u00f1a\" \/>\n<meta property=\"article:publisher\" content=\"https:\/\/www.facebook.com\/marinacoruna\" \/>\n<meta property=\"article:modified_time\" content=\"2025-02-24T10:10:17+00:00\" \/>\n<meta property=\"og:image\" content=\"https:\/\/marinacoruna.es\/wp-content\/uploads\/marina-coruna-logo-deputacion-coruna-blanco-1.png\" \/>\n<meta name=\"twitter:card\" content=\"summary_large_image\" \/>\n<meta name=\"twitter:site\" content=\"@marinacoruna\" \/>\n<meta name=\"twitter:label1\" content=\"Dur\u00e9e de lecture estim\u00e9e\" \/>\n\t<meta name=\"twitter:data1\" content=\"3 minutes\" \/>\n<script type=\"application\/ld+json\" class=\"yoast-schema-graph\">{\"@context\":\"https:\/\/schema.org\",\"@graph\":[{\"@type\":\"WebPage\",\"@id\":\"https:\/\/marinacoruna.es\/fr\/racing-team\/\",\"url\":\"https:\/\/marinacoruna.es\/fr\/racing-team\/\",\"name\":\"\u00c9quipe de r\u00e9gates | Marina Coru\u00f1a\",\"isPartOf\":{\"@id\":\"https:\/\/marinacoruna.es\/fr\/#website\"},\"primaryImageOfPage\":{\"@id\":\"https:\/\/marinacoruna.es\/fr\/racing-team\/#primaryimage\"},\"image\":{\"@id\":\"https:\/\/marinacoruna.es\/fr\/racing-team\/#primaryimage\"},\"thumbnailUrl\":\"https:\/\/marinacoruna.es\/wp-content\/uploads\/marina-coruna-logo-deputacion-coruna-blanco-1.png\",\"datePublished\":\"2021-11-22T17:50:36+00:00\",\"dateModified\":\"2025-02-24T10:10:17+00:00\",\"breadcrumb\":{\"@id\":\"https:\/\/marinacoruna.es\/fr\/racing-team\/#breadcrumb\"},\"inLanguage\":\"fr-FR\",\"potentialAction\":[{\"@type\":\"ReadAction\",\"target\":[\"https:\/\/marinacoruna.es\/fr\/racing-team\/\"]}]},{\"@type\":\"ImageObject\",\"inLanguage\":\"fr-FR\",\"@id\":\"https:\/\/marinacoruna.es\/fr\/racing-team\/#primaryimage\",\"url\":\"https:\/\/marinacoruna.es\/wp-content\/uploads\/marina-coruna-logo-deputacion-coruna-blanco-1.png\",\"contentUrl\":\"https:\/\/marinacoruna.es\/wp-content\/uploads\/marina-coruna-logo-deputacion-coruna-blanco-1.png\"},{\"@type\":\"BreadcrumbList\",\"@id\":\"https:\/\/marinacoruna.es\/fr\/racing-team\/#breadcrumb\",\"itemListElement\":[{\"@type\":\"ListItem\",\"position\":1,\"name\":\"Portada\",\"item\":\"https:\/\/marinacoruna.es\/fr\/\"},{\"@type\":\"ListItem\",\"position\":2,\"name\":\"\u00c9quipe de r\u00e9gates\"}]},{\"@type\":\"WebSite\",\"@id\":\"https:\/\/marinacoruna.es\/fr\/#website\",\"url\":\"https:\/\/marinacoruna.es\/fr\/\",\"name\":\"Marina Coru\u00f1a\",\"description\":\"Port de plaisance sur la mer Cantabrique, amarres, cale s\u00e8che, cale de halage et atelier en Galice, Espagne.\",\"publisher\":{\"@id\":\"https:\/\/marinacoruna.es\/fr\/#organization\"},\"alternateName\":\"Marinacoruna\",\"potentialAction\":[{\"@type\":\"SearchAction\",\"target\":{\"@type\":\"EntryPoint\",\"urlTemplate\":\"https:\/\/marinacoruna.es\/fr\/?s={search_term_string}\"},\"query-input\":{\"@type\":\"PropertyValueSpecification\",\"valueRequired\":true,\"valueName\":\"search_term_string\"}}],\"inLanguage\":\"fr-FR\"},{\"@type\":\"Organization\",\"@id\":\"https:\/\/marinacoruna.es\/fr\/#organization\",\"name\":\"Marina Coru\u00f1a\",\"alternateName\":\"Marinacoruna\",\"url\":\"https:\/\/marinacoruna.es\/fr\/\",\"logo\":{\"@type\":\"ImageObject\",\"inLanguage\":\"fr-FR\",\"@id\":\"https:\/\/marinacoruna.es\/fr\/#\/schema\/logo\/image\/\",\"url\":\"https:\/\/marinacoruna.es\/wp-content\/uploads\/favicon.png\",\"contentUrl\":\"https:\/\/marinacoruna.es\/wp-content\/uploads\/favicon.png\",\"width\":512,\"height\":512,\"caption\":\"Marina Coru\u00f1a\"},\"image\":{\"@id\":\"https:\/\/marinacoruna.es\/fr\/#\/schema\/logo\/image\/\"},\"sameAs\":[\"https:\/\/www.facebook.com\/marinacoruna\",\"https:\/\/x.com\/marinacoruna\",\"https:\/\/www.instagram.com\/marinacoruna\/\"]}]}<\/script>\n<!-- \/ Yoast SEO plugin. -->","yoast_head_json":{"title":"\u00c9quipe de r\u00e9gates | Marina Coru\u00f1a","robots":{"index":"index","follow":"follow","max-snippet":"max-snippet:-1","max-image-preview":"max-image-preview:large","max-video-preview":"max-video-preview:-1"},"canonical":"https:\/\/marinacoruna.es\/fr\/racing-team\/","og_locale":"fr_FR","og_type":"article","og_title":"\u00c9quipe de r\u00e9gates | Marina Coru\u00f1a","og_description":"Equipe de R\u00e9gates En collaboration avec: Concurrence avec les meilleurs professionnels. Marina Coru\u00f1a dispose d'une \u00e9quipe de r\u00e9gate de comp\u00e9tition dans diff\u00e9rentes cat\u00e9gories de d\u00e9riveurs, guid\u00e9e par Chuny Bermudez de Castro. C'est un excellent moyen de s'initier et de perfectionner les techniques de la voile de comp\u00e9tition. Dirig\u00e9 par Jose Ramon Pardo Galdo 'Pichis', un [&hellip;]","og_url":"https:\/\/marinacoruna.es\/fr\/racing-team\/","og_site_name":"Marina Coru\u00f1a","article_publisher":"https:\/\/www.facebook.com\/marinacoruna","article_modified_time":"2025-02-24T10:10:17+00:00","og_image":[{"url":"https:\/\/marinacoruna.es\/wp-content\/uploads\/marina-coruna-logo-deputacion-coruna-blanco-1.png","type":"","width":"","height":""}],"twitter_card":"summary_large_image","twitter_site":"@marinacoruna","twitter_misc":{"Dur\u00e9e de lecture estim\u00e9e":"3 minutes"},"schema":{"@context":"https:\/\/schema.org","@graph":[{"@type":"WebPage","@id":"https:\/\/marinacoruna.es\/fr\/racing-team\/","url":"https:\/\/marinacoruna.es\/fr\/racing-team\/","name":"\u00c9quipe de r\u00e9gates | Marina Coru\u00f1a","isPartOf":{"@id":"https:\/\/marinacoruna.es\/fr\/#website"},"primaryImageOfPage":{"@id":"https:\/\/marinacoruna.es\/fr\/racing-team\/#primaryimage"},"image":{"@id":"https:\/\/marinacoruna.es\/fr\/racing-team\/#primaryimage"},"thumbnailUrl":"https:\/\/marinacoruna.es\/wp-content\/uploads\/marina-coruna-logo-deputacion-coruna-blanco-1.png","datePublished":"2021-11-22T17:50:36+00:00","dateModified":"2025-02-24T10:10:17+00:00","breadcrumb":{"@id":"https:\/\/marinacoruna.es\/fr\/racing-team\/#breadcrumb"},"inLanguage":"fr-FR","potentialAction":[{"@type":"ReadAction","target":["https:\/\/marinacoruna.es\/fr\/racing-team\/"]}]},{"@type":"ImageObject","inLanguage":"fr-FR","@id":"https:\/\/marinacoruna.es\/fr\/racing-team\/#primaryimage","url":"https:\/\/marinacoruna.es\/wp-content\/uploads\/marina-coruna-logo-deputacion-coruna-blanco-1.png","contentUrl":"https:\/\/marinacoruna.es\/wp-content\/uploads\/marina-coruna-logo-deputacion-coruna-blanco-1.png"},{"@type":"BreadcrumbList","@id":"https:\/\/marinacoruna.es\/fr\/racing-team\/#breadcrumb","itemListElement":[{"@type":"ListItem","position":1,"name":"Portada","item":"https:\/\/marinacoruna.es\/fr\/"},{"@type":"ListItem","position":2,"name":"\u00c9quipe de r\u00e9gates"}]},{"@type":"WebSite","@id":"https:\/\/marinacoruna.es\/fr\/#website","url":"https:\/\/marinacoruna.es\/fr\/","name":"Marina Coru\u00f1a","description":"Port de plaisance sur la mer Cantabrique, amarres, cale s\u00e8che, cale de halage et atelier en Galice, Espagne.","publisher":{"@id":"https:\/\/marinacoruna.es\/fr\/#organization"},"alternateName":"Marinacoruna","potentialAction":[{"@type":"SearchAction","target":{"@type":"EntryPoint","urlTemplate":"https:\/\/marinacoruna.es\/fr\/?s={search_term_string}"},"query-input":{"@type":"PropertyValueSpecification","valueRequired":true,"valueName":"search_term_string"}}],"inLanguage":"fr-FR"},{"@type":"Organization","@id":"https:\/\/marinacoruna.es\/fr\/#organization","name":"Marina Coru\u00f1a","alternateName":"Marinacoruna","url":"https:\/\/marinacoruna.es\/fr\/","logo":{"@type":"ImageObject","inLanguage":"fr-FR","@id":"https:\/\/marinacoruna.es\/fr\/#\/schema\/logo\/image\/","url":"https:\/\/marinacoruna.es\/wp-content\/uploads\/favicon.png","contentUrl":"https:\/\/marinacoruna.es\/wp-content\/uploads\/favicon.png","width":512,"height":512,"caption":"Marina Coru\u00f1a"},"image":{"@id":"https:\/\/marinacoruna.es\/fr\/#\/schema\/logo\/image\/"},"sameAs":["https:\/\/www.facebook.com\/marinacoruna","https:\/\/x.com\/marinacoruna","https:\/\/www.instagram.com\/marinacoruna\/"]}]}},"_links":{"self":[{"href":"https:\/\/marinacoruna.es\/fr\/wp-json\/wp\/v2\/pages\/4242","targetHints":{"allow":["GET"]}}],"collection":[{"href":"https:\/\/marinacoruna.es\/fr\/wp-json\/wp\/v2\/pages"}],"about":[{"href":"https:\/\/marinacoruna.es\/fr\/wp-json\/wp\/v2\/types\/page"}],"author":[{"embeddable":true,"href":"https:\/\/marinacoruna.es\/fr\/wp-json\/wp\/v2\/users\/8"}],"replies":[{"embeddable":true,"href":"https:\/\/marinacoruna.es\/fr\/wp-json\/wp\/v2\/comments?post=4242"}],"version-history":[{"count":13,"href":"https:\/\/marinacoruna.es\/fr\/wp-json\/wp\/v2\/pages\/4242\/revisions"}],"predecessor-version":[{"id":6808,"href":"https:\/\/marinacoruna.es\/fr\/wp-json\/wp\/v2\/pages\/4242\/revisions\/6808"}],"wp:attachment":[{"href":"https:\/\/marinacoruna.es\/fr\/wp-json\/wp\/v2\/media?parent=4242"}],"curies":[{"name":"wp","href":"https:\/\/api.w.org\/{rel}","templated":true}]}}