{"id":3757,"date":"2021-09-09T08:42:54","date_gmt":"2021-09-09T06:42:54","guid":{"rendered":"https:\/\/marinacoruna.es\/escuela-navegacion\/"},"modified":"2025-03-26T20:57:55","modified_gmt":"2025-03-26T19:57:55","slug":"escuela-navegacion","status":"publish","type":"page","link":"https:\/\/marinacoruna.es\/fr\/escuela-navegacion\/","title":{"rendered":"Escuela de navegaci\u00f3n"},"content":{"rendered":"<p>[et_pb_section fb_built=\u00a0\u00bb1&Prime; _builder_version=\u00a0\u00bb4.16&Prime; _module_preset=\u00a0\u00bbdefault\u00a0\u00bb background_image=\u00a0\u00bbhttps:\/\/marinacoruna.es\/wp-content\/uploads\/fondoEscuela01.jpg\u00a0\u00bb background_position=\u00a0\u00bbbottom_center\u00a0\u00bb min_height=\u00a0\u00bb500px\u00a0\u00bb custom_padding=\u00a0\u00bb100px||||false|false\u00a0\u00bb bottom_divider_style=\u00a0\u00bbwave2&Prime; bottom_divider_color=\u00a0\u00bb#FFFFFF\u00a0\u00bb global_colors_info=\u00a0\u00bb{}\u00a0\u00bb][et_pb_row _builder_version=\u00a0\u00bb4.16&Prime; _module_preset=\u00a0\u00bbdefault\u00a0\u00bb background_enable_color=\u00a0\u00bboff\u00a0\u00bb custom_padding=\u00a0\u00bb||||false|false\u00a0\u00bb global_colors_info=\u00a0\u00bb{}\u00a0\u00bb][et_pb_column type=\u00a0\u00bb4_4&Prime; _builder_version=\u00a0\u00bb4.16&Prime; _module_preset=\u00a0\u00bbdefault\u00a0\u00bb global_colors_info=\u00a0\u00bb{}\u00a0\u00bb][et_pb_text _builder_version=\u00a0\u00bb4.16&Prime; _module_preset=\u00a0\u00bbdefault\u00a0\u00bb header_text_color=\u00a0\u00bb#ffcc00&Prime; header_font_size=\u00a0\u00bb56px\u00a0\u00bb header_line_height=\u00a0\u00bb1.2em\u00a0\u00bb header_font_size_tablet=\u00a0\u00bb\u00a0\u00bb header_font_size_phone=\u00a0\u00bb42px\u00a0\u00bb header_font_size_last_edited=\u00a0\u00bbon|phone\u00a0\u00bb global_colors_info=\u00a0\u00bb{}\u00a0\u00bb]<\/p>\n<h1>Escuela de navegaci\u00f3n<br \/>Marina Coru\u00f1a<\/h1>\n<p>[\/et_pb_text][\/et_pb_column][\/et_pb_row][\/et_pb_section][et_pb_section fb_built=\u00a0\u00bb1&Prime; module_id=\u00a0\u00bbescola\u00a0\u00bb _builder_version=\u00a0\u00bb4.22.0&Prime; _module_preset=\u00a0\u00bbdefault\u00a0\u00bb top_divider_style=\u00a0\u00bbnone\u00a0\u00bb top_divider_color=\u00a0\u00bb#f4f4f4&Prime; top_divider_height=\u00a0\u00bb50px\u00a0\u00bb bottom_divider_style=\u00a0\u00bbnone\u00a0\u00bb bottom_divider_color=\u00a0\u00bb#f4f4f4&Prime; bottom_divider_height=\u00a0\u00bb50px\u00a0\u00bb global_colors_info=\u00a0\u00bb{}\u00a0\u00bb][et_pb_row column_structure=\u00a0\u00bb1_3,1_3,1_3&Prime; make_equal=\u00a0\u00bbon\u00a0\u00bb _builder_version=\u00a0\u00bb4.22.0&Prime; _module_preset=\u00a0\u00bbdefault\u00a0\u00bb background_enable_image=\u00a0\u00bboff\u00a0\u00bb background_size=\u00a0\u00bbinitial\u00a0\u00bb background_position=\u00a0\u00bbbottom_right\u00a0\u00bb global_colors_info=\u00a0\u00bb{}\u00a0\u00bb][et_pb_column type=\u00a0\u00bb1_3&Prime; _builder_version=\u00a0\u00bb4.22.0&Prime; _module_preset=\u00a0\u00bbdefault\u00a0\u00bb background_color=\u00a0\u00bbrgba(12,113,195,0.08)\u00a0\u00bb custom_padding=\u00a0\u00bb15px|25px|15px|25px|true|true\u00a0\u00bb global_colors_info=\u00a0\u00bb{}\u00a0\u00bb][et_pb_text _builder_version=\u00a0\u00bb4.22.0&Prime; _module_preset=\u00a0\u00bbdefault\u00a0\u00bb text_font_size=\u00a0\u00bb16px\u00a0\u00bb max_width=\u00a0\u00bb600px\u00a0\u00bb module_alignment=\u00a0\u00bbleft\u00a0\u00bb hover_enabled=\u00a0\u00bb0&Prime; global_colors_info=\u00a0\u00bb{}\u00a0\u00bb sticky_enabled=\u00a0\u00bb0&Prime;]<\/p>\n<blockquote style=\"margin-bottom:15px; margin-top:15px;\">\n<p>PER Patr\u00f3n de Embarcaci\u00f3n de Recreo<\/p>\n<\/blockquote>\n<p style=\"padding-bottom:8px;\"><strong>Atribuciones<\/strong>:<\/p>\n<ul>\n<li>Embarcaciones hasta 15 metros de eslora y motos de agua.<\/li>\n<li>Navegaci\u00f3n hasta 12 millas de distancia de cualquier puerto, marina o lugar de abrigo.<\/li>\n<li>Navegaci\u00f3n diurna y nocturna.<\/li>\n<\/ul>\n<p style=\"padding-bottom:8px;\"><strong>Requisitos para su obtenci\u00f3n<\/strong>:<\/p>\n<ul>\n<li>Examen te\u00f3rico de 45 preguntas o 18 si se tiene PNB.<\/li>\n<li>16 horas de pr\u00e1cticas de navegaci\u00f3n.<\/li>\n<li>Curso te\u00f3rico-pr\u00e1ctico de 12 horas de radio operador de corto alcance.<\/li>\n<\/ul>\n<p>[\/et_pb_text][\/et_pb_column][et_pb_column type=\u00a0\u00bb1_3&Prime; _builder_version=\u00a0\u00bb4.22.0&Prime; _module_preset=\u00a0\u00bbdefault\u00a0\u00bb background_color=\u00a0\u00bbRGBA(255,255,255,0)\u00a0\u00bb custom_padding=\u00a0\u00bb||||true|true\u00a0\u00bb global_colors_info=\u00a0\u00bb{}\u00a0\u00bb][et_pb_image src=\u00a0\u00bbhttps:\/\/marinacoruna.es\/wp-content\/uploads\/marina-coruna-patron-yate-1.jpg\u00a0\u00bb alt=\u00a0\u00bbPatr\u00f3n de yate\u00a0\u00bb title_text=\u00a0\u00bbPatr\u00f3n de yate\u00a0\u00bb show_in_lightbox=\u00a0\u00bbon\u00a0\u00bb _builder_version=\u00a0\u00bb4.22.0&Prime; _module_preset=\u00a0\u00bbdefault\u00a0\u00bb background_color=\u00a0\u00bbRGBA(255,255,255,0)\u00a0\u00bb hover_enabled=\u00a0\u00bb0&Prime; global_colors_info=\u00a0\u00bb{}\u00a0\u00bb sticky_enabled=\u00a0\u00bb0&Prime;][\/et_pb_image][\/et_pb_column][et_pb_column type=\u00a0\u00bb1_3&Prime; _builder_version=\u00a0\u00bb4.22.0&Prime; _module_preset=\u00a0\u00bbdefault\u00a0\u00bb background_color=\u00a0\u00bbRGBA(255,255,255,0)\u00a0\u00bb background_enable_image=\u00a0\u00bboff\u00a0\u00bb background_size=\u00a0\u00bbinitial\u00a0\u00bb background_position=\u00a0\u00bbbottom_center\u00a0\u00bb custom_padding=\u00a0\u00bb||||true|true\u00a0\u00bb global_colors_info=\u00a0\u00bb{}\u00a0\u00bb][et_pb_image src=\u00a0\u00bbhttps:\/\/marinacoruna.es\/wp-content\/uploads\/marina-coruna-per-fin-de-semana.jpg\u00a0\u00bb alt=\u00a0\u00bbPER fines de semana\u00a0\u00bb title_text=\u00a0\u00bbPER fines de semana\u00a0\u00bb show_in_lightbox=\u00a0\u00bbon\u00a0\u00bb _builder_version=\u00a0\u00bb4.22.0&Prime; _module_preset=\u00a0\u00bbdefault\u00a0\u00bb background_color=\u00a0\u00bbRGBA(255,255,255,0)\u00a0\u00bb global_colors_info=\u00a0\u00bb{}\u00a0\u00bb][\/et_pb_image][\/et_pb_column][\/et_pb_row][\/et_pb_section][et_pb_section fb_built=\u00a0\u00bb1&Prime; module_id=\u00a0\u00bbescola\u00a0\u00bb _builder_version=\u00a0\u00bb4.22.0&Prime; _module_preset=\u00a0\u00bbdefault\u00a0\u00bb top_divider_style=\u00a0\u00bbnone\u00a0\u00bb top_divider_color=\u00a0\u00bb#f4f4f4&Prime; top_divider_height=\u00a0\u00bb50px\u00a0\u00bb bottom_divider_style=\u00a0\u00bbnone\u00a0\u00bb bottom_divider_color=\u00a0\u00bb#f4f4f4&Prime; bottom_divider_height=\u00a0\u00bb50px\u00a0\u00bb hover_enabled=\u00a0\u00bb0&Prime; global_colors_info=\u00a0\u00bb{}\u00a0\u00bb sticky_enabled=\u00a0\u00bb0&Prime;][et_pb_row column_structure=\u00a0\u00bb1_2,1_2&Prime; make_equal=\u00a0\u00bbon\u00a0\u00bb _builder_version=\u00a0\u00bb4.22.0&Prime; _module_preset=\u00a0\u00bbdefault\u00a0\u00bb background_enable_image=\u00a0\u00bboff\u00a0\u00bb background_size=\u00a0\u00bbinitial\u00a0\u00bb background_position=\u00a0\u00bbbottom_right\u00a0\u00bb hover_enabled=\u00a0\u00bb0&Prime; global_colors_info=\u00a0\u00bb{}\u00a0\u00bb sticky_enabled=\u00a0\u00bb0&Prime;][et_pb_column type=\u00a0\u00bb1_2&Prime; _builder_version=\u00a0\u00bb4.22.0&Prime; _module_preset=\u00a0\u00bbdefault\u00a0\u00bb background_enable_color=\u00a0\u00bboff\u00a0\u00bb background_enable_image=\u00a0\u00bboff\u00a0\u00bb background_size=\u00a0\u00bbinitial\u00a0\u00bb background_position=\u00a0\u00bbbottom_center\u00a0\u00bb custom_padding=\u00a0\u00bb10px|25px|25px|25px|false|true\u00a0\u00bb hover_enabled=\u00a0\u00bb0&Prime; global_colors_info=\u00a0\u00bb{}\u00a0\u00bb sticky_enabled=\u00a0\u00bb0&Prime;][et_pb_cta title=\u00a0\u00bbTARIFAS\u00a0\u00bb button_url=\u00a0\u00bb\/wp-content\/uploads\/tarifas\/Tarifas%20Escuela%20de%20Navegacion%20Mc.pdf\u00a0\u00bb url_new_window=\u00a0\u00bbon\u00a0\u00bb button_text=\u00a0\u00bbVER TARIFAS\u00a0\u00bb admin_label=\u00a0\u00bbbotonTarifas\u00a0\u00bb _builder_version=\u00a0\u00bb4.22.0&Prime; _module_preset=\u00a0\u00bbdefault\u00a0\u00bb header_font=\u00a0\u00bbWork Sans||||||||\u00a0\u00bb header_text_color=\u00a0\u00bb#ffcc00&Prime; background_color=\u00a0\u00bb#23abbb\u00a0\u00bb custom_button=\u00a0\u00bbon\u00a0\u00bb button_text_size=\u00a0\u00bb18px\u00a0\u00bb button_text_color=\u00a0\u00bb#000000&Prime; button_bg_color=\u00a0\u00bb#ffcc00&Prime; button_border_width=\u00a0\u00bb2px\u00a0\u00bb button_border_color=\u00a0\u00bb#ffcc00&Prime; animation_style=\u00a0\u00bbslide\u00a0\u00bb animation_direction=\u00a0\u00bbbottom\u00a0\u00bb global_colors_info=\u00a0\u00bb{}\u00a0\u00bb]<\/p>\n<p>La mejor formaci\u00f3n con las tarifas m\u00e1s ajustadas.<\/p>\n<p>[\/et_pb_cta][\/et_pb_column][et_pb_column type=\u00a0\u00bb1_2&Prime; _builder_version=\u00a0\u00bb4.22.0&Prime; _module_preset=\u00a0\u00bbdefault\u00a0\u00bb background_enable_color=\u00a0\u00bboff\u00a0\u00bb background_enable_image=\u00a0\u00bboff\u00a0\u00bb background_size=\u00a0\u00bbinitial\u00a0\u00bb background_position=\u00a0\u00bbbottom_center\u00a0\u00bb custom_padding=\u00a0\u00bb10px|25px|25px|25px|false|true\u00a0\u00bb global_colors_info=\u00a0\u00bb{}\u00a0\u00bb][et_pb_cta title=\u00a0\u00bbINSCRIPCIONES E INFORMACI\u00d3N\u00a0\u00bb button_url=\u00a0\u00bb\/#contacto\u00a0\u00bb url_new_window=\u00a0\u00bbon\u00a0\u00bb button_text=\u00a0\u00bbCONTACTAR\u00a0\u00bb module_class=\u00a0\u00bbcajaverde\u00a0\u00bb _builder_version=\u00a0\u00bb4.21.0&Prime; _module_preset=\u00a0\u00bbdefault\u00a0\u00bb header_font=\u00a0\u00bbWork Sans||||||||\u00a0\u00bb header_text_color=\u00a0\u00bb#ffcc00&Prime; background_color=\u00a0\u00bb#23abbb\u00a0\u00bb custom_button=\u00a0\u00bbon\u00a0\u00bb button_text_size=\u00a0\u00bb18px\u00a0\u00bb button_text_color=\u00a0\u00bb#000000&Prime; button_bg_color=\u00a0\u00bb#ffcc00&Prime; button_border_width=\u00a0\u00bb2px\u00a0\u00bb button_border_color=\u00a0\u00bb#ffcc00&Prime; animation_style=\u00a0\u00bbslide\u00a0\u00bb animation_direction=\u00a0\u00bbbottom\u00a0\u00bb global_colors_info=\u00a0\u00bb{}\u00a0\u00bb]Ll\u00e1manos al tel\u00e9fono <strong><a href=\"tel:+34881920482\">881 920 482<\/a><\/strong> de 9:00 a 14:00 y de 15:00 a 18:00 o contacta desde nuestro formulario.[\/et_pb_cta][\/et_pb_column][\/et_pb_row][\/et_pb_section]<\/p>\n","protected":false},"excerpt":{"rendered":"<p>Escuela de navegaci\u00f3nMarina Coru\u00f1aPER Patr\u00f3n de Embarcaci\u00f3n de Recreo Atribuciones: Embarcaciones hasta 15 metros de eslora y motos de agua. Navegaci\u00f3n hasta 12 millas de distancia de cualquier puerto, marina o lugar de abrigo. Navegaci\u00f3n diurna y nocturna. Requisitos para su obtenci\u00f3n: Examen te\u00f3rico de 45 preguntas o 18 si se tiene PNB. 16 horas [&hellip;]<\/p>\n","protected":false},"author":8,"featured_media":0,"parent":0,"menu_order":0,"comment_status":"closed","ping_status":"closed","template":"","meta":{"_et_pb_use_builder":"on","_et_pb_old_content":"","_et_gb_content_width":"","pgc_sgb_lightbox_settings":"","_joinchat":[],"footnotes":""},"class_list":["post-3757","page","type-page","status-publish","hentry"],"yoast_head":"<!-- This site is optimized with the Yoast SEO plugin v26.2 - https:\/\/yoast.com\/wordpress\/plugins\/seo\/ -->\n<title>Escuela de navegaci\u00f3n | Marina Coru\u00f1a<\/title>\n<meta name=\"robots\" content=\"index, nofollow, max-snippet:-1, max-image-preview:large, max-video-preview:-1\" \/>\n<link rel=\"canonical\" href=\"https:\/\/marinacoruna.es\/fr\/escuela-navegacion\/\" \/>\n<meta property=\"og:locale\" content=\"fr_FR\" \/>\n<meta property=\"og:type\" content=\"article\" \/>\n<meta property=\"og:title\" content=\"Escuela de navegaci\u00f3n | Marina Coru\u00f1a\" \/>\n<meta property=\"og:description\" content=\"Escuela de navegaci\u00f3nMarina Coru\u00f1aPER Patr\u00f3n de Embarcaci\u00f3n de Recreo Atribuciones: Embarcaciones hasta 15 metros de eslora y motos de agua. Navegaci\u00f3n hasta 12 millas de distancia de cualquier puerto, marina o lugar de abrigo. Navegaci\u00f3n diurna y nocturna. Requisitos para su obtenci\u00f3n: Examen te\u00f3rico de 45 preguntas o 18 si se tiene PNB. 16 horas [&hellip;]\" \/>\n<meta property=\"og:url\" content=\"https:\/\/marinacoruna.es\/fr\/escuela-navegacion\/\" \/>\n<meta property=\"og:site_name\" content=\"Marina Coru\u00f1a\" \/>\n<meta property=\"article:publisher\" content=\"https:\/\/www.facebook.com\/marinacoruna\" \/>\n<meta property=\"article:modified_time\" content=\"2025-03-26T19:57:55+00:00\" \/>\n<meta property=\"og:image\" content=\"https:\/\/marinacoruna.es\/wp-content\/uploads\/logoMcoruna.png\" \/>\n\t<meta property=\"og:image:width\" content=\"218\" \/>\n\t<meta property=\"og:image:height\" content=\"58\" \/>\n\t<meta property=\"og:image:type\" content=\"image\/png\" \/>\n<meta name=\"twitter:card\" content=\"summary_large_image\" \/>\n<meta name=\"twitter:site\" content=\"@marinacoruna\" \/>\n<meta name=\"twitter:label1\" content=\"Dur\u00e9e de lecture estim\u00e9e\" \/>\n\t<meta name=\"twitter:data1\" content=\"1 minute\" \/>\n<script type=\"application\/ld+json\" class=\"yoast-schema-graph\">{\"@context\":\"https:\/\/schema.org\",\"@graph\":[{\"@type\":\"WebPage\",\"@id\":\"https:\/\/marinacoruna.es\/fr\/escuela-navegacion\/\",\"url\":\"https:\/\/marinacoruna.es\/fr\/escuela-navegacion\/\",\"name\":\"Escuela de navegaci\u00f3n | Marina Coru\u00f1a\",\"isPartOf\":{\"@id\":\"https:\/\/marinacoruna.es\/fr\/#website\"},\"datePublished\":\"2021-09-09T06:42:54+00:00\",\"dateModified\":\"2025-03-26T19:57:55+00:00\",\"breadcrumb\":{\"@id\":\"https:\/\/marinacoruna.es\/fr\/escuela-navegacion\/#breadcrumb\"},\"inLanguage\":\"fr-FR\",\"potentialAction\":[{\"@type\":\"ReadAction\",\"target\":[\"https:\/\/marinacoruna.es\/fr\/escuela-navegacion\/\"]}]},{\"@type\":\"BreadcrumbList\",\"@id\":\"https:\/\/marinacoruna.es\/fr\/escuela-navegacion\/#breadcrumb\",\"itemListElement\":[{\"@type\":\"ListItem\",\"position\":1,\"name\":\"Portada\",\"item\":\"https:\/\/marinacoruna.es\/fr\/\"},{\"@type\":\"ListItem\",\"position\":2,\"name\":\"Escuela de navegaci\u00f3n\"}]},{\"@type\":\"WebSite\",\"@id\":\"https:\/\/marinacoruna.es\/fr\/#website\",\"url\":\"https:\/\/marinacoruna.es\/fr\/\",\"name\":\"Marina Coru\u00f1a\",\"description\":\"Port de plaisance sur la mer Cantabrique, amarres, cale s\u00e8che, cale de halage et atelier en Galice, Espagne.\",\"publisher\":{\"@id\":\"https:\/\/marinacoruna.es\/fr\/#organization\"},\"alternateName\":\"Marinacoruna\",\"potentialAction\":[{\"@type\":\"SearchAction\",\"target\":{\"@type\":\"EntryPoint\",\"urlTemplate\":\"https:\/\/marinacoruna.es\/fr\/?s={search_term_string}\"},\"query-input\":{\"@type\":\"PropertyValueSpecification\",\"valueRequired\":true,\"valueName\":\"search_term_string\"}}],\"inLanguage\":\"fr-FR\"},{\"@type\":\"Organization\",\"@id\":\"https:\/\/marinacoruna.es\/fr\/#organization\",\"name\":\"Marina Coru\u00f1a\",\"alternateName\":\"Marinacoruna\",\"url\":\"https:\/\/marinacoruna.es\/fr\/\",\"logo\":{\"@type\":\"ImageObject\",\"inLanguage\":\"fr-FR\",\"@id\":\"https:\/\/marinacoruna.es\/fr\/#\/schema\/logo\/image\/\",\"url\":\"https:\/\/marinacoruna.es\/wp-content\/uploads\/favicon.png\",\"contentUrl\":\"https:\/\/marinacoruna.es\/wp-content\/uploads\/favicon.png\",\"width\":512,\"height\":512,\"caption\":\"Marina Coru\u00f1a\"},\"image\":{\"@id\":\"https:\/\/marinacoruna.es\/fr\/#\/schema\/logo\/image\/\"},\"sameAs\":[\"https:\/\/www.facebook.com\/marinacoruna\",\"https:\/\/x.com\/marinacoruna\",\"https:\/\/www.instagram.com\/marinacoruna\/\"]}]}<\/script>\n<!-- \/ Yoast SEO plugin. -->","yoast_head_json":{"title":"Escuela de navegaci\u00f3n | Marina Coru\u00f1a","robots":{"index":"index","follow":"nofollow","max-snippet":"max-snippet:-1","max-image-preview":"max-image-preview:large","max-video-preview":"max-video-preview:-1"},"canonical":"https:\/\/marinacoruna.es\/fr\/escuela-navegacion\/","og_locale":"fr_FR","og_type":"article","og_title":"Escuela de navegaci\u00f3n | Marina Coru\u00f1a","og_description":"Escuela de navegaci\u00f3nMarina Coru\u00f1aPER Patr\u00f3n de Embarcaci\u00f3n de Recreo Atribuciones: Embarcaciones hasta 15 metros de eslora y motos de agua. Navegaci\u00f3n hasta 12 millas de distancia de cualquier puerto, marina o lugar de abrigo. Navegaci\u00f3n diurna y nocturna. Requisitos para su obtenci\u00f3n: Examen te\u00f3rico de 45 preguntas o 18 si se tiene PNB. 16 horas [&hellip;]","og_url":"https:\/\/marinacoruna.es\/fr\/escuela-navegacion\/","og_site_name":"Marina Coru\u00f1a","article_publisher":"https:\/\/www.facebook.com\/marinacoruna","article_modified_time":"2025-03-26T19:57:55+00:00","og_image":[{"width":218,"height":58,"url":"https:\/\/marinacoruna.es\/wp-content\/uploads\/logoMcoruna.png","type":"image\/png"}],"twitter_card":"summary_large_image","twitter_site":"@marinacoruna","twitter_misc":{"Dur\u00e9e de lecture estim\u00e9e":"1 minute"},"schema":{"@context":"https:\/\/schema.org","@graph":[{"@type":"WebPage","@id":"https:\/\/marinacoruna.es\/fr\/escuela-navegacion\/","url":"https:\/\/marinacoruna.es\/fr\/escuela-navegacion\/","name":"Escuela de navegaci\u00f3n | Marina Coru\u00f1a","isPartOf":{"@id":"https:\/\/marinacoruna.es\/fr\/#website"},"datePublished":"2021-09-09T06:42:54+00:00","dateModified":"2025-03-26T19:57:55+00:00","breadcrumb":{"@id":"https:\/\/marinacoruna.es\/fr\/escuela-navegacion\/#breadcrumb"},"inLanguage":"fr-FR","potentialAction":[{"@type":"ReadAction","target":["https:\/\/marinacoruna.es\/fr\/escuela-navegacion\/"]}]},{"@type":"BreadcrumbList","@id":"https:\/\/marinacoruna.es\/fr\/escuela-navegacion\/#breadcrumb","itemListElement":[{"@type":"ListItem","position":1,"name":"Portada","item":"https:\/\/marinacoruna.es\/fr\/"},{"@type":"ListItem","position":2,"name":"Escuela de navegaci\u00f3n"}]},{"@type":"WebSite","@id":"https:\/\/marinacoruna.es\/fr\/#website","url":"https:\/\/marinacoruna.es\/fr\/","name":"Marina Coru\u00f1a","description":"Port de plaisance sur la mer Cantabrique, amarres, cale s\u00e8che, cale de halage et atelier en Galice, Espagne.","publisher":{"@id":"https:\/\/marinacoruna.es\/fr\/#organization"},"alternateName":"Marinacoruna","potentialAction":[{"@type":"SearchAction","target":{"@type":"EntryPoint","urlTemplate":"https:\/\/marinacoruna.es\/fr\/?s={search_term_string}"},"query-input":{"@type":"PropertyValueSpecification","valueRequired":true,"valueName":"search_term_string"}}],"inLanguage":"fr-FR"},{"@type":"Organization","@id":"https:\/\/marinacoruna.es\/fr\/#organization","name":"Marina Coru\u00f1a","alternateName":"Marinacoruna","url":"https:\/\/marinacoruna.es\/fr\/","logo":{"@type":"ImageObject","inLanguage":"fr-FR","@id":"https:\/\/marinacoruna.es\/fr\/#\/schema\/logo\/image\/","url":"https:\/\/marinacoruna.es\/wp-content\/uploads\/favicon.png","contentUrl":"https:\/\/marinacoruna.es\/wp-content\/uploads\/favicon.png","width":512,"height":512,"caption":"Marina Coru\u00f1a"},"image":{"@id":"https:\/\/marinacoruna.es\/fr\/#\/schema\/logo\/image\/"},"sameAs":["https:\/\/www.facebook.com\/marinacoruna","https:\/\/x.com\/marinacoruna","https:\/\/www.instagram.com\/marinacoruna\/"]}]}},"_links":{"self":[{"href":"https:\/\/marinacoruna.es\/fr\/wp-json\/wp\/v2\/pages\/3757","targetHints":{"allow":["GET"]}}],"collection":[{"href":"https:\/\/marinacoruna.es\/fr\/wp-json\/wp\/v2\/pages"}],"about":[{"href":"https:\/\/marinacoruna.es\/fr\/wp-json\/wp\/v2\/types\/page"}],"author":[{"embeddable":true,"href":"https:\/\/marinacoruna.es\/fr\/wp-json\/wp\/v2\/users\/8"}],"replies":[{"embeddable":true,"href":"https:\/\/marinacoruna.es\/fr\/wp-json\/wp\/v2\/comments?post=3757"}],"version-history":[{"count":36,"href":"https:\/\/marinacoruna.es\/fr\/wp-json\/wp\/v2\/pages\/3757\/revisions"}],"predecessor-version":[{"id":6929,"href":"https:\/\/marinacoruna.es\/fr\/wp-json\/wp\/v2\/pages\/3757\/revisions\/6929"}],"wp:attachment":[{"href":"https:\/\/marinacoruna.es\/fr\/wp-json\/wp\/v2\/media?parent=3757"}],"curies":[{"name":"wp","href":"https:\/\/api.w.org\/{rel}","templated":true}]}}