{"id":1503,"date":"2021-03-19T18:41:50","date_gmt":"2021-03-19T17:41:50","guid":{"rendered":"https:\/\/marinacoruna.es\/politique-en-matiere-de-cookies\/"},"modified":"2021-03-19T18:51:02","modified_gmt":"2021-03-19T17:51:02","slug":"politique-en-matiere-de-cookies","status":"publish","type":"page","link":"https:\/\/marinacoruna.es\/fr\/politique-en-matiere-de-cookies\/","title":{"rendered":"Politique en mati\u00e8re de cookies"},"content":{"rendered":"<p>[et_pb_section fb_built=\u00a0\u00bb1&Prime; _builder_version=\u00a0\u00bb3.22&Prime;][et_pb_row _builder_version=\u00a0\u00bb3.25&Prime; background_size=\u00a0\u00bbinitial\u00a0\u00bb background_position=\u00a0\u00bbtop_left\u00a0\u00bb background_repeat=\u00a0\u00bbrepeat\u00a0\u00bb][et_pb_column type=\u00a0\u00bb4_4&Prime; _builder_version=\u00a0\u00bb3.25&Prime; custom_padding=\u00a0\u00bb|||\u00a0\u00bb custom_padding__hover=\u00a0\u00bb|||\u00a0\u00bb][et_pb_text _builder_version=\u00a0\u00bb4.9.1&Prime; _module_preset=\u00a0\u00bbdefault\u00a0\u00bb header_font_size=\u00a0\u00bb46px\u00a0\u00bb hover_enabled=\u00a0\u00bb0&Prime; sticky_enabled=\u00a0\u00bb0&Prime;]<\/p>\n<h1>Politique en mati\u00e8re de cookies<\/h1>\n<p>[\/et_pb_text][et_pb_text _builder_version=\u00a0\u00bb4.9.1&Prime; background_size=\u00a0\u00bbinitial\u00a0\u00bb background_position=\u00a0\u00bbtop_left\u00a0\u00bb background_repeat=\u00a0\u00bbrepeat\u00a0\u00bb hover_enabled=\u00a0\u00bb0&Prime; sticky_enabled=\u00a0\u00bb0&Prime;]COMMENT NOUS UTILISONS LES COOKIES<br \/>\nNous pouvons vous demander d&rsquo;installer des cookies sur votre appareil. Nous utilisons des cookies pour savoir quand vous visitez nos sites web, comment vous interagissez avec nous, pour enrichir votre exp\u00e9rience utilisateur et pour personnaliser votre relation avec notre site web. Cliquez sur les diff\u00e9rentes rubriques des cat\u00e9gories pour en savoir plus. Vous pouvez \u00e9galement modifier certaines de vos pr\u00e9f\u00e9rences. Veuillez noter que le blocage de certains types de cookies peut affecter votre exp\u00e9rience sur notre site web et les services que nous pouvons vous offrir.<\/p>\n<p>COOKIES ESSENTIELS DU SITE WEB<br \/>\nCes cookies sont strictement n\u00e9cessaires pour vous fournir les services disponibles sur notre site web et pour utiliser certaines de ses fonctionnalit\u00e9s. Ces cookies \u00e9tant strictement n\u00e9cessaires \u00e0 la navigation sur le site, vous ne pouvez pas les refuser sans affecter le fonctionnement de notre site. Vous pouvez les bloquer ou les supprimer en modifiant les param\u00e8tres de votre navigateur et en for\u00e7ant le blocage de tous les cookies de ce site web.<\/p>\n<p>COOKIES DE GOOGLE ANALYTICS<br \/>\nCes cookies collectent des informations qui sont utilis\u00e9es sous forme agr\u00e9g\u00e9e pour nous aider \u00e0 comprendre comment notre site web est utilis\u00e9 ou l&rsquo;efficacit\u00e9 de nos campagnes de marketing, ou pour nous aider \u00e0 personnaliser notre site web et notre application afin d&rsquo;am\u00e9liorer votre exp\u00e9rience.<\/p>\n<p>AUTRES SERVICES EXTERNES<br \/>\nNous utilisons \u00e9galement divers services externes tels que Google Webfonts, Google Maps et des fournisseurs de vid\u00e9os tiers.<\/p>\n<p>POLITIQUE DE CONFIDENTIALIT\u00c9<br \/>\nVous pouvez prendre connaissance de nos cookies et de nos param\u00e8tres de confidentialit\u00e9 en d\u00e9tail sur notre page Politique de confidentialit\u00e9.[\/et_pb_text][\/et_pb_column][\/et_pb_row][\/et_pb_section]<\/p>\n","protected":false},"excerpt":{"rendered":"<p>Politique en mati\u00e8re de cookiesCOMMENT NOUS UTILISONS LES COOKIES Nous pouvons vous demander d&rsquo;installer des cookies sur votre appareil. Nous utilisons des cookies pour savoir quand vous visitez nos sites web, comment vous interagissez avec nous, pour enrichir votre exp\u00e9rience utilisateur et pour personnaliser votre relation avec notre site web. Cliquez sur les diff\u00e9rentes rubriques [&hellip;]<\/p>\n","protected":false},"author":8,"featured_media":0,"parent":0,"menu_order":0,"comment_status":"closed","ping_status":"closed","template":"","meta":{"_et_pb_use_builder":"on","_et_pb_old_content":"","_et_gb_content_width":"","pgc_sgb_lightbox_settings":"","_joinchat":[],"footnotes":""},"class_list":["post-1503","page","type-page","status-publish","hentry"],"yoast_head":"<!-- This site is optimized with the Yoast SEO plugin v26.2 - https:\/\/yoast.com\/wordpress\/plugins\/seo\/ -->\n<title>Politique en mati\u00e8re de cookies | Marina Coru\u00f1a<\/title>\n<meta name=\"robots\" content=\"index, follow, max-snippet:-1, max-image-preview:large, max-video-preview:-1\" \/>\n<link rel=\"canonical\" href=\"https:\/\/marinacoruna.es\/fr\/politique-en-matiere-de-cookies\/\" \/>\n<meta property=\"og:locale\" content=\"fr_FR\" \/>\n<meta property=\"og:type\" content=\"article\" \/>\n<meta property=\"og:title\" content=\"Politique en mati\u00e8re de cookies | Marina Coru\u00f1a\" \/>\n<meta property=\"og:description\" content=\"Politique en mati\u00e8re de cookiesCOMMENT NOUS UTILISONS LES COOKIES Nous pouvons vous demander d&#039;installer des cookies sur votre appareil. Nous utilisons des cookies pour savoir quand vous visitez nos sites web, comment vous interagissez avec nous, pour enrichir votre exp\u00e9rience utilisateur et pour personnaliser votre relation avec notre site web. Cliquez sur les diff\u00e9rentes rubriques [&hellip;]\" \/>\n<meta property=\"og:url\" content=\"https:\/\/marinacoruna.es\/fr\/politique-en-matiere-de-cookies\/\" \/>\n<meta property=\"og:site_name\" content=\"Marina Coru\u00f1a\" \/>\n<meta property=\"article:publisher\" content=\"https:\/\/www.facebook.com\/marinacoruna\" \/>\n<meta property=\"article:modified_time\" content=\"2021-03-19T17:51:02+00:00\" \/>\n<meta property=\"og:image\" content=\"https:\/\/marinacoruna.es\/wp-content\/uploads\/logoMcoruna.png\" \/>\n\t<meta property=\"og:image:width\" content=\"218\" \/>\n\t<meta property=\"og:image:height\" content=\"58\" \/>\n\t<meta property=\"og:image:type\" content=\"image\/png\" \/>\n<meta name=\"twitter:card\" content=\"summary_large_image\" \/>\n<meta name=\"twitter:site\" content=\"@marinacoruna\" \/>\n<meta name=\"twitter:label1\" content=\"Dur\u00e9e de lecture estim\u00e9e\" \/>\n\t<meta name=\"twitter:data1\" content=\"2 minutes\" \/>\n<script type=\"application\/ld+json\" class=\"yoast-schema-graph\">{\"@context\":\"https:\/\/schema.org\",\"@graph\":[{\"@type\":\"WebPage\",\"@id\":\"https:\/\/marinacoruna.es\/fr\/politique-en-matiere-de-cookies\/\",\"url\":\"https:\/\/marinacoruna.es\/fr\/politique-en-matiere-de-cookies\/\",\"name\":\"Politique en mati\u00e8re de cookies | Marina Coru\u00f1a\",\"isPartOf\":{\"@id\":\"https:\/\/marinacoruna.es\/fr\/#website\"},\"datePublished\":\"2021-03-19T17:41:50+00:00\",\"dateModified\":\"2021-03-19T17:51:02+00:00\",\"breadcrumb\":{\"@id\":\"https:\/\/marinacoruna.es\/fr\/politique-en-matiere-de-cookies\/#breadcrumb\"},\"inLanguage\":\"fr-FR\",\"potentialAction\":[{\"@type\":\"ReadAction\",\"target\":[\"https:\/\/marinacoruna.es\/fr\/politique-en-matiere-de-cookies\/\"]}]},{\"@type\":\"BreadcrumbList\",\"@id\":\"https:\/\/marinacoruna.es\/fr\/politique-en-matiere-de-cookies\/#breadcrumb\",\"itemListElement\":[{\"@type\":\"ListItem\",\"position\":1,\"name\":\"Portada\",\"item\":\"https:\/\/marinacoruna.es\/fr\/\"},{\"@type\":\"ListItem\",\"position\":2,\"name\":\"Politique en mati\u00e8re de cookies\"}]},{\"@type\":\"WebSite\",\"@id\":\"https:\/\/marinacoruna.es\/fr\/#website\",\"url\":\"https:\/\/marinacoruna.es\/fr\/\",\"name\":\"Marina Coru\u00f1a\",\"description\":\"Port de plaisance sur la mer Cantabrique, amarres, cale s\u00e8che, cale de halage et atelier en Galice, Espagne.\",\"publisher\":{\"@id\":\"https:\/\/marinacoruna.es\/fr\/#organization\"},\"alternateName\":\"Marinacoruna\",\"potentialAction\":[{\"@type\":\"SearchAction\",\"target\":{\"@type\":\"EntryPoint\",\"urlTemplate\":\"https:\/\/marinacoruna.es\/fr\/?s={search_term_string}\"},\"query-input\":{\"@type\":\"PropertyValueSpecification\",\"valueRequired\":true,\"valueName\":\"search_term_string\"}}],\"inLanguage\":\"fr-FR\"},{\"@type\":\"Organization\",\"@id\":\"https:\/\/marinacoruna.es\/fr\/#organization\",\"name\":\"Marina Coru\u00f1a\",\"alternateName\":\"Marinacoruna\",\"url\":\"https:\/\/marinacoruna.es\/fr\/\",\"logo\":{\"@type\":\"ImageObject\",\"inLanguage\":\"fr-FR\",\"@id\":\"https:\/\/marinacoruna.es\/fr\/#\/schema\/logo\/image\/\",\"url\":\"https:\/\/marinacoruna.es\/wp-content\/uploads\/favicon.png\",\"contentUrl\":\"https:\/\/marinacoruna.es\/wp-content\/uploads\/favicon.png\",\"width\":512,\"height\":512,\"caption\":\"Marina Coru\u00f1a\"},\"image\":{\"@id\":\"https:\/\/marinacoruna.es\/fr\/#\/schema\/logo\/image\/\"},\"sameAs\":[\"https:\/\/www.facebook.com\/marinacoruna\",\"https:\/\/x.com\/marinacoruna\",\"https:\/\/www.instagram.com\/marinacoruna\/\"]}]}<\/script>\n<!-- \/ Yoast SEO plugin. -->","yoast_head_json":{"title":"Politique en mati\u00e8re de cookies | Marina Coru\u00f1a","robots":{"index":"index","follow":"follow","max-snippet":"max-snippet:-1","max-image-preview":"max-image-preview:large","max-video-preview":"max-video-preview:-1"},"canonical":"https:\/\/marinacoruna.es\/fr\/politique-en-matiere-de-cookies\/","og_locale":"fr_FR","og_type":"article","og_title":"Politique en mati\u00e8re de cookies | Marina Coru\u00f1a","og_description":"Politique en mati\u00e8re de cookiesCOMMENT NOUS UTILISONS LES COOKIES Nous pouvons vous demander d'installer des cookies sur votre appareil. Nous utilisons des cookies pour savoir quand vous visitez nos sites web, comment vous interagissez avec nous, pour enrichir votre exp\u00e9rience utilisateur et pour personnaliser votre relation avec notre site web. Cliquez sur les diff\u00e9rentes rubriques [&hellip;]","og_url":"https:\/\/marinacoruna.es\/fr\/politique-en-matiere-de-cookies\/","og_site_name":"Marina Coru\u00f1a","article_publisher":"https:\/\/www.facebook.com\/marinacoruna","article_modified_time":"2021-03-19T17:51:02+00:00","og_image":[{"width":218,"height":58,"url":"https:\/\/marinacoruna.es\/wp-content\/uploads\/logoMcoruna.png","type":"image\/png"}],"twitter_card":"summary_large_image","twitter_site":"@marinacoruna","twitter_misc":{"Dur\u00e9e de lecture estim\u00e9e":"2 minutes"},"schema":{"@context":"https:\/\/schema.org","@graph":[{"@type":"WebPage","@id":"https:\/\/marinacoruna.es\/fr\/politique-en-matiere-de-cookies\/","url":"https:\/\/marinacoruna.es\/fr\/politique-en-matiere-de-cookies\/","name":"Politique en mati\u00e8re de cookies | Marina Coru\u00f1a","isPartOf":{"@id":"https:\/\/marinacoruna.es\/fr\/#website"},"datePublished":"2021-03-19T17:41:50+00:00","dateModified":"2021-03-19T17:51:02+00:00","breadcrumb":{"@id":"https:\/\/marinacoruna.es\/fr\/politique-en-matiere-de-cookies\/#breadcrumb"},"inLanguage":"fr-FR","potentialAction":[{"@type":"ReadAction","target":["https:\/\/marinacoruna.es\/fr\/politique-en-matiere-de-cookies\/"]}]},{"@type":"BreadcrumbList","@id":"https:\/\/marinacoruna.es\/fr\/politique-en-matiere-de-cookies\/#breadcrumb","itemListElement":[{"@type":"ListItem","position":1,"name":"Portada","item":"https:\/\/marinacoruna.es\/fr\/"},{"@type":"ListItem","position":2,"name":"Politique en mati\u00e8re de cookies"}]},{"@type":"WebSite","@id":"https:\/\/marinacoruna.es\/fr\/#website","url":"https:\/\/marinacoruna.es\/fr\/","name":"Marina Coru\u00f1a","description":"Port de plaisance sur la mer Cantabrique, amarres, cale s\u00e8che, cale de halage et atelier en Galice, Espagne.","publisher":{"@id":"https:\/\/marinacoruna.es\/fr\/#organization"},"alternateName":"Marinacoruna","potentialAction":[{"@type":"SearchAction","target":{"@type":"EntryPoint","urlTemplate":"https:\/\/marinacoruna.es\/fr\/?s={search_term_string}"},"query-input":{"@type":"PropertyValueSpecification","valueRequired":true,"valueName":"search_term_string"}}],"inLanguage":"fr-FR"},{"@type":"Organization","@id":"https:\/\/marinacoruna.es\/fr\/#organization","name":"Marina Coru\u00f1a","alternateName":"Marinacoruna","url":"https:\/\/marinacoruna.es\/fr\/","logo":{"@type":"ImageObject","inLanguage":"fr-FR","@id":"https:\/\/marinacoruna.es\/fr\/#\/schema\/logo\/image\/","url":"https:\/\/marinacoruna.es\/wp-content\/uploads\/favicon.png","contentUrl":"https:\/\/marinacoruna.es\/wp-content\/uploads\/favicon.png","width":512,"height":512,"caption":"Marina Coru\u00f1a"},"image":{"@id":"https:\/\/marinacoruna.es\/fr\/#\/schema\/logo\/image\/"},"sameAs":["https:\/\/www.facebook.com\/marinacoruna","https:\/\/x.com\/marinacoruna","https:\/\/www.instagram.com\/marinacoruna\/"]}]}},"_links":{"self":[{"href":"https:\/\/marinacoruna.es\/fr\/wp-json\/wp\/v2\/pages\/1503","targetHints":{"allow":["GET"]}}],"collection":[{"href":"https:\/\/marinacoruna.es\/fr\/wp-json\/wp\/v2\/pages"}],"about":[{"href":"https:\/\/marinacoruna.es\/fr\/wp-json\/wp\/v2\/types\/page"}],"author":[{"embeddable":true,"href":"https:\/\/marinacoruna.es\/fr\/wp-json\/wp\/v2\/users\/8"}],"replies":[{"embeddable":true,"href":"https:\/\/marinacoruna.es\/fr\/wp-json\/wp\/v2\/comments?post=1503"}],"version-history":[{"count":2,"href":"https:\/\/marinacoruna.es\/fr\/wp-json\/wp\/v2\/pages\/1503\/revisions"}],"predecessor-version":[{"id":1505,"href":"https:\/\/marinacoruna.es\/fr\/wp-json\/wp\/v2\/pages\/1503\/revisions\/1505"}],"wp:attachment":[{"href":"https:\/\/marinacoruna.es\/fr\/wp-json\/wp\/v2\/media?parent=1503"}],"curies":[{"name":"wp","href":"https:\/\/api.w.org\/{rel}","templated":true}]}}