{"id":3756,"date":"2021-09-09T08:42:54","date_gmt":"2021-09-09T06:42:54","guid":{"rendered":"https:\/\/marinacoruna.es\/escuela-navegacion\/"},"modified":"2025-03-26T20:57:54","modified_gmt":"2025-03-26T19:57:54","slug":"escuela-navegacion","status":"publish","type":"page","link":"https:\/\/marinacoruna.es\/en\/escuela-navegacion\/","title":{"rendered":"Escuela de navegaci\u00f3n"},"content":{"rendered":"<p>[et_pb_section fb_built=&#8221;1&#8243; _builder_version=&#8221;4.16&#8243; _module_preset=&#8221;default&#8221; background_image=&#8221;https:\/\/marinacoruna.es\/wp-content\/uploads\/fondoEscuela01.jpg&#8221; background_position=&#8221;bottom_center&#8221; min_height=&#8221;500px&#8221; custom_padding=&#8221;100px||||false|false&#8221; bottom_divider_style=&#8221;wave2&#8243; bottom_divider_color=&#8221;#FFFFFF&#8221; global_colors_info=&#8221;{}&#8221;][et_pb_row _builder_version=&#8221;4.16&#8243; _module_preset=&#8221;default&#8221; background_enable_color=&#8221;off&#8221; custom_padding=&#8221;||||false|false&#8221; global_colors_info=&#8221;{}&#8221;][et_pb_column type=&#8221;4_4&#8243; _builder_version=&#8221;4.16&#8243; _module_preset=&#8221;default&#8221; global_colors_info=&#8221;{}&#8221;][et_pb_text _builder_version=&#8221;4.16&#8243; _module_preset=&#8221;default&#8221; header_text_color=&#8221;#ffcc00&#8243; header_font_size=&#8221;56px&#8221; header_line_height=&#8221;1.2em&#8221; header_font_size_tablet=&#8221;&#8221; header_font_size_phone=&#8221;42px&#8221; header_font_size_last_edited=&#8221;on|phone&#8221; global_colors_info=&#8221;{}&#8221;]<\/p>\n<h1>Escuela de navegaci\u00f3n<br \/>Marina Coru\u00f1a<\/h1>\n<p>[\/et_pb_text][\/et_pb_column][\/et_pb_row][\/et_pb_section][et_pb_section fb_built=&#8221;1&#8243; module_id=&#8221;escola&#8221; _builder_version=&#8221;4.22.0&#8243; _module_preset=&#8221;default&#8221; top_divider_style=&#8221;none&#8221; top_divider_color=&#8221;#f4f4f4&#8243; top_divider_height=&#8221;50px&#8221; bottom_divider_style=&#8221;none&#8221; bottom_divider_color=&#8221;#f4f4f4&#8243; bottom_divider_height=&#8221;50px&#8221; global_colors_info=&#8221;{}&#8221;][et_pb_row column_structure=&#8221;1_3,1_3,1_3&#8243; make_equal=&#8221;on&#8221; _builder_version=&#8221;4.22.0&#8243; _module_preset=&#8221;default&#8221; background_enable_image=&#8221;off&#8221; background_size=&#8221;initial&#8221; background_position=&#8221;bottom_right&#8221; global_colors_info=&#8221;{}&#8221;][et_pb_column type=&#8221;1_3&#8243; _builder_version=&#8221;4.22.0&#8243; _module_preset=&#8221;default&#8221; background_color=&#8221;rgba(12,113,195,0.08)&#8221; custom_padding=&#8221;15px|25px|15px|25px|true|true&#8221; global_colors_info=&#8221;{}&#8221;][et_pb_text _builder_version=&#8221;4.22.0&#8243; _module_preset=&#8221;default&#8221; text_font_size=&#8221;16px&#8221; max_width=&#8221;600px&#8221; module_alignment=&#8221;left&#8221; hover_enabled=&#8221;0&#8243; global_colors_info=&#8221;{}&#8221; sticky_enabled=&#8221;0&#8243;]<\/p>\n<blockquote style=\"margin-bottom:15px; margin-top:15px;\">\n<p>PER Patr\u00f3n de Embarcaci\u00f3n de Recreo<\/p>\n<\/blockquote>\n<p style=\"padding-bottom:8px;\"><strong>Atribuciones<\/strong>:<\/p>\n<ul>\n<li>Embarcaciones hasta 15 metros de eslora y motos de agua.<\/li>\n<li>Navegaci\u00f3n hasta 12 millas de distancia de cualquier puerto, marina o lugar de abrigo.<\/li>\n<li>Navegaci\u00f3n diurna y nocturna.<\/li>\n<\/ul>\n<p style=\"padding-bottom:8px;\"><strong>Requisitos para su obtenci\u00f3n<\/strong>:<\/p>\n<ul>\n<li>Examen te\u00f3rico de 45 preguntas o 18 si se tiene PNB.<\/li>\n<li>16 horas de pr\u00e1cticas de navegaci\u00f3n.<\/li>\n<li>Curso te\u00f3rico-pr\u00e1ctico de 12 horas de radio operador de corto alcance.<\/li>\n<\/ul>\n<p>[\/et_pb_text][\/et_pb_column][et_pb_column type=&#8221;1_3&#8243; _builder_version=&#8221;4.22.0&#8243; _module_preset=&#8221;default&#8221; background_color=&#8221;RGBA(255,255,255,0)&#8221; custom_padding=&#8221;||||true|true&#8221; global_colors_info=&#8221;{}&#8221;][et_pb_image src=&#8221;https:\/\/marinacoruna.es\/wp-content\/uploads\/marina-coruna-patron-yate-1.jpg&#8221; alt=&#8221;Patr\u00f3n de yate&#8221; title_text=&#8221;Patr\u00f3n de yate&#8221; show_in_lightbox=&#8221;on&#8221; _builder_version=&#8221;4.22.0&#8243; _module_preset=&#8221;default&#8221; background_color=&#8221;RGBA(255,255,255,0)&#8221; hover_enabled=&#8221;0&#8243; global_colors_info=&#8221;{}&#8221; sticky_enabled=&#8221;0&#8243;][\/et_pb_image][\/et_pb_column][et_pb_column type=&#8221;1_3&#8243; _builder_version=&#8221;4.22.0&#8243; _module_preset=&#8221;default&#8221; background_color=&#8221;RGBA(255,255,255,0)&#8221; background_enable_image=&#8221;off&#8221; background_size=&#8221;initial&#8221; background_position=&#8221;bottom_center&#8221; custom_padding=&#8221;||||true|true&#8221; global_colors_info=&#8221;{}&#8221;][et_pb_image src=&#8221;https:\/\/marinacoruna.es\/wp-content\/uploads\/marina-coruna-per-fin-de-semana.jpg&#8221; alt=&#8221;PER fines de semana&#8221; title_text=&#8221;PER fines de semana&#8221; show_in_lightbox=&#8221;on&#8221; _builder_version=&#8221;4.22.0&#8243; _module_preset=&#8221;default&#8221; background_color=&#8221;RGBA(255,255,255,0)&#8221; global_colors_info=&#8221;{}&#8221;][\/et_pb_image][\/et_pb_column][\/et_pb_row][\/et_pb_section][et_pb_section fb_built=&#8221;1&#8243; module_id=&#8221;escola&#8221; _builder_version=&#8221;4.22.0&#8243; _module_preset=&#8221;default&#8221; top_divider_style=&#8221;none&#8221; top_divider_color=&#8221;#f4f4f4&#8243; top_divider_height=&#8221;50px&#8221; bottom_divider_style=&#8221;none&#8221; bottom_divider_color=&#8221;#f4f4f4&#8243; bottom_divider_height=&#8221;50px&#8221; hover_enabled=&#8221;0&#8243; global_colors_info=&#8221;{}&#8221; sticky_enabled=&#8221;0&#8243;][et_pb_row column_structure=&#8221;1_2,1_2&#8243; make_equal=&#8221;on&#8221; _builder_version=&#8221;4.22.0&#8243; _module_preset=&#8221;default&#8221; background_enable_image=&#8221;off&#8221; background_size=&#8221;initial&#8221; background_position=&#8221;bottom_right&#8221; hover_enabled=&#8221;0&#8243; global_colors_info=&#8221;{}&#8221; sticky_enabled=&#8221;0&#8243;][et_pb_column type=&#8221;1_2&#8243; _builder_version=&#8221;4.22.0&#8243; _module_preset=&#8221;default&#8221; background_enable_color=&#8221;off&#8221; background_enable_image=&#8221;off&#8221; background_size=&#8221;initial&#8221; background_position=&#8221;bottom_center&#8221; custom_padding=&#8221;10px|25px|25px|25px|false|true&#8221; hover_enabled=&#8221;0&#8243; global_colors_info=&#8221;{}&#8221; sticky_enabled=&#8221;0&#8243;][et_pb_cta title=&#8221;TARIFAS&#8221; button_url=&#8221;\/wp-content\/uploads\/tarifas\/Tarifas%20Escuela%20de%20Navegacion%20Mc.pdf&#8221; url_new_window=&#8221;on&#8221; button_text=&#8221;VER TARIFAS&#8221; admin_label=&#8221;botonTarifas&#8221; _builder_version=&#8221;4.22.0&#8243; _module_preset=&#8221;default&#8221; header_font=&#8221;Work Sans||||||||&#8221; header_text_color=&#8221;#ffcc00&#8243; background_color=&#8221;#23abbb&#8221; custom_button=&#8221;on&#8221; button_text_size=&#8221;18px&#8221; button_text_color=&#8221;#000000&#8243; button_bg_color=&#8221;#ffcc00&#8243; button_border_width=&#8221;2px&#8221; button_border_color=&#8221;#ffcc00&#8243; animation_style=&#8221;slide&#8221; animation_direction=&#8221;bottom&#8221; global_colors_info=&#8221;{}&#8221;]<\/p>\n<p>La mejor formaci\u00f3n con las tarifas m\u00e1s ajustadas.<\/p>\n<p>[\/et_pb_cta][\/et_pb_column][et_pb_column type=&#8221;1_2&#8243; _builder_version=&#8221;4.22.0&#8243; _module_preset=&#8221;default&#8221; background_enable_color=&#8221;off&#8221; background_enable_image=&#8221;off&#8221; background_size=&#8221;initial&#8221; background_position=&#8221;bottom_center&#8221; custom_padding=&#8221;10px|25px|25px|25px|false|true&#8221; global_colors_info=&#8221;{}&#8221;][et_pb_cta title=&#8221;INSCRIPCIONES E INFORMACI\u00d3N&#8221; button_url=&#8221;\/#contacto&#8221; url_new_window=&#8221;on&#8221; button_text=&#8221;CONTACTAR&#8221; module_class=&#8221;cajaverde&#8221; _builder_version=&#8221;4.21.0&#8243; _module_preset=&#8221;default&#8221; header_font=&#8221;Work Sans||||||||&#8221; header_text_color=&#8221;#ffcc00&#8243; background_color=&#8221;#23abbb&#8221; custom_button=&#8221;on&#8221; button_text_size=&#8221;18px&#8221; button_text_color=&#8221;#000000&#8243; button_bg_color=&#8221;#ffcc00&#8243; button_border_width=&#8221;2px&#8221; button_border_color=&#8221;#ffcc00&#8243; animation_style=&#8221;slide&#8221; animation_direction=&#8221;bottom&#8221; global_colors_info=&#8221;{}&#8221;]Ll\u00e1manos al tel\u00e9fono <strong><a href=\"tel:+34881920482\">881 920 482<\/a><\/strong> de 9:00 a 14:00 y de 15:00 a 18:00 o contacta desde nuestro formulario.[\/et_pb_cta][\/et_pb_column][\/et_pb_row][\/et_pb_section]<\/p>\n","protected":false},"excerpt":{"rendered":"<p>Escuela de navegaci\u00f3nMarina Coru\u00f1aPER Patr\u00f3n de Embarcaci\u00f3n de Recreo Atribuciones: Embarcaciones hasta 15 metros de eslora y motos de agua. Navegaci\u00f3n hasta 12 millas de distancia de cualquier puerto, marina o lugar de abrigo. Navegaci\u00f3n diurna y nocturna. Requisitos para su obtenci\u00f3n: Examen te\u00f3rico de 45 preguntas o 18 si se tiene PNB. 16 horas [&hellip;]<\/p>\n","protected":false},"author":8,"featured_media":0,"parent":0,"menu_order":0,"comment_status":"closed","ping_status":"closed","template":"","meta":{"_et_pb_use_builder":"on","_et_pb_old_content":"","_et_gb_content_width":"","pgc_sgb_lightbox_settings":"","_joinchat":[],"footnotes":""},"class_list":["post-3756","page","type-page","status-publish","hentry"],"yoast_head":"<!-- This site is optimized with the Yoast SEO plugin v26.2 - https:\/\/yoast.com\/wordpress\/plugins\/seo\/ -->\n<title>Escuela de navegaci\u00f3n | Marina Coru\u00f1a<\/title>\n<meta name=\"robots\" content=\"index, nofollow, max-snippet:-1, max-image-preview:large, max-video-preview:-1\" \/>\n<link rel=\"canonical\" href=\"https:\/\/marinacoruna.es\/en\/escuela-navegacion\/\" \/>\n<meta property=\"og:locale\" content=\"en_US\" \/>\n<meta property=\"og:type\" content=\"article\" \/>\n<meta property=\"og:title\" content=\"Escuela de navegaci\u00f3n | Marina Coru\u00f1a\" \/>\n<meta property=\"og:description\" content=\"Escuela de navegaci\u00f3nMarina Coru\u00f1aPER Patr\u00f3n de Embarcaci\u00f3n de Recreo Atribuciones: Embarcaciones hasta 15 metros de eslora y motos de agua. Navegaci\u00f3n hasta 12 millas de distancia de cualquier puerto, marina o lugar de abrigo. Navegaci\u00f3n diurna y nocturna. Requisitos para su obtenci\u00f3n: Examen te\u00f3rico de 45 preguntas o 18 si se tiene PNB. 16 horas [&hellip;]\" \/>\n<meta property=\"og:url\" content=\"https:\/\/marinacoruna.es\/en\/escuela-navegacion\/\" \/>\n<meta property=\"og:site_name\" content=\"Marina Coru\u00f1a\" \/>\n<meta property=\"article:publisher\" content=\"https:\/\/www.facebook.com\/marinacoruna\" \/>\n<meta property=\"article:modified_time\" content=\"2025-03-26T19:57:54+00:00\" \/>\n<meta property=\"og:image\" content=\"https:\/\/marinacoruna.es\/wp-content\/uploads\/logoMcoruna.png\" \/>\n\t<meta property=\"og:image:width\" content=\"218\" \/>\n\t<meta property=\"og:image:height\" content=\"58\" \/>\n\t<meta property=\"og:image:type\" content=\"image\/png\" \/>\n<meta name=\"twitter:card\" content=\"summary_large_image\" \/>\n<meta name=\"twitter:site\" content=\"@marinacoruna\" \/>\n<meta name=\"twitter:label1\" content=\"Est. reading time\" \/>\n\t<meta name=\"twitter:data1\" content=\"1 minute\" \/>\n<script type=\"application\/ld+json\" class=\"yoast-schema-graph\">{\"@context\":\"https:\/\/schema.org\",\"@graph\":[{\"@type\":\"WebPage\",\"@id\":\"https:\/\/marinacoruna.es\/en\/escuela-navegacion\/\",\"url\":\"https:\/\/marinacoruna.es\/en\/escuela-navegacion\/\",\"name\":\"Escuela de navegaci\u00f3n | Marina Coru\u00f1a\",\"isPartOf\":{\"@id\":\"https:\/\/marinacoruna.es\/en\/#website\"},\"datePublished\":\"2021-09-09T06:42:54+00:00\",\"dateModified\":\"2025-03-26T19:57:54+00:00\",\"breadcrumb\":{\"@id\":\"https:\/\/marinacoruna.es\/en\/escuela-navegacion\/#breadcrumb\"},\"inLanguage\":\"en-US\",\"potentialAction\":[{\"@type\":\"ReadAction\",\"target\":[\"https:\/\/marinacoruna.es\/en\/escuela-navegacion\/\"]}]},{\"@type\":\"BreadcrumbList\",\"@id\":\"https:\/\/marinacoruna.es\/en\/escuela-navegacion\/#breadcrumb\",\"itemListElement\":[{\"@type\":\"ListItem\",\"position\":1,\"name\":\"Portada\",\"item\":\"https:\/\/marinacoruna.es\/en\/\"},{\"@type\":\"ListItem\",\"position\":2,\"name\":\"Escuela de navegaci\u00f3n\"}]},{\"@type\":\"WebSite\",\"@id\":\"https:\/\/marinacoruna.es\/en\/#website\",\"url\":\"https:\/\/marinacoruna.es\/en\/\",\"name\":\"Marina Coru\u00f1a\",\"description\":\"Marina on the Cantabrian Sea, berths, dry dock and workshop in Galicia, Spain\",\"publisher\":{\"@id\":\"https:\/\/marinacoruna.es\/en\/#organization\"},\"alternateName\":\"Marinacoruna\",\"potentialAction\":[{\"@type\":\"SearchAction\",\"target\":{\"@type\":\"EntryPoint\",\"urlTemplate\":\"https:\/\/marinacoruna.es\/en\/?s={search_term_string}\"},\"query-input\":{\"@type\":\"PropertyValueSpecification\",\"valueRequired\":true,\"valueName\":\"search_term_string\"}}],\"inLanguage\":\"en-US\"},{\"@type\":\"Organization\",\"@id\":\"https:\/\/marinacoruna.es\/en\/#organization\",\"name\":\"Marina Coru\u00f1a\",\"alternateName\":\"Marinacoruna\",\"url\":\"https:\/\/marinacoruna.es\/en\/\",\"logo\":{\"@type\":\"ImageObject\",\"inLanguage\":\"en-US\",\"@id\":\"https:\/\/marinacoruna.es\/en\/#\/schema\/logo\/image\/\",\"url\":\"https:\/\/marinacoruna.es\/wp-content\/uploads\/favicon.png\",\"contentUrl\":\"https:\/\/marinacoruna.es\/wp-content\/uploads\/favicon.png\",\"width\":512,\"height\":512,\"caption\":\"Marina Coru\u00f1a\"},\"image\":{\"@id\":\"https:\/\/marinacoruna.es\/en\/#\/schema\/logo\/image\/\"},\"sameAs\":[\"https:\/\/www.facebook.com\/marinacoruna\",\"https:\/\/x.com\/marinacoruna\",\"https:\/\/www.instagram.com\/marinacoruna\/\"]}]}<\/script>\n<!-- \/ Yoast SEO plugin. -->","yoast_head_json":{"title":"Escuela de navegaci\u00f3n | Marina Coru\u00f1a","robots":{"index":"index","follow":"nofollow","max-snippet":"max-snippet:-1","max-image-preview":"max-image-preview:large","max-video-preview":"max-video-preview:-1"},"canonical":"https:\/\/marinacoruna.es\/en\/escuela-navegacion\/","og_locale":"en_US","og_type":"article","og_title":"Escuela de navegaci\u00f3n | Marina Coru\u00f1a","og_description":"Escuela de navegaci\u00f3nMarina Coru\u00f1aPER Patr\u00f3n de Embarcaci\u00f3n de Recreo Atribuciones: Embarcaciones hasta 15 metros de eslora y motos de agua. Navegaci\u00f3n hasta 12 millas de distancia de cualquier puerto, marina o lugar de abrigo. Navegaci\u00f3n diurna y nocturna. Requisitos para su obtenci\u00f3n: Examen te\u00f3rico de 45 preguntas o 18 si se tiene PNB. 16 horas [&hellip;]","og_url":"https:\/\/marinacoruna.es\/en\/escuela-navegacion\/","og_site_name":"Marina Coru\u00f1a","article_publisher":"https:\/\/www.facebook.com\/marinacoruna","article_modified_time":"2025-03-26T19:57:54+00:00","og_image":[{"width":218,"height":58,"url":"https:\/\/marinacoruna.es\/wp-content\/uploads\/logoMcoruna.png","type":"image\/png"}],"twitter_card":"summary_large_image","twitter_site":"@marinacoruna","twitter_misc":{"Est. reading time":"1 minute"},"schema":{"@context":"https:\/\/schema.org","@graph":[{"@type":"WebPage","@id":"https:\/\/marinacoruna.es\/en\/escuela-navegacion\/","url":"https:\/\/marinacoruna.es\/en\/escuela-navegacion\/","name":"Escuela de navegaci\u00f3n | Marina Coru\u00f1a","isPartOf":{"@id":"https:\/\/marinacoruna.es\/en\/#website"},"datePublished":"2021-09-09T06:42:54+00:00","dateModified":"2025-03-26T19:57:54+00:00","breadcrumb":{"@id":"https:\/\/marinacoruna.es\/en\/escuela-navegacion\/#breadcrumb"},"inLanguage":"en-US","potentialAction":[{"@type":"ReadAction","target":["https:\/\/marinacoruna.es\/en\/escuela-navegacion\/"]}]},{"@type":"BreadcrumbList","@id":"https:\/\/marinacoruna.es\/en\/escuela-navegacion\/#breadcrumb","itemListElement":[{"@type":"ListItem","position":1,"name":"Portada","item":"https:\/\/marinacoruna.es\/en\/"},{"@type":"ListItem","position":2,"name":"Escuela de navegaci\u00f3n"}]},{"@type":"WebSite","@id":"https:\/\/marinacoruna.es\/en\/#website","url":"https:\/\/marinacoruna.es\/en\/","name":"Marina Coru\u00f1a","description":"Marina on the Cantabrian Sea, berths, dry dock and workshop in Galicia, Spain","publisher":{"@id":"https:\/\/marinacoruna.es\/en\/#organization"},"alternateName":"Marinacoruna","potentialAction":[{"@type":"SearchAction","target":{"@type":"EntryPoint","urlTemplate":"https:\/\/marinacoruna.es\/en\/?s={search_term_string}"},"query-input":{"@type":"PropertyValueSpecification","valueRequired":true,"valueName":"search_term_string"}}],"inLanguage":"en-US"},{"@type":"Organization","@id":"https:\/\/marinacoruna.es\/en\/#organization","name":"Marina Coru\u00f1a","alternateName":"Marinacoruna","url":"https:\/\/marinacoruna.es\/en\/","logo":{"@type":"ImageObject","inLanguage":"en-US","@id":"https:\/\/marinacoruna.es\/en\/#\/schema\/logo\/image\/","url":"https:\/\/marinacoruna.es\/wp-content\/uploads\/favicon.png","contentUrl":"https:\/\/marinacoruna.es\/wp-content\/uploads\/favicon.png","width":512,"height":512,"caption":"Marina Coru\u00f1a"},"image":{"@id":"https:\/\/marinacoruna.es\/en\/#\/schema\/logo\/image\/"},"sameAs":["https:\/\/www.facebook.com\/marinacoruna","https:\/\/x.com\/marinacoruna","https:\/\/www.instagram.com\/marinacoruna\/"]}]}},"_links":{"self":[{"href":"https:\/\/marinacoruna.es\/en\/wp-json\/wp\/v2\/pages\/3756","targetHints":{"allow":["GET"]}}],"collection":[{"href":"https:\/\/marinacoruna.es\/en\/wp-json\/wp\/v2\/pages"}],"about":[{"href":"https:\/\/marinacoruna.es\/en\/wp-json\/wp\/v2\/types\/page"}],"author":[{"embeddable":true,"href":"https:\/\/marinacoruna.es\/en\/wp-json\/wp\/v2\/users\/8"}],"replies":[{"embeddable":true,"href":"https:\/\/marinacoruna.es\/en\/wp-json\/wp\/v2\/comments?post=3756"}],"version-history":[{"count":38,"href":"https:\/\/marinacoruna.es\/en\/wp-json\/wp\/v2\/pages\/3756\/revisions"}],"predecessor-version":[{"id":6928,"href":"https:\/\/marinacoruna.es\/en\/wp-json\/wp\/v2\/pages\/3756\/revisions\/6928"}],"wp:attachment":[{"href":"https:\/\/marinacoruna.es\/en\/wp-json\/wp\/v2\/media?parent=3756"}],"curies":[{"name":"wp","href":"https:\/\/api.w.org\/{rel}","templated":true}]}}